{"id":1371,"date":"2020-11-23T12:11:16","date_gmt":"2020-11-23T11:11:16","guid":{"rendered":"http:\/\/www.sedyne.es\/?page_id=1371\/"},"modified":"2022-02-24T13:14:48","modified_gmt":"2022-02-24T12:14:48","slug":"congreso-2020","status":"publish","type":"page","link":"https:\/\/www.sedyne.es\/es\/congreso\/congreso-2020\/","title":{"rendered":"Congreso 2020"},"content":{"rendered":"<h2><strong>XXII Congreso<\/strong>\u00a0de la Sociedad de Endocrinolog\u00eda, Diabetes y Nutrici\u00f3n de Euskadi<\/h2>\n<p><strong>Donostia-San Sebasti\u00e1n, Palacio Miramar.<\/strong><\/p>\n<h6><strong>6 de Marzo de 2020<\/strong><\/h6>\n<h3><a href=\"\/es\/congreso\/congreso-2020\/presentacion\/\">Presentaci\u00f3n<\/a><\/h3>\n<h3><a href=\"\/es\/congreso\/congreso-2020\/programa\/\">Programa<\/a><\/h3>\n<h3><a href=\"\/es\/congreso\/congreso-2020\/inscripciones\/\">Inscripciones<\/a><\/h3>\n<h3><a href=\"\/es\/congreso\/congreso-2020\/comunicaciones\/\">Comunicaciones<\/a><\/h3>\n","protected":false},"excerpt":{"rendered":"<p>XXII Congreso\u00a0de la Sociedad de Endocrinolog\u00eda, Diabetes y Nutrici\u00f3n de Euskadi Donostia-San Sebasti\u00e1n, Palacio Miramar. 6 de Marzo de 2020 Presentaci\u00f3n Programa Inscripciones Comunicaciones<\/p>\n","protected":false},"author":120,"featured_media":0,"parent":61,"menu_order":0,"comment_status":"closed","ping_status":"closed","template":"","meta":{"footnotes":""},"class_list":["post-1371","page","type-page","status-publish","hentry"],"_links":{"self":[{"href":"https:\/\/www.sedyne.es\/es\/wp-json\/wp\/v2\/pages\/1371","targetHints":{"allow":["GET"]}}],"collection":[{"href":"https:\/\/www.sedyne.es\/es\/wp-json\/wp\/v2\/pages"}],"about":[{"href":"https:\/\/www.sedyne.es\/es\/wp-json\/wp\/v2\/types\/page"}],"author":[{"embeddable":true,"href":"https:\/\/www.sedyne.es\/es\/wp-json\/wp\/v2\/users\/120"}],"replies":[{"embeddable":true,"href":"https:\/\/www.sedyne.es\/es\/wp-json\/wp\/v2\/comments?post=1371"}],"version-history":[{"count":4,"href":"https:\/\/www.sedyne.es\/es\/wp-json\/wp\/v2\/pages\/1371\/revisions"}],"predecessor-version":[{"id":1769,"href":"https:\/\/www.sedyne.es\/es\/wp-json\/wp\/v2\/pages\/1371\/revisions\/1769"}],"up":[{"embeddable":true,"href":"https:\/\/www.sedyne.es\/es\/wp-json\/wp\/v2\/pages\/61"}],"wp:attachment":[{"href":"https:\/\/www.sedyne.es\/es\/wp-json\/wp\/v2\/media?parent=1371"}],"curies":[{"name":"wp","href":"https:\/\/api.w.org\/{rel}","templated":true}]}}