{"id":1734,"date":"2022-02-24T10:49:09","date_gmt":"2022-02-24T09:49:09","guid":{"rendered":"https:\/\/www.sedyne.es\/?page_id=1734\/"},"modified":"2022-02-24T10:49:26","modified_gmt":"2022-02-24T09:49:26","slug":"presentacion","status":"publish","type":"page","link":"https:\/\/www.sedyne.es\/es\/congreso\/congreso-2021\/presentacion\/","title":{"rendered":"Presentaci\u00f3n 2021"},"content":{"rendered":"<h2><strong>XXII Congreso<\/strong> de la Sociedad de Endocrinolog\u00eda, Diabetes y Nutrici\u00f3n de Euskadi<\/h2>\n<p><strong>Donostia-San Sebasti\u00e1n. <\/strong><\/p>\n<h6><strong>7 de Mayo de 2021<\/strong><\/h6>\n<p>&nbsp;<\/p>\n<p>Estimad@s soci@s y amig@s,<\/p>\n<p>Acogiendo el encargo realizado por la Junta Directiva de la SEDyNE hemos planteado la realizaci\u00f3n de nuestro congreso anual el pr\u00f3ximo d\u00eda 7 de mayo viernes.<\/p>\n<p>De esta manera daremos continuidad al Congreso anual de la SEDyNE, que como recordar\u00e9is, el pasado a\u00f1o, en el ultimo momento, no pudo llevarse a cabo dadas las circunstancias del comienzo de la pandemia COVID-19.<\/p>\n<p>Esperamos con ilusi\u00f3n poder realizar nuestra reuni\u00f3n anual en dicha fecha y contamos con la colaboraci\u00f3n de los mismos ponentes que figuraban en el programa del a\u00f1o pasado.<\/p>\n<p>De esta manera realizaremos un acto cient\u00edfico similar seg\u00fan el programa preliminar que os adjunto.<\/p>\n<p>Aunque estamos pendientes de concretar algunas cuestiones t\u00e9cnicas, en principio, se realizar\u00e1 \u201con line\u201d, que parece el formato m\u00e1s apropiado, para evitar la asistencia presencial y a la vez hacer posible la participaci\u00f3n de todos los interesados.<\/p>\n<p>Queremos agradecer la excelente disposici\u00f3n de los ponentes y moderadores y en fechas pr\u00f3ximas iremos concretando algunos detalles m\u00e1s.<\/p>\n<p>Se mantendr\u00e1 el importe de la cuota de inscripci\u00f3n del congreso previo.<\/p>\n<p>Se ha pensado realizar el congreso, en un horario m\u00e1s reducido, en \u00a0jornada de ma\u00f1ana, de 9:00 a 14:30 aproximadamente.<\/p>\n<p>L\u00f3gicamente las intervenciones estar\u00e1n m\u00e1s ajustadas en el tiempo y hemos reducido significativamente el horario dedicado a comunicaciones, de manera que solo se expondr\u00e1n las comunicaciones premiadas por el Comit\u00e9 Cient\u00edfico. La fecha l\u00edmite para env\u00edo de res\u00famenes de comunicaciones ser\u00e1 el 29 de marzo de 2021.<\/p>\n<p>Querr\u00edamos animaros tanto a participar en el Congreso, como a enviar aquellas aportaciones de vuestros trabajos o estudios. Pueden mantenerse las comunicaciones no expuestas del pasado a\u00f1o y que os parezcan oportunas.<\/p>\n<p>Ya de antemano, queremos agradecer la colaboraci\u00f3n de los patrocinadores, que cada a\u00f1o, con sus contribuciones, facilitan y hacen posible esta reuni\u00f3n cient\u00edfica.<\/p>\n<p>Esperamos con ilusi\u00f3n poder reunirnos de nuevo, aunque por las circunstancias, no sea presencialmente como nos gustar\u00eda. En todo caso, ser\u00e1 una entra\u00f1able jornada cient\u00edfica que permitir\u00e1 mantener ese contacto tan necesario entre todos nosotros y dar continuidad a las actividades de nuestra Sociedad.<\/p>\n<p>Ondo izan eta aldez aurretik esker mila zuen laguntzarengatik.<\/p>\n<p style=\"text-align: center;\"><strong>Miguel M\u00aa Goena Iglesias<br \/>\n<\/strong>Batzorde Antolatzailearen Zuzendaria<strong><br \/>\n<\/strong>Presidente del Comit\u00e9 Organizador<\/p>\n<p><a href=\"http:\/\/www.sedyne.es\/es\/congreso\/programa\/2021-logo-congreso-peine\/\" rel=\"attachment wp-att-1603\"><img loading=\"lazy\" decoding=\"async\" class=\"wp-image-1603 aligncenter\" src=\"http:\/\/www.sedyne.es\/wp-content\/uploads\/2017\/10\/2021-logo-Congreso-peine.jpg\" alt=\"\" width=\"147\" height=\"103\" srcset=\"https:\/\/www.sedyne.es\/wp-content\/uploads\/2017\/10\/2021-logo-Congreso-peine.jpg 494w, https:\/\/www.sedyne.es\/wp-content\/uploads\/2017\/10\/2021-logo-Congreso-peine-300x211.jpg 300w\" sizes=\"auto, (max-width: 147px) 100vw, 147px\" \/><\/a><\/p>\n<table>\n<tbody>\n<tr>\n<td style=\"vertical-align: top;\">\n<h3>COMIT\u00c9 ORGANIZADOR<\/h3>\n<p>Presidente:<br \/>\n<strong>Miguel M\u00aa Goena Iglesias<\/strong><\/p>\n<p>Secretaria:<br \/>\n<strong>Maite Aranburu Calafel<\/strong><\/p>\n<p>Tesorero:<br \/>\n<strong>Adolfo Garrido Chercoles<br \/>\n<\/strong><\/p>\n<p>Vocales:<br \/>\n<strong>Ismene Bilbao Garay<br \/>\nNerea Ega\u00f1a Zunzunegui<br \/>\nCristina El\u00edas Ortega<br \/>\nCristina Garc\u00eda Delgado<br \/>\nConcepci\u00f3n Gonz\u00e1lez Villarreal<br \/>\nMiren Intxauspe Lopetegi<br \/>\n<\/strong><strong>Lluis Jordana Pag\u00e9s<br \/>\n<\/strong><strong>Jorge Rojo \u00c1lvaro<br \/>\n<\/strong><strong>Inmaculada Venegas Nebredo<br \/>\n<\/strong><strong>Alfredo Yoldi Arrieta\u00a0<\/strong><\/td>\n<td style=\"vertical-align: top;\">\n<h3>COMIT\u00c9 CIENT\u00cdFICO<\/h3>\n<p>Presidenta:<br \/>\n<strong>Yolanda Garc\u00eda<\/strong><\/p>\n<p>Secretaria:<br \/>\n<strong>R<\/strong><strong>ebeca S\u00e1nchez<\/strong><\/p>\n<p>Vocales:<br \/>\n<strong>Leire Isasa<br \/>\n<\/strong><strong>Marta Camarero<br \/>\n<\/strong><strong>Maite Guim\u00f3n<br \/>\n<\/strong><strong>Josu P\u00e9rez<br \/>\nMiguel M\u00aa Goena<br \/>\n<\/strong><strong>Maite Aranburu <\/strong><\/td>\n<\/tr>\n<\/tbody>\n<\/table>\n<p>&nbsp;<\/p>\n","protected":false},"excerpt":{"rendered":"<p>XXII Congreso de la Sociedad de Endocrinolog\u00eda, Diabetes y Nutrici\u00f3n de Euskadi Donostia-San Sebasti\u00e1n. 7 de Mayo de 2021 &nbsp; Estimad@s soci@s y amig@s, Acogiendo el encargo realizado por la Junta Directiva de la SEDyNE hemos planteado la realizaci\u00f3n de nuestro congreso anual el pr\u00f3ximo d\u00eda 7 de mayo viernes. De esta manera daremos continuidad [&hellip;]<\/p>\n","protected":false},"author":120,"featured_media":0,"parent":1731,"menu_order":0,"comment_status":"closed","ping_status":"closed","template":"","meta":{"footnotes":""},"class_list":["post-1734","page","type-page","status-publish","hentry"],"_links":{"self":[{"href":"https:\/\/www.sedyne.es\/es\/wp-json\/wp\/v2\/pages\/1734","targetHints":{"allow":["GET"]}}],"collection":[{"href":"https:\/\/www.sedyne.es\/es\/wp-json\/wp\/v2\/pages"}],"about":[{"href":"https:\/\/www.sedyne.es\/es\/wp-json\/wp\/v2\/types\/page"}],"author":[{"embeddable":true,"href":"https:\/\/www.sedyne.es\/es\/wp-json\/wp\/v2\/users\/120"}],"replies":[{"embeddable":true,"href":"https:\/\/www.sedyne.es\/es\/wp-json\/wp\/v2\/comments?post=1734"}],"version-history":[{"count":1,"href":"https:\/\/www.sedyne.es\/es\/wp-json\/wp\/v2\/pages\/1734\/revisions"}],"predecessor-version":[{"id":1736,"href":"https:\/\/www.sedyne.es\/es\/wp-json\/wp\/v2\/pages\/1734\/revisions\/1736"}],"up":[{"embeddable":true,"href":"https:\/\/www.sedyne.es\/es\/wp-json\/wp\/v2\/pages\/1731"}],"wp:attachment":[{"href":"https:\/\/www.sedyne.es\/es\/wp-json\/wp\/v2\/media?parent=1734"}],"curies":[{"name":"wp","href":"https:\/\/api.w.org\/{rel}","templated":true}]}}