{"id":1737,"date":"2022-02-24T10:50:06","date_gmt":"2022-02-24T09:50:06","guid":{"rendered":"https:\/\/www.sedyne.es\/?page_id=1737\/"},"modified":"2022-02-24T10:53:40","modified_gmt":"2022-02-24T09:53:40","slug":"programa","status":"publish","type":"page","link":"https:\/\/www.sedyne.es\/es\/congreso\/congreso-2021\/programa\/","title":{"rendered":"Programa 2021"},"content":{"rendered":"<h2><strong>XXII Congreso<\/strong>\u00a0de la Sociedad de Endocrinolog\u00eda, Diabetes\u00a0y Nutrici\u00f3n de Euskadi<\/h2>\n<h4><em>Donostia-San Sebasti\u00e1n<\/em><em><a href=\"http:\/\/www.sedyne.es\/es\/congreso\/programa\/2021-logo-congreso-peine\/\" rel=\"attachment wp-att-1603\"><img loading=\"lazy\" decoding=\"async\" class=\"alignright wp-image-1603\" src=\"http:\/\/www.sedyne.es\/wp-content\/uploads\/2017\/10\/2021-logo-Congreso-peine.jpg\" alt=\"\" width=\"176\" height=\"124\" srcset=\"https:\/\/www.sedyne.es\/wp-content\/uploads\/2017\/10\/2021-logo-Congreso-peine.jpg 494w, https:\/\/www.sedyne.es\/wp-content\/uploads\/2017\/10\/2021-logo-Congreso-peine-300x211.jpg 300w\" sizes=\"auto, (max-width: 176px) 100vw, 176px\" \/><\/a><\/em><strong><br \/>\n<\/strong><\/h4>\n<h4><strong>7 de Mayo de 2021<\/strong><\/h4>\n<p>&nbsp;<\/p>\n<table width=\"100%\">\n<tbody>\n<tr>\n<td width=\"18%\"><strong>9:00- 9:15 h.<\/strong><\/td>\n<td>Presentaci\u00f3n.<\/td>\n<td><\/td>\n<\/tr>\n<tr>\n<td>\n<p><strong>9:15-10:00 h.<\/strong><\/p>\n<p>&nbsp;<\/td>\n<td><strong>Conferencia inaugural<span style=\"color: #3366ff;\">.<\/span><span style=\"color: #3366ff;\"><br \/>\n<\/span>Presenta:\u00a0<span style=\"color: #3366ff;\">Dr. Miguel M\u00aa Goena Iglesias doktorea.<\/span><span style=\"color: #3366ff;\"><br \/>\n<\/span><\/strong><strong><em>\u00abAita, guazen Altzora\u00bb.<\/em><\/strong><em>\u00a0<strong>El gigante de Altzo.<br \/>\n<\/strong><\/em><span style=\"color: #3366ff;\"><strong>Prof. Dr.<\/strong>\u00a0<strong>Paco Etxeberria<\/strong>.<\/span> Profesor de Medicina Forense UPV\/EHU.<\/td>\n<td style=\"text-align: right;\"><\/td>\n<\/tr>\n<tr>\n<td><strong>10:15-11:10 h.<\/strong><\/td>\n<td><strong>Mesa Redonda: <em>actualizaciones en Endocrinolog\u00eda.<\/em><br \/>\n<\/strong><\/td>\n<td style=\"text-align: right;\"><\/td>\n<\/tr>\n<tr>\n<td>\n<p>10:15 h.<\/p>\n<p>&nbsp;<\/td>\n<td><strong><em>Cuando dar de alta al paciente con CDT.<\/em><\/strong><br \/>\n<span style=\"color: #3366ff;\"><strong>Dr. Juan Carlos Galofr\u00e9\u00a0Ferrater<\/strong>.<\/span> Consultor de Endocrinolog\u00eda de la Cl\u00ednica Universidad de Navarra. Profesor Titular de Medicina.<\/td>\n<td><\/td>\n<\/tr>\n<tr>\n<td>\n<p>10:35 h.<\/p>\n<p>&nbsp;<\/td>\n<td><strong><em>Pautas para la inducci\u00f3n y maduraci\u00f3n de la pubertad en el hipogonadismo infantil.<\/em><\/strong><br \/>\n<span style=\"color: #3366ff;\"><strong>Dra. Amaia Vela Desojo<\/strong>.<\/span>\u00a0 M\u00e9dico Adjunto de Endocrinolog\u00eda Infantil. Servicio de Pediatr\u00eda. \u00a0Hospital Universitario de Cruces.\u00a0 OSI Ezkerraldea-Enkarterri-Cruces.<\/td>\n<td><\/td>\n<\/tr>\n<tr>\n<td>10:55 h.<\/td>\n<td><strong><em>Discusi\u00f3n.<\/em><\/strong><\/td>\n<td style=\"text-align: right;\"><\/td>\n<\/tr>\n<tr>\n<td><strong>10:15-11:10 h.<\/strong><\/td>\n<td><strong><span style=\"color: #ff9900;\">Primera Sesi\u00f3n de Educaci\u00f3n Diabetol\u00f3gica (Para Educadores)<\/span><em><span style=\"color: #ff9900;\">.<\/span><br \/>\n<\/em><\/strong><\/td>\n<td style=\"text-align: right;\"><\/td>\n<\/tr>\n<tr>\n<td><\/td>\n<td><strong><em>\u00bfY si mi paciente con diabetes es vegetariano?<\/em><\/strong><br \/>\n<span style=\"color: #3366ff;\"><strong>Sra. D\u00f1a. Oihana Monasterio Jim\u00e9nez<\/strong>.<\/span> Dietista-Nutricionista. Servicio de Endocrinolog\u00eda y Nutrici\u00f3n. Hospital Universitario Basurto.\u00a0 OSI Bilbao-Basurto.<\/td>\n<td><\/td>\n<\/tr>\n<tr>\n<td><strong>11:10-11:25 h.<\/strong><\/td>\n<td><strong><em>Descanso.<\/em><\/strong><\/td>\n<td style=\"text-align: right;\"><\/td>\n<\/tr>\n<tr>\n<td><strong>11:25-12:15 h.<\/strong><\/td>\n<td><strong><em>Actualizaciones en Diabetes\/Nutrici\u00f3n<\/em> <span style=\"color: #ff9900;\">(En com\u00fan con Educadores).<\/span><br \/>\n<\/strong><\/td>\n<td style=\"text-align: right;\"><\/td>\n<\/tr>\n<tr>\n<td>\n<p>11:25 h.<\/p>\n<p>&nbsp;<\/td>\n<td><strong><em>Nutrici\u00f3n enteral en hiperglucemia.<br \/>\n<\/em><\/strong><span style=\"color: #3366ff;\"><strong>Dr. Alejandro Sanz Paris<\/strong><\/span><strong><span style=\"color: #3366ff;\">.<\/span>\u00a0<\/strong>Jefe de Secci\u00f3n de Endocrinolog\u00eda y Nutrici\u00f3n. Unidad de Nutrici\u00f3n y Diet\u00e9tica. Hospital Universitario Miguel Servet de Zaragoza.<\/td>\n<td style=\"text-align: right;\"><\/td>\n<\/tr>\n<tr>\n<td>11:45 h.<\/p>\n<h6><\/h6>\n<h6><\/h6>\n<\/td>\n<td><strong><em>HBA1c: conceptos actuales y estandarizaci\u00f3n de las metodolog\u00edas.<br \/>\n<\/em><\/strong><span style=\"color: #3366ff;\"><strong>Dr. Adolfo Garrido Chercoles<\/strong><\/span><strong><span style=\"color: #3366ff;\">.<\/span><em>\u00a0<\/em><\/strong>Jefe de Servicio de An\u00e1lisis Cl\u00ednicos. Laboratorio Cl\u00ednico. Hospital Universitario Donostia.\u00a0 OSI Donostialdea.<\/td>\n<td><\/td>\n<\/tr>\n<tr>\n<td>12:05 h.<\/td>\n<td><strong><em>Discusi\u00f3n.<\/em><\/strong><\/td>\n<td><\/td>\n<\/tr>\n<tr>\n<td><strong>12:15-12:45 h.<\/strong><\/td>\n<td><strong><em>Comunicaciones Orales Premiadas.<\/em><br \/>\n<\/strong><\/td>\n<td style=\"text-align: right;\"><\/td>\n<\/tr>\n<tr>\n<td><strong>12:45-14:00 h.<\/strong><\/td>\n<td><strong>Mesa redonda:\u00a0<em> actualizaciones en Endocrinolog\u00eda<\/em>.<\/strong><\/td>\n<td style=\"text-align: right;\"><\/td>\n<\/tr>\n<tr>\n<td>\n<p>12:45 h.<\/p>\n<p>&nbsp;<\/p>\n<h6><\/h6>\n<\/td>\n<td><strong><em>Esteatosis hep\u00e1tica grasa no alcoh\u00f3lica (EHGNA): hacia un manejo multidisciplinar.<br \/>\n<\/em><\/strong><span style=\"color: #3366ff;\"><strong>Dra. Ylenia P\u00e9rez Casta\u00f1o<\/strong><\/span><strong><span style=\"color: #3366ff;\">.<\/span><em>\u00a0<\/em><\/strong>Especialista Aparato Digestivo. Hospital Universitario Donostia. OSI Donostialdea.<\/td>\n<td><\/td>\n<\/tr>\n<tr>\n<td>\n<p>13:05 h.<\/p>\n<p>&nbsp;<\/p>\n<h6><\/h6>\n<\/td>\n<td><strong><em>Aspectos psicol\u00f3gicos en la cirug\u00eda bari\u00e1trica.<br \/>\n<\/em><\/strong><span style=\"color: #3366ff;\"><strong>Sr. D. Xabier Arrazola Etxeberria<\/strong><strong>.<em>\u00a0<\/em><\/strong><\/span>Psic\u00f3logo especialista en Psicolog\u00eda Cl\u00ednica. \u00a0Servicio de Psiquiatr\u00eda.\u00a0 Hospital Universitario Donostia. OSI Donostialdea.<\/td>\n<td><\/td>\n<\/tr>\n<tr>\n<td>\n<p>13:25 h.<\/p>\n<p>&nbsp;<\/p>\n<h6><\/h6>\n<\/td>\n<td><strong><em>Perspectivas actuales y futuras en el tratamiento farmacol\u00f3gico del s\u00edndrome de Cushing.<br \/>\n<\/em><\/strong><strong><span style=\"color: #3366ff;\">Dr. Javier Salvador Rodr\u00edguez.<\/span><em>\u00a0<\/em><\/strong>Consultor y Profesor Titular de Endocrinolog\u00eda.\u00a0 Cl\u00ednica Universidad de Navarra.<\/td>\n<td><\/td>\n<\/tr>\n<tr>\n<td>13:45 h.<\/td>\n<td><strong><em>Discusi\u00f3n.<\/em><\/strong><\/td>\n<td style=\"text-align: right;\"><\/td>\n<\/tr>\n<tr>\n<td><strong>12:45-14:00 h.<\/strong><\/td>\n<td><strong><span style=\"color: #ff9900;\">Segunda Sesi\u00f3n de Educaci\u00f3n Diabetol\u00f3gica (Para Educadores).<\/span><br \/>\n<\/strong><\/td>\n<td style=\"text-align: right;\"><\/td>\n<\/tr>\n<tr>\n<td>12:45 h.<\/td>\n<td><strong><em>Ventajas y limitaciones del sistema de monitorizaci\u00f3n de glucosa intersticial flash.<br \/>\n<\/em><\/strong><span style=\"color: #3366ff;\"><strong>Dra. Estibaliz Ugarte Abasolo.\u00a0<\/strong><\/span>Especialista de Endocrinolog\u00eda y Nutrici\u00f3n.\u00a0 Hospital Universitario de Basurto.\u00a0 OSI Bilbao-Basurto.<\/td>\n<td style=\"text-align: right;\"><\/td>\n<\/tr>\n<tr>\n<td>13:15 h.<\/td>\n<td><strong><em>Programa para el uso del sistema flash de glucosa en el Hospital de Galdakao.<br \/>\n<\/em><\/strong><span style=\"color: #3366ff;\"><strong>Sra. D\u00f1a. Marta Camarero Erdoiza<\/strong>.\u00a0<\/span> Enfermera Educadora. Hospital Galdakao Usansolo. OSI Barrualde-Galdakao.<\/td>\n<td><\/td>\n<\/tr>\n<tr>\n<td><\/td>\n<td><span style=\"color: #3366ff;\"><strong>Sra. D\u00f1a. Itziar Landajo Chamorro<\/strong><\/span><strong><span style=\"color: #3366ff;\">.<\/span>\u00a0<\/strong>\u00a0Enfermera Educadora (jubilada). Hospital Galdakao Usansolo. OSI Barrualde-Galdakao<\/td>\n<td><\/td>\n<\/tr>\n<tr>\n<td>13:45 h.<\/td>\n<td><strong><em>Discusi\u00f3n.<\/em><\/strong><\/td>\n<td><\/td>\n<\/tr>\n<tr>\n<td><strong>14:00-14:30 h.<\/strong><\/td>\n<td><strong>Asamblea SEDYNE.<\/strong><\/td>\n<td style=\"text-align: right;\"><\/td>\n<\/tr>\n<\/tbody>\n<\/table>\n<p>&nbsp;<\/p>\n<p>Este Congreso ha sido validado por\u00a0<strong>FENIN<\/strong>,\u00a0<em>Federaci\u00f3n Espa\u00f1ola de Empresas de Tecnolog\u00eda Sanitaria<\/em>.\u00a0\u00a0<a href=\"https:\/\/fenincodigoetico.org\/evento\/xxii-congreso-de-la-sociedad-de-endocrinologia-diabetes-y-nutricion-de-euskadi\/\">Consultar c\u00f3digo \u00e9tico favorable FENIN<\/a>.<\/p>\n<p>&nbsp;<\/p>\n<h4 style=\"text-align: center;\"><strong>PATROCINADORES Y COLABORADORES DEL\u00a0<\/strong><strong>CONGRESO<\/strong><\/h4>\n<table>\n<tbody>\n<tr>\n<td><img loading=\"lazy\" decoding=\"async\" class=\"wp-image-330 alignleft\" src=\"http:\/\/www.sedyne.es\/wp-content\/uploads\/2016\/09\/Abbott-e1486639403476.jpg\" alt=\"\" width=\"123\" height=\"47\" srcset=\"https:\/\/www.sedyne.es\/wp-content\/uploads\/2016\/09\/Abbott-e1486639403476.jpg 1067w, https:\/\/www.sedyne.es\/wp-content\/uploads\/2016\/09\/Abbott-e1486639403476-300x115.jpg 300w, https:\/\/www.sedyne.es\/wp-content\/uploads\/2016\/09\/Abbott-e1486639403476-768x295.jpg 768w, https:\/\/www.sedyne.es\/wp-content\/uploads\/2016\/09\/Abbott-e1486639403476-1024x393.jpg 1024w, https:\/\/www.sedyne.es\/wp-content\/uploads\/2016\/09\/Abbott-e1486639403476-640x246.jpg 640w, https:\/\/www.sedyne.es\/wp-content\/uploads\/2016\/09\/Abbott-e1486639403476-681x262.jpg 681w\" sizes=\"auto, (max-width: 123px) 100vw, 123px\" \/><\/td>\n<td><a href=\"http:\/\/www.sedyne.es\/es\/congreso\/marzo-2017\/programa\/print\/\" rel=\"attachment wp-att-298\"><img loading=\"lazy\" decoding=\"async\" class=\"wp-image-298 aligncenter\" src=\"http:\/\/www.sedyne.es\/wp-content\/uploads\/2016\/09\/AZ_RGB_H_COL-e1486639511139.jpg\" alt=\"\" width=\"148\" height=\"38\" srcset=\"https:\/\/www.sedyne.es\/wp-content\/uploads\/2016\/09\/AZ_RGB_H_COL-e1486639511139.jpg 1221w, https:\/\/www.sedyne.es\/wp-content\/uploads\/2016\/09\/AZ_RGB_H_COL-e1486639511139-300x78.jpg 300w, https:\/\/www.sedyne.es\/wp-content\/uploads\/2016\/09\/AZ_RGB_H_COL-e1486639511139-768x199.jpg 768w, https:\/\/www.sedyne.es\/wp-content\/uploads\/2016\/09\/AZ_RGB_H_COL-e1486639511139-1024x265.jpg 1024w, https:\/\/www.sedyne.es\/wp-content\/uploads\/2016\/09\/AZ_RGB_H_COL-e1486639511139-640x166.jpg 640w, https:\/\/www.sedyne.es\/wp-content\/uploads\/2016\/09\/AZ_RGB_H_COL-e1486639511139-681x176.jpg 681w\" sizes=\"auto, (max-width: 148px) 100vw, 148px\" \/><\/a><\/td>\n<td><a href=\"http:\/\/www.sedyne.es\/es\/congreso\/programa\/print-2\/\" rel=\"attachment wp-att-1599\"><img loading=\"lazy\" decoding=\"async\" class=\"wp-image-1599 alignright\" src=\"http:\/\/www.sedyne.es\/wp-content\/uploads\/2017\/10\/nn_logo_cmyk_blue.jpg\" alt=\"\" width=\"80\" height=\"56\" srcset=\"https:\/\/www.sedyne.es\/wp-content\/uploads\/2017\/10\/nn_logo_cmyk_blue.jpg 598w, https:\/\/www.sedyne.es\/wp-content\/uploads\/2017\/10\/nn_logo_cmyk_blue-300x212.jpg 300w, https:\/\/www.sedyne.es\/wp-content\/uploads\/2017\/10\/nn_logo_cmyk_blue-595x420.jpg 595w\" sizes=\"auto, (max-width: 80px) 100vw, 80px\" \/><\/a><\/td>\n<\/tr>\n<\/tbody>\n<\/table>\n<p>&nbsp;<\/p>\n<hr \/>\n<p>&nbsp;<\/p>\n<table>\n<tbody>\n<tr>\n<td><img loading=\"lazy\" decoding=\"async\" class=\"wp-image-926 aligncenter\" src=\"http:\/\/www.sedyne.es\/wp-content\/uploads\/2017\/10\/Logo-Almirall-e1550150667842.jpg\" alt=\"\" width=\"142\" height=\"61\" srcset=\"https:\/\/www.sedyne.es\/wp-content\/uploads\/2017\/10\/Logo-Almirall-e1550150667842.jpg 582w, https:\/\/www.sedyne.es\/wp-content\/uploads\/2017\/10\/Logo-Almirall-e1550150667842-300x128.jpg 300w\" sizes=\"auto, (max-width: 142px) 100vw, 142px\" \/><\/td>\n<td><img loading=\"lazy\" decoding=\"async\" class=\" wp-image-287 aligncenter\" src=\"http:\/\/www.sedyne.es\/wp-content\/uploads\/2016\/09\/Lilly_Boehringer-e1485519274962.jpeg\" alt=\"\" width=\"154\" height=\"41\" \/><\/td>\n<td><img loading=\"lazy\" decoding=\"async\" class=\"wp-image-583 aligncenter\" src=\"http:\/\/www.sedyne.es\/wp-content\/uploads\/2017\/10\/fresnius-kabi-large-1.png\" alt=\"\" width=\"129\" height=\"85\" srcset=\"https:\/\/www.sedyne.es\/wp-content\/uploads\/2017\/10\/fresnius-kabi-large-1.png 700w, https:\/\/www.sedyne.es\/wp-content\/uploads\/2017\/10\/fresnius-kabi-large-1-300x200.png 300w, https:\/\/www.sedyne.es\/wp-content\/uploads\/2017\/10\/fresnius-kabi-large-1-631x420.png 631w, https:\/\/www.sedyne.es\/wp-content\/uploads\/2017\/10\/fresnius-kabi-large-1-537x360.png 537w, https:\/\/www.sedyne.es\/wp-content\/uploads\/2017\/10\/fresnius-kabi-large-1-640x426.png 640w, https:\/\/www.sedyne.es\/wp-content\/uploads\/2017\/10\/fresnius-kabi-large-1-681x453.png 681w\" sizes=\"auto, (max-width: 129px) 100vw, 129px\" \/><\/td>\n<td><img loading=\"lazy\" decoding=\"async\" class=\"alignnone wp-image-360\" src=\"http:\/\/www.sedyne.es\/wp-content\/uploads\/2016\/09\/IPSEN-azul.jpg\" alt=\"\" width=\"126\" height=\"35\" srcset=\"https:\/\/www.sedyne.es\/wp-content\/uploads\/2016\/09\/IPSEN-azul.jpg 360w, https:\/\/www.sedyne.es\/wp-content\/uploads\/2016\/09\/IPSEN-azul-300x84.jpg 300w\" sizes=\"auto, (max-width: 126px) 100vw, 126px\" \/><\/td>\n<\/tr>\n<tr>\n<td><a href=\"http:\/\/www.sedyne.es\/es\/congreso\/programa\/mundipharma\/\" rel=\"attachment wp-att-1272\"><img loading=\"lazy\" decoding=\"async\" class=\"alignnone wp-image-1272\" src=\"http:\/\/www.sedyne.es\/wp-content\/uploads\/2017\/10\/Mundipharma.jpg\" alt=\"\" width=\"111\" height=\"83\" srcset=\"https:\/\/www.sedyne.es\/wp-content\/uploads\/2017\/10\/Mundipharma-80x60.jpg 80w, https:\/\/www.sedyne.es\/wp-content\/uploads\/2017\/10\/Mundipharma-100x75.jpg 100w, https:\/\/www.sedyne.es\/wp-content\/uploads\/2017\/10\/Mundipharma-180x135.jpg 180w, https:\/\/www.sedyne.es\/wp-content\/uploads\/2017\/10\/Mundipharma-238x178.jpg 238w\" sizes=\"auto, (max-width: 111px) 100vw, 111px\" \/><\/a><\/td>\n<td><img loading=\"lazy\" decoding=\"async\" class=\"wp-image-584 aligncenter\" src=\"http:\/\/www.sedyne.es\/wp-content\/uploads\/2017\/10\/nestle.png\" alt=\"\" width=\"118\" height=\"68\" \/><\/td>\n<td><\/td>\n<td><\/td>\n<\/tr>\n<tr>\n<td><\/td>\n<td><\/td>\n<td><\/td>\n<td><\/td>\n<\/tr>\n<\/tbody>\n<\/table>\n<p>&nbsp;<\/p>\n<table>\n<tbody>\n<tr>\n<td><\/td>\n<td><\/td>\n<td><\/td>\n<\/tr>\n<\/tbody>\n<\/table>\n<p>&nbsp;<\/p>\n<hr \/>\n<p>&nbsp;<\/p>\n<table>\n<tbody>\n<tr>\n<td><\/td>\n<td><\/td>\n<td><\/td>\n<td><\/td>\n<\/tr>\n<tr>\n<td><\/td>\n<td><\/td>\n<td><\/td>\n<td><\/td>\n<\/tr>\n<tr>\n<td><\/td>\n<td><\/td>\n<td><\/td>\n<td><\/td>\n<\/tr>\n<\/tbody>\n<\/table>\n<p>&nbsp;<\/p>\n","protected":false},"excerpt":{"rendered":"<p>XXII Congreso\u00a0de la Sociedad de Endocrinolog\u00eda, Diabetes\u00a0y Nutrici\u00f3n de Euskadi Donostia-San Sebasti\u00e1n 7 de Mayo de 2021 &nbsp; 9:00- 9:15 h. Presentaci\u00f3n. 9:15-10:00 h. &nbsp; Conferencia inaugural. Presenta:\u00a0Dr. Miguel M\u00aa Goena Iglesias doktorea. \u00abAita, guazen Altzora\u00bb.\u00a0El gigante de Altzo. Prof. Dr.\u00a0Paco Etxeberria. Profesor de Medicina Forense UPV\/EHU. 10:15-11:10 h. Mesa Redonda: actualizaciones en Endocrinolog\u00eda. 10:15 [&hellip;]<\/p>\n","protected":false},"author":120,"featured_media":0,"parent":1731,"menu_order":2,"comment_status":"closed","ping_status":"closed","template":"","meta":{"footnotes":""},"class_list":["post-1737","page","type-page","status-publish","hentry"],"_links":{"self":[{"href":"https:\/\/www.sedyne.es\/es\/wp-json\/wp\/v2\/pages\/1737","targetHints":{"allow":["GET"]}}],"collection":[{"href":"https:\/\/www.sedyne.es\/es\/wp-json\/wp\/v2\/pages"}],"about":[{"href":"https:\/\/www.sedyne.es\/es\/wp-json\/wp\/v2\/types\/page"}],"author":[{"embeddable":true,"href":"https:\/\/www.sedyne.es\/es\/wp-json\/wp\/v2\/users\/120"}],"replies":[{"embeddable":true,"href":"https:\/\/www.sedyne.es\/es\/wp-json\/wp\/v2\/comments?post=1737"}],"version-history":[{"count":1,"href":"https:\/\/www.sedyne.es\/es\/wp-json\/wp\/v2\/pages\/1737\/revisions"}],"predecessor-version":[{"id":1739,"href":"https:\/\/www.sedyne.es\/es\/wp-json\/wp\/v2\/pages\/1737\/revisions\/1739"}],"up":[{"embeddable":true,"href":"https:\/\/www.sedyne.es\/es\/wp-json\/wp\/v2\/pages\/1731"}],"wp:attachment":[{"href":"https:\/\/www.sedyne.es\/es\/wp-json\/wp\/v2\/media?parent=1737"}],"curies":[{"name":"wp","href":"https:\/\/api.w.org\/{rel}","templated":true}]}}