{"id":1743,"date":"2022-02-24T10:51:55","date_gmt":"2022-02-24T09:51:55","guid":{"rendered":"https:\/\/www.sedyne.es\/?page_id=1743\/"},"modified":"2022-02-24T10:57:16","modified_gmt":"2022-02-24T09:57:16","slug":"comunicaciones","status":"publish","type":"page","link":"https:\/\/www.sedyne.es\/es\/congreso\/congreso-2021\/comunicaciones\/","title":{"rendered":"Comunicaciones 2021"},"content":{"rendered":"<p><strong>FECHA L\u00cdMITE DE RECEPCI\u00d3N DE RES\u00daMENES DE COMUNICACIONES:\u00a0 \u00a0 \u00a0<\/strong><strong>29-03-2021<\/strong><\/p>\n<p>TODOS LOS RES\u00daMENES SE PRESENTAR\u00c1N A TRAV\u00c9S DE LA WEB<\/p>\n<ul>\n<li>El resumen debe contener:\u00a0 Introducci\u00f3n, Metodolog\u00eda, Resultados y Conclusiones.<\/li>\n<li>M\u00e1ximo 4000 caracteres (con espacios). Tipo de letra: Arial 11.<\/li>\n<li>Los datos identificativos deben indicarse en el formulario.\u00a0 En ning\u00fan caso deben incluirse en el resumen. <strong>Si los coautores no se registran en el campo habilitado a tal fin dentro del formulario, no aparecer\u00e1n en el libro de comunicaciones y tampoco en los certificados<\/strong>.<\/li>\n<\/ul>\n<h3><a href=\"https:\/\/tisa.teventos.com\/sedyne2021\/es\/mods\/envio-de-comunicaciones\" target=\"_blank\" rel=\"noopener noreferrer\"><strong>ENVIAR RESUMEN<\/strong><\/a><strong>\u00a0<\/strong><\/h3>\n<p><strong>Normas de PRESENTACI\u00d3N de Comunicaciones durante el Congreso:<br \/>\n<\/strong>Solamente se presentar\u00e1n en el congreso las comunicaciones premiadas.<br \/>\nDispondr\u00e1 de 5 minutos para defender cada comunicaci\u00f3n.<br \/>\nPuede utilizar un m\u00e1ximo de 2 diapositivas (pps) para cada comunicaci\u00f3n.<\/p>\n<ul>\n<li>Diapositiva 1 &#8211; Material y m\u00e9todos<\/li>\n<li>Diapositiva 2 &#8211; Resultados y conclusiones<\/li>\n<\/ul>\n<p><strong>HORARIO Y SALA:<\/strong><\/p>\n<p><strong>12:15 &#8211; 12:45 h.<br \/>\n<\/strong><\/p>\n<p>&nbsp;<\/p>\n","protected":false},"excerpt":{"rendered":"<p>FECHA L\u00cdMITE DE RECEPCI\u00d3N DE RES\u00daMENES DE COMUNICACIONES:\u00a0 \u00a0 \u00a029-03-2021 TODOS LOS RES\u00daMENES SE PRESENTAR\u00c1N A TRAV\u00c9S DE LA WEB El resumen debe contener:\u00a0 Introducci\u00f3n, Metodolog\u00eda, Resultados y Conclusiones. M\u00e1ximo 4000 caracteres (con espacios). Tipo de letra: Arial 11. Los datos identificativos deben indicarse en el formulario.\u00a0 En ning\u00fan caso deben incluirse en el resumen. [&hellip;]<\/p>\n","protected":false},"author":120,"featured_media":0,"parent":1731,"menu_order":3,"comment_status":"closed","ping_status":"closed","template":"","meta":{"footnotes":""},"class_list":["post-1743","page","type-page","status-publish","hentry"],"_links":{"self":[{"href":"https:\/\/www.sedyne.es\/es\/wp-json\/wp\/v2\/pages\/1743","targetHints":{"allow":["GET"]}}],"collection":[{"href":"https:\/\/www.sedyne.es\/es\/wp-json\/wp\/v2\/pages"}],"about":[{"href":"https:\/\/www.sedyne.es\/es\/wp-json\/wp\/v2\/types\/page"}],"author":[{"embeddable":true,"href":"https:\/\/www.sedyne.es\/es\/wp-json\/wp\/v2\/users\/120"}],"replies":[{"embeddable":true,"href":"https:\/\/www.sedyne.es\/es\/wp-json\/wp\/v2\/comments?post=1743"}],"version-history":[{"count":1,"href":"https:\/\/www.sedyne.es\/es\/wp-json\/wp\/v2\/pages\/1743\/revisions"}],"predecessor-version":[{"id":1745,"href":"https:\/\/www.sedyne.es\/es\/wp-json\/wp\/v2\/pages\/1743\/revisions\/1745"}],"up":[{"embeddable":true,"href":"https:\/\/www.sedyne.es\/es\/wp-json\/wp\/v2\/pages\/1731"}],"wp:attachment":[{"href":"https:\/\/www.sedyne.es\/es\/wp-json\/wp\/v2\/media?parent=1743"}],"curies":[{"name":"wp","href":"https:\/\/api.w.org\/{rel}","templated":true}]}}