{"id":2362,"date":"2023-10-26T17:13:39","date_gmt":"2023-10-26T16:13:39","guid":{"rendered":"https:\/\/www.sedyne.es\/?page_id=2362\/"},"modified":"2023-10-26T17:18:08","modified_gmt":"2023-10-26T16:18:08","slug":"inscripciones","status":"publish","type":"page","link":"https:\/\/www.sedyne.es\/es\/congreso\/congreso-2023\/inscripciones\/","title":{"rendered":"Inscripciones 2023"},"content":{"rendered":"<h3>Cuotas de inscripci\u00f3n<\/h3>\n<table width=\"90%\">\n<tbody>\n<tr style=\"background-color: #e8e8e8;\">\n<td><\/td>\n<td style=\"text-align: center;\"><strong>Hasta el 20 de enero<\/strong><\/td>\n<td style=\"text-align: center;\"><strong>Despu\u00e9s del 20 de enero<\/strong><\/td>\n<\/tr>\n<tr>\n<td><strong>SOCIO<\/strong><\/td>\n<td style=\"text-align: center;\">170,00 \u20ac<\/td>\n<td style=\"text-align: center;\">220,00 \u20ac<\/td>\n<\/tr>\n<tr>\n<td><strong>NO SOCIO<\/strong><\/td>\n<td style=\"text-align: center;\">220,00 \u20ac<\/td>\n<td style=\"text-align: center;\">270,00 \u20ac<\/td>\n<\/tr>\n<tr>\n<td><strong>MIR y BECARIO<\/strong><\/td>\n<td style=\"text-align: center;\">80,00 \u20ac<\/td>\n<td style=\"text-align: center;\">100,00 \u20ac<\/td>\n<\/tr>\n<tr>\n<td><strong>SOCIO SEDYNE JUBILADO<br \/>\n<\/strong><\/td>\n<td style=\"text-align: center;\">0 \u20ac<\/td>\n<td style=\"text-align: center;\">0 \u20ac<\/td>\n<\/tr>\n<\/tbody>\n<\/table>\n<h3><strong><br \/>\n<a href=\"https:\/\/tisa.teventos.com\/sedyne23\/es\/mods\/formulario-de-inscripcion\" target=\"_blank\" rel=\"noopener noreferrer\">REALIZAR INSCRIPCI\u00d3N<\/a><\/strong><\/h3>\n<p><strong>Forma de Pago<br \/>\n<\/strong>Transferencia a:<br \/>\nSociedad de Endocrinolog\u00eda, Diabetes y Nutrici\u00f3n de Euskadi &#8211; SEDyNE<br \/>\nCaja Laboral \u2013 N\u00ba Cta.: IBAN \u2013 ES 48 3035 0095 92 0950040501<\/p>\n<p><strong>Observaciones<br \/>\n<\/strong>Enviar el justificante de pago a: <a href=\"mailto:sedyne@tisasa.es\">sedyne@tisasa.es<\/a><br \/>\nLa inscripci\u00f3n ser\u00e1 registrada una vez recibido el correspondiente justificante de pago.<\/p>\n<p><strong>Secretar\u00eda<br \/>\n<\/strong>Tisa Congresos &#8211; Tel. \u00a0944 243 997\u00a0\u00a0<a href=\"mailto:sedyne@tisasa.es\">sedyne@tisasa.es<\/a><\/p>\n","protected":false},"excerpt":{"rendered":"<p>Cuotas de inscripci\u00f3n Hasta el 20 de enero Despu\u00e9s del 20 de enero SOCIO 170,00 \u20ac 220,00 \u20ac NO SOCIO 220,00 \u20ac 270,00 \u20ac MIR y BECARIO 80,00 \u20ac 100,00 \u20ac SOCIO SEDYNE JUBILADO 0 \u20ac 0 \u20ac REALIZAR INSCRIPCI\u00d3N Forma de Pago Transferencia a: Sociedad de Endocrinolog\u00eda, Diabetes y Nutrici\u00f3n de Euskadi &#8211; SEDyNE [&hellip;]<\/p>\n","protected":false},"author":120,"featured_media":0,"parent":2353,"menu_order":3,"comment_status":"closed","ping_status":"closed","template":"","meta":{"footnotes":""},"class_list":["post-2362","page","type-page","status-publish","hentry"],"_links":{"self":[{"href":"https:\/\/www.sedyne.es\/es\/wp-json\/wp\/v2\/pages\/2362","targetHints":{"allow":["GET"]}}],"collection":[{"href":"https:\/\/www.sedyne.es\/es\/wp-json\/wp\/v2\/pages"}],"about":[{"href":"https:\/\/www.sedyne.es\/es\/wp-json\/wp\/v2\/types\/page"}],"author":[{"embeddable":true,"href":"https:\/\/www.sedyne.es\/es\/wp-json\/wp\/v2\/users\/120"}],"replies":[{"embeddable":true,"href":"https:\/\/www.sedyne.es\/es\/wp-json\/wp\/v2\/comments?post=2362"}],"version-history":[{"count":1,"href":"https:\/\/www.sedyne.es\/es\/wp-json\/wp\/v2\/pages\/2362\/revisions"}],"predecessor-version":[{"id":2364,"href":"https:\/\/www.sedyne.es\/es\/wp-json\/wp\/v2\/pages\/2362\/revisions\/2364"}],"up":[{"embeddable":true,"href":"https:\/\/www.sedyne.es\/es\/wp-json\/wp\/v2\/pages\/2353"}],"wp:attachment":[{"href":"https:\/\/www.sedyne.es\/es\/wp-json\/wp\/v2\/media?parent=2362"}],"curies":[{"name":"wp","href":"https:\/\/api.w.org\/{rel}","templated":true}]}}