{"id":3435,"date":"2025-10-13T17:04:11","date_gmt":"2025-10-13T16:04:11","guid":{"rendered":"https:\/\/www.sedyne.es\/?page_id=3435"},"modified":"2025-12-11T10:30:21","modified_gmt":"2025-12-11T09:30:21","slug":"presentacion-y-comites","status":"publish","type":"page","link":"https:\/\/www.sedyne.es\/es\/congreso\/congreso-2025\/presentacion-y-comites\/","title":{"rendered":"Presentaci\u00f3n y comit\u00e9s 2025"},"content":{"rendered":"<h2><strong>XXVI Congreso<\/strong> de la Sociedad de Endocrinolog\u00eda, Diabetes y Nutrici\u00f3n de Euskadi<\/h2>\n<h6><strong>Vitoria-Gasteiz,\u00a0<\/strong><strong>14 de Marzo de 2025.<\/strong><\/h6>\n<p>&nbsp;<\/p>\n<p>Estimad@s soci@s y amig@s,<\/p>\n<p>Cumpliendo el encargo de la Junta Directiva de la Sociedad de Endocrinolog\u00eda, Diabetes y Nutrici\u00f3n de Euskadi (SEDyNE) nos disponemos a organizar su Congreso anual, que ser\u00e1 el XXVI Congreso y que tendr\u00e1 lugar el pr\u00f3ximo d\u00eda <strong>14 de marzo de 2025 <\/strong>en el Palacio de Congresos Europa, Vitoria-Gasteiz.<\/p>\n<p>Este Congreso siempre ha sido el punto de reuni\u00f3n de todos los que trabajamos en los diferentes campos de la Endocrinolog\u00eda y Nutrici\u00f3n en el Pa\u00eds Vasco. En \u00e9l podemos compartir nuestras experiencias profesionales, reencontrarnos con antiguos conocidos e introducir a las nuevas generaciones de endocrin\u00f3logos en nuestra \u00e1rea de conocimiento.<\/p>\n<p>Para seguir cumpliendo con estos objetivos hemos desarrollado un programa siguiendo las directrices de previos congresos. El congreso se celebra un \u00fanico d\u00eda para facilitar la m\u00e1xima asistencia al mismo, en sesiones de ma\u00f1ana y tarde, combinando conferencias magistrales y mesas redondas, tanto comunes para todos los asistentes al congreso, como simult\u00e1neas para cubrir los distintos perfiles profesionales de nuestros socios. Igualmente se reserva un espacio para presentaci\u00f3n de los trabajos cient\u00edficos elaborados por los miembros de SEDyNE.<\/p>\n<p>No se nos puede olvidar manifestar nuestro agradecimiento a los patrocinadores, que cada a\u00f1o, con sus contribuciones, facilitan y hacen posible esta reuni\u00f3n cient\u00edfica.<\/p>\n<p>Esperamos que el programa que hemos elaborado con nuestra mayor ilusi\u00f3n os resulte atractivo y volvamos a reunirnos toda la Endocrinolog\u00eda y Nutrici\u00f3n de nuestro pa\u00eds..<\/p>\n<p>&nbsp;<\/p>\n<p style=\"text-align: center;\"><strong>Maider S\u00e1nchez Goitia<br \/>\n<\/strong>Presidenta del Comit\u00e9 Organizador<\/p>\n<table>\n<tbody>\n<tr>\n<td style=\"vertical-align: top;\">\n<h3>COMIT\u00c9 ORGANIZADOR<\/h3>\n<p>Presidenta:<br \/>\n<strong>Maider S\u00e1nchez Goitia<\/strong><\/p>\n<p>Secretaria:<br \/>\n<strong>Leire Agea Diaz\u00a0<\/strong><\/p>\n<p>Tesorera:<br \/>\n<strong>Clara Fuentes G\u00f3mez<br \/>\n<\/strong><\/p>\n<p>Vocales:<br \/>\n<strong>Victor De Diego Sola <\/strong><br \/>\n<strong>Laura Fragueiro Manzano<br \/>\nBego\u00f1a Gonz\u00e1lez Abasolo<\/strong><br \/>\n<strong>Natalia Gonz\u00e1lez Cabreras<br \/>\nMikel Gonz\u00e1lez Fern\u00e1ndez<br \/>\nSheila Gonz\u00e1lez Gonz\u00e1lez <\/strong><br \/>\n<strong>Rafael Mic\u00f3 Cucart<\/strong><br \/>\n<strong>Octavio P\u00e9rez Alonso<br \/>\nLeire P\u00e9rez Garc\u00eda<br \/>\nBeatriz P\u00e9rez Ruiz<br \/>\nIdoya S\u00e1ez de Argando\u00f1a<\/strong><br \/>\n<strong>Mar\u00eda Vega Blanco<br \/>\nM.\u00c1ngeles Vicente Vicente<\/strong><br \/>\n<strong>Clara Zaspe Zabalza<\/strong><br \/>\n<strong>Marta Zorzano Mart\u00ednez<br \/>\n<\/strong><\/p>\n<p><strong>\u00a0<\/strong><\/p>\n<p>&nbsp;<\/p>\n<p>&nbsp;<\/td>\n<td style=\"vertical-align: top;\">\n<h3>COMIT\u00c9 CIENT\u00cdFICO<\/h3>\n<p>Presidenta:<br \/>\n<strong>Yolanda Garc\u00eda Fern\u00e1ndez<\/strong><\/p>\n<p>Secretaria:<br \/>\n<strong>M\u00aa Carmen Fern\u00e1ndez L\u00f3pez<\/strong><\/p>\n<p>Vocales:<strong><br \/>\n<\/strong><strong>Leire Agea D\u00edaz<\/strong><br \/>\n<strong>Marta Camarero Erdoiza<\/strong><br \/>\n<strong>Clara Fuentes G\u00f3mez<\/strong><br \/>\n<strong>Maite Guim\u00f3n Bardesi<\/strong><br \/>\n<strong>Josu P\u00e9rez Y\u00e9boles<\/strong><br \/>\n<strong>Maider S\u00e1nchez Goitia<\/strong><br \/>\n<strong>Sara Valle Rodriguez-Navas<\/strong><\/td>\n<\/tr>\n<\/tbody>\n<\/table>\n<p>&nbsp;<\/p>\n","protected":false},"excerpt":{"rendered":"<p>XXVI Congreso de la Sociedad de Endocrinolog\u00eda, Diabetes y Nutrici\u00f3n de Euskadi Vitoria-Gasteiz,\u00a014 de Marzo de 2025. &nbsp; Estimad@s soci@s y amig@s, Cumpliendo el encargo de la Junta Directiva de la Sociedad de Endocrinolog\u00eda, Diabetes y Nutrici\u00f3n de Euskadi (SEDyNE) nos disponemos a organizar su Congreso anual, que ser\u00e1 el XXVI Congreso y que tendr\u00e1 [&hellip;]<\/p>\n","protected":false},"author":120,"featured_media":0,"parent":3432,"menu_order":1,"comment_status":"closed","ping_status":"closed","template":"","meta":{"footnotes":""},"class_list":["post-3435","page","type-page","status-publish","hentry"],"_links":{"self":[{"href":"https:\/\/www.sedyne.es\/es\/wp-json\/wp\/v2\/pages\/3435","targetHints":{"allow":["GET"]}}],"collection":[{"href":"https:\/\/www.sedyne.es\/es\/wp-json\/wp\/v2\/pages"}],"about":[{"href":"https:\/\/www.sedyne.es\/es\/wp-json\/wp\/v2\/types\/page"}],"author":[{"embeddable":true,"href":"https:\/\/www.sedyne.es\/es\/wp-json\/wp\/v2\/users\/120"}],"replies":[{"embeddable":true,"href":"https:\/\/www.sedyne.es\/es\/wp-json\/wp\/v2\/comments?post=3435"}],"version-history":[{"count":6,"href":"https:\/\/www.sedyne.es\/es\/wp-json\/wp\/v2\/pages\/3435\/revisions"}],"predecessor-version":[{"id":3553,"href":"https:\/\/www.sedyne.es\/es\/wp-json\/wp\/v2\/pages\/3435\/revisions\/3553"}],"up":[{"embeddable":true,"href":"https:\/\/www.sedyne.es\/es\/wp-json\/wp\/v2\/pages\/3432"}],"wp:attachment":[{"href":"https:\/\/www.sedyne.es\/es\/wp-json\/wp\/v2\/media?parent=3435"}],"curies":[{"name":"wp","href":"https:\/\/api.w.org\/{rel}","templated":true}]}}