{"id":3443,"date":"2025-10-13T17:10:10","date_gmt":"2025-10-13T16:10:10","guid":{"rendered":"https:\/\/www.sedyne.es\/?page_id=3443"},"modified":"2025-10-13T17:19:25","modified_gmt":"2025-10-13T16:19:25","slug":"inscripciones","status":"publish","type":"page","link":"https:\/\/www.sedyne.es\/es\/congreso\/congreso-2025\/inscripciones\/","title":{"rendered":"Inscripciones 2025"},"content":{"rendered":"<h3>Cuotas de inscripci\u00f3n<\/h3>\n<table width=\"90%\">\n<tbody>\n<tr style=\"background-color: #e8e8e8;\">\n<td><\/td>\n<td style=\"text-align: center;\"><strong>Antes del 23 de\u00a0enero<\/strong><\/td>\n<td style=\"text-align: center;\"><b>A partir del 23 de enero<\/b><\/td>\n<\/tr>\n<tr>\n<td><strong>SOCIO<\/strong><\/td>\n<td style=\"text-align: center;\">\u00a0170,00\u20ac<\/td>\n<td style=\"text-align: center;\">220,00\u20ac<\/td>\n<\/tr>\n<tr>\n<td><strong>NO SOCIO<\/strong><\/td>\n<td style=\"text-align: center;\">220,00\u20ac<\/td>\n<td style=\"text-align: center;\">270,00\u20ac<\/td>\n<\/tr>\n<tr>\n<td><strong>MIR y BECARIO<\/strong><\/td>\n<td style=\"text-align: center;\">\u00a080,00\u20ac<\/td>\n<td style=\"text-align: center;\">100,00\u20ac<\/td>\n<\/tr>\n<tr>\n<td><strong>SOCIO SEDYNE JUBILADO<br \/>\n<\/strong><\/td>\n<td style=\"text-align: center;\">0,00\u20ac<\/td>\n<td style=\"text-align: center;\">0,00\u20ac<\/td>\n<\/tr>\n<\/tbody>\n<\/table>\n<h3><strong><a href=\"https:\/\/tisa.teventos.com\/sedyne25\/es\/mods\/formulario-de-inscripcion\" target=\"_blank\" rel=\"noopener noreferrer\">REALIZAR INSCRIPCI\u00d3N<\/a><\/strong><\/h3>\n<p><strong>Forma de Pago<br \/>\n<\/strong>Transferencia a:<br \/>\nSociedad de Endocrinolog\u00eda, Diabetes y Nutrici\u00f3n de Euskadi &#8211; SEDyNE<br \/>\nCaja Laboral \u2013 N\u00ba Cta.: IBAN \u2013 ES 48 3035 0095 92 0950040501<\/p>\n<p><strong>Observaciones<br \/>\n<\/strong>Enviar el justificante de pago a: <a href=\"mailto:sedyne@tisasa.es\">sedyne@tisasa.es<\/a><br \/>\nLa inscripci\u00f3n ser\u00e1 registrada una vez recibido el correspondiente justificante de pago.<\/p>\n<p><strong>Secretar\u00eda<br \/>\n<\/strong>Tisa Congresos &#8211; Tel. \u00a0944 243 997\u00a0\u00a0<a href=\"mailto:sedyne@tisasa.es\">sedyne@tisasa.es<\/a><\/p>\n","protected":false},"excerpt":{"rendered":"<p>Cuotas de inscripci\u00f3n Antes del 23 de\u00a0enero A partir del 23 de enero SOCIO \u00a0170,00\u20ac 220,00\u20ac NO SOCIO 220,00\u20ac 270,00\u20ac MIR y BECARIO \u00a080,00\u20ac 100,00\u20ac SOCIO SEDYNE JUBILADO 0,00\u20ac 0,00\u20ac REALIZAR INSCRIPCI\u00d3N Forma de Pago Transferencia a: Sociedad de Endocrinolog\u00eda, Diabetes y Nutrici\u00f3n de Euskadi &#8211; SEDyNE Caja Laboral \u2013 N\u00ba Cta.: IBAN \u2013 ES [&hellip;]<\/p>\n","protected":false},"author":120,"featured_media":0,"parent":3432,"menu_order":3,"comment_status":"closed","ping_status":"closed","template":"","meta":{"footnotes":""},"class_list":["post-3443","page","type-page","status-publish","hentry"],"_links":{"self":[{"href":"https:\/\/www.sedyne.es\/es\/wp-json\/wp\/v2\/pages\/3443","targetHints":{"allow":["GET"]}}],"collection":[{"href":"https:\/\/www.sedyne.es\/es\/wp-json\/wp\/v2\/pages"}],"about":[{"href":"https:\/\/www.sedyne.es\/es\/wp-json\/wp\/v2\/types\/page"}],"author":[{"embeddable":true,"href":"https:\/\/www.sedyne.es\/es\/wp-json\/wp\/v2\/users\/120"}],"replies":[{"embeddable":true,"href":"https:\/\/www.sedyne.es\/es\/wp-json\/wp\/v2\/comments?post=3443"}],"version-history":[{"count":3,"href":"https:\/\/www.sedyne.es\/es\/wp-json\/wp\/v2\/pages\/3443\/revisions"}],"predecessor-version":[{"id":3464,"href":"https:\/\/www.sedyne.es\/es\/wp-json\/wp\/v2\/pages\/3443\/revisions\/3464"}],"up":[{"embeddable":true,"href":"https:\/\/www.sedyne.es\/es\/wp-json\/wp\/v2\/pages\/3432"}],"wp:attachment":[{"href":"https:\/\/www.sedyne.es\/es\/wp-json\/wp\/v2\/media?parent=3443"}],"curies":[{"name":"wp","href":"https:\/\/api.w.org\/{rel}","templated":true}]}}