{"id":3446,"date":"2025-10-13T17:11:15","date_gmt":"2025-10-13T16:11:15","guid":{"rendered":"https:\/\/www.sedyne.es\/?page_id=3446"},"modified":"2026-02-27T13:07:21","modified_gmt":"2026-02-27T12:07:21","slug":"comunicaciones","status":"publish","type":"page","link":"https:\/\/www.sedyne.es\/es\/congreso\/congreso-2025\/comunicaciones\/","title":{"rendered":"Comunicaciones 2025"},"content":{"rendered":"<p style=\"text-align: justify;\"><strong>Normas de PRESENTACI\u00d3N de Comunicaciones durante el Congreso:<\/strong><\/p>\n<p style=\"text-align: justify;\">Dispondr\u00e1 de 10 minutos para cada comunicaci\u00f3n:\u00a0 7 minutos para presentarla y 3 para preguntas.<\/p>\n<p style=\"text-align: justify;\">Se presentar\u00e1n en sala las <strong>14 comunicaciones<\/strong> consideradas de mayor inter\u00e9s por el Comit\u00e9 Evaluador.<\/p>\n<p style=\"text-align: justify;\">Tanto las comunicaciones seleccionadas, como las no seleccionadas para su presentaci\u00f3n durante el congreso, aparecer\u00e1n publicadas en el libro de comunicaciones y tendr\u00e1n su correspondiente certificado.\u00a0\u00a0Ser\u00e1 requisito indispensable estar inscrito en el congreso.<\/p>\n<hr \/>\n<p style=\"text-align: justify;\"><strong>HORARIO, SALA Y ORDEN DE EXPOSICI\u00d3N de Comunicaciones durante el CONGRESO:<\/strong><\/p>\n<p style=\"text-align: justify;\">12:50 &#8211; 14:00 h.\u00a0 \u00a0Simult\u00e1neamente en salas\u00a0Maria de Maeztu y Barandiaran.<\/p>\n<p style=\"text-align: justify;\"><strong>Recuerde tener su comunicaci\u00f3n previamente cargada en el ordenador de la sala que le corresponde, por favor. Puede hacerlo antes del inicio de las conferencias y en la pausa caf\u00e9.<\/strong><\/p>\n<p><span style=\"color: #339966;\"><strong>12:50 &#8211; 14:00 h.\u00a0Maria de Maeztu<\/strong><\/span><br \/>\n<em><strong>Comunicaciones Orales. Mesa 1<\/strong><\/em><\/p>\n<p><strong>Moderadores:<\/strong><strong>\u00a0\u00a0<\/strong><br \/>\n<span style=\"color: #3366ff;\"><strong>Dra. Estela Elias Mart\u00ednez.\u00a0<\/strong><\/span>Hospital de Bidasoa.<br \/>\n<span style=\"color: #3366ff;\"><strong>D<\/strong><strong>r. Mar\u00eda Magdalena Arteaga Ossa.\u00a0<\/strong><\/span>Hospital\u00a0Alto Deba.<\/p>\n<table width=\"453\">\n<tbody>\n<tr>\n<td width=\"37\"><\/td>\n<td width=\"416\"><em><strong>T\u00edtulo<\/strong><\/em><\/td>\n<\/tr>\n<tr>\n<td width=\"37\">\n<p style=\"text-align: center;\">1<\/p>\n<\/td>\n<td width=\"416\">\u00bfREALMENTE LOS CRITERIOS ECOGR\u00c1FICOS DE EU-TIRAD<sub>S<\/sub>\u00a02023 SUPONEN UN AVANCE RESPECTO A LOS CRITERIOS ACR-TIRAD<sub>S<\/sub>?<\/td>\n<\/tr>\n<tr>\n<td style=\"text-align: center;\" width=\"37\">2<\/td>\n<td width=\"416\">IMPLANTACION DEL CRIBADO NEONATAL DE HIPERPLASIA SUPRARRENAL CONGENITA EN EUSKADI.<\/td>\n<\/tr>\n<tr>\n<td style=\"text-align: center;\" width=\"37\">\u00a03<\/td>\n<td width=\"416\">AN\u00c1LISIS DE CARACTER\u00cdSTICAS CL\u00cdNICAS Y PRON\u00d3STICAS EN PACIENTES CON CARCINOMA ADRENOCORTICAL: ESTUDIO RETROSPECTIVO EN EL HOSPITAL UNIVERSITARIO CRUCES.<\/td>\n<\/tr>\n<tr>\n<td style=\"text-align: center;\" width=\"37\">4<\/td>\n<td width=\"416\">RESPUESTA AL TRATAMIENTO CON AGONISTAS DOPAMIN\u00c9RGICOS EN UNA SERIE DE PROLACTINOMAS TRATADOS EN LA CONSULTA MONOGR\u00c1FICA DE PATOLOG\u00cdA HIPOT\u00c1LAMO HIPOFISARIA.<\/td>\n<\/tr>\n<tr>\n<td style=\"text-align: center;\" width=\"37\">\u00a05<\/td>\n<td width=\"416\">ADENOPAT\u00cdA LATEROCERVICAL COMO PRESENTACI\u00d3N DEL CARCINOMA DIFERENCIADO DE TIROIDES (CDT), \u00bfPEOR QUE SU DETECCI\u00d3N TRAS EL CDT?<\/td>\n<\/tr>\n<tr>\n<td style=\"text-align: center;\" width=\"37\">6<\/td>\n<td width=\"416\">MANEJO DE LOS N\u00d3DULOS TIROIDEOS BETHESDA III Y IV DE LA OSI BARRUALDE-GALDAKAO Y EVALUACI\u00d3N DE LAS CARACTER\u00cdSTICAS ECOGR\u00c1FICAS Y RESULTADOS HISTOL\u00d3GICOS DE LOS INTERVENIDOS.<\/td>\n<\/tr>\n<tr>\n<td style=\"text-align: center;\" width=\"37\">7<\/td>\n<td width=\"416\">TRATAMIENTO CON ABLACI\u00d3N POR RADIOFRECUENCIA DE ADENOPAT\u00cdAS METAST\u00c1SICAS CERVICALES EN C\u00c1NCER DIFERENCIADO DE TIROIDES: EXPERIENCIA EN EL HOSPITAL UNIVERSITARIO DONOSTIA.<\/td>\n<\/tr>\n<\/tbody>\n<\/table>\n<p style=\"text-align: center;\"><strong>____________<\/strong><\/p>\n<p><span style=\"color: #ff9900;\"><strong>12:50 &#8211; 14:00 h.\u00a0\u00a0<\/strong><strong>Sala Barandiaran<\/strong><\/span><br \/>\n<em><strong>Comunicaciones Orales. Mesa 2<\/strong><\/em><\/p>\n<p><strong>Moderadores:\u00a0<\/strong><br \/>\n<span style=\"color: #0000ff;\"><strong>Dra. Miren Badiola <span style=\"color: #0000ff;\">Molinuevo.<\/span><\/strong><\/span> Hospital Universitario Galdakao-Usansolo.<br \/>\n<span style=\"color: #0000ff;\"><strong>Dra.\u00a0Leire Garaizabal Azkue.\u00a0<\/strong><\/span>Hospital Universitario\u00a0Mendaro.<\/p>\n<table width=\"453\">\n<tbody>\n<tr>\n<td width=\"35\"><\/td>\n<td width=\"419\"><strong><em>T\u00edtulo<\/em><\/strong><\/td>\n<\/tr>\n<tr>\n<td width=\"35\">1<\/td>\n<td width=\"419\">ESTUDIO GEN\u00c9TICO EN FEOCROMOCITOMAS.<\/td>\n<\/tr>\n<tr>\n<td width=\"35\">2<\/td>\n<td width=\"419\">EVALUACI\u00d3N DE UNA INTERVENCI\u00d3N EDUCATIVA A ENFERMER\u00cdA EN ATENCION PRIMARIA Y HOSPITALIZACI\u00d3N PARA ACTUALIZAR, MEJORAR Y UNIFICAR CRITERIOS EDUCATIVOS AL PACIENTE INSULINIZADO<\/td>\n<\/tr>\n<tr>\n<td width=\"35\">3<\/td>\n<td width=\"419\">PROGRAMAS DE EDUCACI\u00d3N TERAPU\u00c9TICA EN LAS CONSULTAS DE ENFERMER\u00cdA EN EL SERVICIO DE ENDOCRINOLOG\u00cdA.<\/td>\n<\/tr>\n<tr>\n<td width=\"35\">4<\/td>\n<td width=\"419\">REVISION DEL USO DE TEDUGLUTIDE EN PACIENTES ADULTOS DEL PAIS VASCO CON NUTRICION PARENTERAL DOMICILIARIA.<\/td>\n<\/tr>\n<tr>\n<td width=\"35\">5<\/td>\n<td width=\"419\">REGISTRO DE NUTRICI\u00d3N PARENTERAL DOMICILIARIA EN EL H. U. CRUCES: 19 A\u00d1OS DE HISTORIA.<\/td>\n<\/tr>\n<tr>\n<td width=\"35\">6<\/td>\n<td width=\"419\">\u00a0CIRUG\u00cdA BARI\u00c1TRICA: AN\u00c1LISIS DE RESULTADOS DEL HUA<\/td>\n<\/tr>\n<tr>\n<td width=\"35\">7<\/td>\n<td width=\"419\">RESOLUCI\u00d3N DE AMENORREA EN PACIENTES CON TRASTORNOS DE LA CONDUCTA ALIMENTARIA (TCA): FACTORES PREDICTORES<\/td>\n<\/tr>\n<\/tbody>\n<\/table>\n<p style=\"text-align: center;\">____________<\/p>\n<p style=\"text-align: left;\"><strong>Secretar\u00eda<\/strong><br \/>\nTisa Congresos &#8211; Tel. \u00a0944 243 997\u00a0<a href=\"mailto:sedyne@tisasa.es\">sedyne@tisasa.es<\/a><\/p>\n<p style=\"text-align: center;\">____________<\/p>\n<p><strong>\u00a0<\/strong><\/p>\n","protected":false},"excerpt":{"rendered":"<p>Normas de PRESENTACI\u00d3N de Comunicaciones durante el Congreso: Dispondr\u00e1 de 10 minutos para cada comunicaci\u00f3n:\u00a0 7 minutos para presentarla y 3 para preguntas. Se presentar\u00e1n en sala las 14 comunicaciones consideradas de mayor inter\u00e9s por el Comit\u00e9 Evaluador. Tanto las comunicaciones seleccionadas, como las no seleccionadas para su presentaci\u00f3n durante el congreso, aparecer\u00e1n publicadas en [&hellip;]<\/p>\n","protected":false},"author":120,"featured_media":0,"parent":3432,"menu_order":4,"comment_status":"closed","ping_status":"closed","template":"","meta":{"footnotes":""},"class_list":["post-3446","page","type-page","status-publish","hentry"],"_links":{"self":[{"href":"https:\/\/www.sedyne.es\/es\/wp-json\/wp\/v2\/pages\/3446","targetHints":{"allow":["GET"]}}],"collection":[{"href":"https:\/\/www.sedyne.es\/es\/wp-json\/wp\/v2\/pages"}],"about":[{"href":"https:\/\/www.sedyne.es\/es\/wp-json\/wp\/v2\/types\/page"}],"author":[{"embeddable":true,"href":"https:\/\/www.sedyne.es\/es\/wp-json\/wp\/v2\/users\/120"}],"replies":[{"embeddable":true,"href":"https:\/\/www.sedyne.es\/es\/wp-json\/wp\/v2\/comments?post=3446"}],"version-history":[{"count":4,"href":"https:\/\/www.sedyne.es\/es\/wp-json\/wp\/v2\/pages\/3446\/revisions"}],"predecessor-version":[{"id":3773,"href":"https:\/\/www.sedyne.es\/es\/wp-json\/wp\/v2\/pages\/3446\/revisions\/3773"}],"up":[{"embeddable":true,"href":"https:\/\/www.sedyne.es\/es\/wp-json\/wp\/v2\/pages\/3432"}],"wp:attachment":[{"href":"https:\/\/www.sedyne.es\/es\/wp-json\/wp\/v2\/media?parent=3446"}],"curies":[{"name":"wp","href":"https:\/\/api.w.org\/{rel}","templated":true}]}}