{"id":482,"date":"2017-10-25T19:06:08","date_gmt":"2017-10-25T18:06:08","guid":{"rendered":"http:\/\/www.sedyne.es\/?page_id=482\/"},"modified":"2024-03-21T09:46:26","modified_gmt":"2024-03-21T08:46:26","slug":"comunicaciones","status":"publish","type":"page","link":"https:\/\/www.sedyne.es\/es\/congreso\/congreso-2024\/comunicaciones\/","title":{"rendered":"Comunicaciones"},"content":{"rendered":"<p><strong>FECHA L\u00cdMITE DE RECEPCI\u00d3N DE RES\u00daMENES DE COMUNICACIONES:\u00a0 \u00a0 \u00a0<\/strong><strong>\u00a014-02-2024\u00a0 (inaplazable)<\/strong><\/p>\n<p>TODOS LOS RES\u00daMENES SE PRESENTAR\u00c1N A TRAV\u00c9S DE LA WEB<\/p>\n<ul>\n<li>El resumen debe contener:\u00a0 Introducci\u00f3n, Metodolog\u00eda, Resultados y Conclusiones.<\/li>\n<li>M\u00e1ximo 4000 caracteres (con espacios). Tipo de letra: Arial 11.<\/li>\n<li>Los datos identificativos deben indicarse en el formulario.\u00a0 En ning\u00fan caso deben incluirse en el resumen. <strong>Si los coautores no se registran en el campo habilitado a tal fin dentro del formulario, no aparecer\u00e1n en el libro de comunicaciones y tampoco en los certificados<\/strong>.<\/li>\n<\/ul>\n<table style=\"height: 68px;\" width=\"300\">\n<tbody>\n<tr>\n<td>\n<h3 style=\"text-align: left;\"><span style=\"background-color: #3366ff; color: #ffffff;\"><strong><a href=\"https:\/\/tisa.teventos.com\/sedyne22\/es\/mods\/envio-de-comunicaciones\" target=\"_blank\" rel=\"noopener noreferrer\"><img loading=\"lazy\" decoding=\"async\" class=\"alignright wp-image-1885\" src=\"https:\/\/www.sedyne.es\/wp-content\/uploads\/2017\/10\/hacer-clic.png\" alt=\"\" width=\"67\" height=\"67\" srcset=\"https:\/\/www.sedyne.es\/wp-content\/uploads\/2017\/10\/hacer-clic.png 512w, https:\/\/www.sedyne.es\/wp-content\/uploads\/2017\/10\/hacer-clic-150x150.png 150w, https:\/\/www.sedyne.es\/wp-content\/uploads\/2017\/10\/hacer-clic-300x300.png 300w, https:\/\/www.sedyne.es\/wp-content\/uploads\/2017\/10\/hacer-clic-420x420.png 420w\" sizes=\"auto, (max-width: 67px) 100vw, 67px\" \/><\/a><\/strong><\/span><\/h3>\n<\/td>\n<td>\n<h3 style=\"text-align: center;\"><a href=\"https:\/\/tisa.teventos.com\/sedyne24\/es\/mods\/envio-de-comunicaciones\" target=\"_blank\" rel=\"noopener noreferrer\"><span style=\"color: #ffffff; background-color: #4d9ef0;\"><em><strong>ENVIAR RESUMEN<\/strong><\/em><\/span><\/a><\/h3>\n<\/td>\n<td>\n<h3 style=\"text-align: left;\"><span style=\"background-color: #3366ff; color: #ffffff;\"><strong><a href=\"https:\/\/tisa.teventos.com\/sedyne22\/es\/mods\/envio-de-comunicaciones\" target=\"_blank\" rel=\"noopener noreferrer\"><img loading=\"lazy\" decoding=\"async\" class=\"alignleft wp-image-1885\" src=\"https:\/\/www.sedyne.es\/wp-content\/uploads\/2017\/10\/hacer-clic.png\" alt=\"\" width=\"67\" height=\"67\" srcset=\"https:\/\/www.sedyne.es\/wp-content\/uploads\/2017\/10\/hacer-clic.png 512w, https:\/\/www.sedyne.es\/wp-content\/uploads\/2017\/10\/hacer-clic-150x150.png 150w, https:\/\/www.sedyne.es\/wp-content\/uploads\/2017\/10\/hacer-clic-300x300.png 300w, https:\/\/www.sedyne.es\/wp-content\/uploads\/2017\/10\/hacer-clic-420x420.png 420w\" sizes=\"auto, (max-width: 67px) 100vw, 67px\" \/><\/a><\/strong><\/span><\/h3>\n<\/td>\n<\/tr>\n<\/tbody>\n<\/table>\n<h6 style=\"text-align: left;\"><\/h6>\n<p>Se presentar\u00e1n en sala las <strong>14 comunicaciones<\/strong> consideradas de mayor inter\u00e9s por el Comit\u00e9 Evaluador.<\/p>\n<p>Tanto las comunicaciones seleccionadas, como las no seleccionadas para su presentaci\u00f3n durante el congreso, aparecer\u00e1n publicadas en el libro de comunicaciones y tendr\u00e1n su correspondiente certificado.\u00a0\u00a0Ser\u00e1 requisito indispensable estar inscrito en el congreso.<\/p>\n<p style=\"text-align: left;\"><strong>Normas de PRESENTACI\u00d3N de Comunicaciones durante el Congreso:<br \/>\n<\/strong><\/p>\n<p style=\"text-align: left;\">Dispondr\u00e1 de 10 minutos para cada comunicaci\u00f3n:\u00a0 7 minutos para presentarla y 3 para preguntas.<\/p>\n<hr \/>\n<p><strong>HORARIO, SALA Y ORDEN DE EXPOSICI\u00d3N de Comunicaciones durante el CONGRESO:<\/strong><\/p>\n<p>12:50 &#8211; 14:00 h.\u00a0 \u00a0Simult\u00e1neamente en las salas Mitxelena y Baroja<\/p>\n<p><strong>Recuerde tener su comunicaci\u00f3n previamente cargada en el ordenador de la sala que le corresponde, por favor. Puede hacerlo antes del inicio de las conferencias y en la pausa caf\u00e9.<\/strong><\/p>\n<p><span style=\"color: #ff9900;\"><strong>12:50 &#8211; 14:00 h.\u00a0\u00a0<\/strong><strong>Sala Baroja<\/strong><\/span><br \/>\n<em><strong>Comunicaciones Orales. Mesa 1 <\/strong><\/em><\/p>\n<p><strong>Moderadores:<\/strong><strong>\u00a0\u00a0<\/strong><br \/>\n<span style=\"color: #3366ff;\"><strong>Dr. Ignacio Merlo.\u00a0<\/strong><\/span>Hospital Universitario Donostia.<br \/>\n<span style=\"color: #3366ff;\"><strong>D<\/strong><strong>r. Ana Rosa Molina.\u00a0<\/strong><\/span>Hospital Universitario Cruces.<\/p>\n<table width=\"453\">\n<tbody>\n<tr>\n<td width=\"35\"><\/td>\n<td width=\"419\">T\u00edtulo<\/td>\n<\/tr>\n<tr>\n<td width=\"35\">\n<p style=\"text-align: center;\">1<\/p>\n<\/td>\n<td width=\"419\">ESTUDIO PILOTO COMPARATIVO DE UN SISTEMA ASISTENCIAL ALTERNATIVO DE ASISTENCIA TELEMATICA VS ESQUEMA ASISTENCIAL HABITUAL PRESENCIAL, EN PACIENTES CON DIABETES MELLITUS TIPO 1<\/td>\n<\/tr>\n<tr>\n<td style=\"text-align: center;\" width=\"35\">2<\/td>\n<td width=\"419\">ESTUDIO PILOTO DEL AUTOCUIDADO DE LOS PIES EN PACIENTES CON DIABETES<\/td>\n<\/tr>\n<tr>\n<td style=\"text-align: center;\" width=\"35\">3<\/td>\n<td width=\"419\">DETECCI\u00d3N DE NECESIDADES EDUCATIVAS TRAS ENCUESTA DE CONOCIMENTO A PERSONAL DE ENFERMERIA<\/td>\n<\/tr>\n<tr>\n<td style=\"text-align: center;\" width=\"35\">4<\/td>\n<td width=\"419\">PUNTUACIONES DE RIESGO POLIG\u00c9NICO EN PACIENTES CON SOSPECHA DE DIABETES MONOG\u00c9NICA EN POBLACI\u00d3N ESPA\u00d1OLA<\/td>\n<\/tr>\n<tr>\n<td style=\"text-align: center;\" width=\"35\">5<\/td>\n<td width=\"419\">COMPOSICI\u00d3N CORPORAL DE PACIENTES CON TRASTORNO DE CONDUCTA ALIMENTARIA Y RELEVANCIA DE LA BIOIMPEDANCIOMETR\u00cdA PARA SU VALORACI\u00d3N<\/td>\n<\/tr>\n<tr>\n<td width=\"35\">\n<p style=\"text-align: center;\">6<\/p>\n<\/td>\n<td width=\"419\">CORRELACION ENTRE LA PRESENCIA DE LIPODISTROFIAS, LOS A\u00d1OS DE EVOLUCI\u00d3N DE LA DIABETES Y DOSIS TOTAL DIARIA DE INSULINA<\/td>\n<\/tr>\n<tr>\n<td style=\"text-align: center;\" width=\"35\">7<\/td>\n<td width=\"419\">VARIANTES EN LOS GENES CNNM2 Y RRAGD COMO CAUSA DE HIPOMAGNESEMIA RENAL<\/td>\n<\/tr>\n<\/tbody>\n<\/table>\n<p style=\"text-align: center;\">____________<\/p>\n<p><span style=\"color: #339966;\"><strong>12:50 &#8211; 14:00 h. Auditorio Mitxelena<\/strong><\/span><br \/>\n<em><strong>Comunicaciones Orales. Mesa 2<\/strong><\/em><\/p>\n<p><strong>Moderadores:\u00a0 <\/strong><br \/>\n<span style=\"color: #0000ff;\"><strong>Dra.\u00a0Nerea Ega\u00f1a.\u00a0<\/strong><\/span>Hospital Universitario Donostia.<br \/>\n<span style=\"color: #0000ff;\"><strong>Dr. V\u00edctor Sola.\u00a0<\/strong><\/span>Hospital Universitario\u00a0\u00c1lava.<\/p>\n<table width=\"453\">\n<tbody>\n<tr>\n<td width=\"37\"><\/td>\n<td width=\"416\">T\u00edtulo<\/td>\n<\/tr>\n<tr>\n<td width=\"37\">\n<p style=\"text-align: center;\">1<\/p>\n<\/td>\n<td width=\"416\">PRESENTACI\u00d3N DE RESULTADOS DE CITOLOG\u00cdA DEL N\u00d3DULO TIROIDEO MEDIANTE PUNCI\u00d3N ASPIRACI\u00d3N CON AGUJA FINA (PAAF) EN EL HOSPITAL ALTO DEBA<\/td>\n<\/tr>\n<tr>\n<td style=\"text-align: center;\" width=\"37\">2<\/td>\n<td width=\"416\">ACTIVIDAD QUIR\u00daRGICA TRANSESFENOIDAL EN LA CAV EN EL PERIODO 2018-2022<\/td>\n<\/tr>\n<tr>\n<td style=\"text-align: center;\" width=\"37\">\u00a03<\/td>\n<td width=\"416\">IMPOSIBILIDAD PARA DIAGN\u00d3STICO DE DIABETES GESTACIONAL, RETO HABITUAL<\/td>\n<\/tr>\n<tr>\n<td style=\"text-align: center;\" width=\"37\">4<\/td>\n<td width=\"416\">INTERVENCION NUTRICIONAL EN PACIENTES STEINERT Y SU EFECTO EN COMPOSICION CORPORAL Y FUNCIONALIDAD<\/td>\n<\/tr>\n<tr>\n<td style=\"text-align: center;\" width=\"37\">\u00a05<\/td>\n<td width=\"416\">MACROADENOMA HIPOFISARIO NO FUNCIONANTE: AN\u00c1LISIS DE RESULTADOS DEL HUA<\/td>\n<\/tr>\n<tr>\n<td style=\"text-align: center;\" width=\"37\">6<\/td>\n<td width=\"416\">USO DE LA COPEPTINA BASAL Y ESTIMULADA PARA LA VALORACI\u00d3N DEL SD. POLIURIA POLIDIPSIA. EXPERIENCIA DE USO.<\/td>\n<\/tr>\n<tr>\n<td style=\"text-align: center;\" width=\"37\">7<\/td>\n<td width=\"416\">REVISI\u00d3N DE LAS COMPLICACIONES DE LAS GASTROSTOM\u00cdAS RADIOL\u00d3GICAS PERCUT\u00c1NEAS REALIZADAS EN EL HOSPITAL UNIVERSITARIO GALDAKAO-US\u00c1NSOLO DURANTE LOS A\u00d1OS 2022 Y 2023<\/td>\n<\/tr>\n<\/tbody>\n<\/table>\n<p style=\"text-align: center;\">____________<\/p>\n<p><strong>Secretar\u00eda<\/strong><br \/>\nTisa Congresos &#8211; Tel. \u00a0944 243 997\u00a0<a href=\"mailto:sedyne@tisasa.es\">sedyne@tisasa.es<\/a><\/p>\n<p><strong><span style=\"color: #0000ff;\"><a href=\"https:\/\/www.sedyne.es\/wp-content\/uploads\/2020\/01\/XXV-SEDyNE-libro-2024.pdf\">Descarga aqu\u00ed el libro del congreso.<\/a>\u00a0 <\/span><\/strong><\/p>\n<p>&nbsp;<\/p>\n","protected":false},"excerpt":{"rendered":"<p>FECHA L\u00cdMITE DE RECEPCI\u00d3N DE RES\u00daMENES DE COMUNICACIONES:\u00a0 \u00a0 \u00a0\u00a014-02-2024\u00a0 (inaplazable) TODOS LOS RES\u00daMENES SE PRESENTAR\u00c1N A TRAV\u00c9S DE LA WEB El resumen debe contener:\u00a0 Introducci\u00f3n, Metodolog\u00eda, Resultados y Conclusiones. M\u00e1ximo 4000 caracteres (con espacios). Tipo de letra: Arial 11. Los datos identificativos deben indicarse en el formulario.\u00a0 En ning\u00fan caso deben incluirse en el [&hellip;]<\/p>\n","protected":false},"author":120,"featured_media":0,"parent":2735,"menu_order":3,"comment_status":"closed","ping_status":"closed","template":"","meta":{"footnotes":""},"class_list":["post-482","page","type-page","status-publish","hentry"],"_links":{"self":[{"href":"https:\/\/www.sedyne.es\/es\/wp-json\/wp\/v2\/pages\/482","targetHints":{"allow":["GET"]}}],"collection":[{"href":"https:\/\/www.sedyne.es\/es\/wp-json\/wp\/v2\/pages"}],"about":[{"href":"https:\/\/www.sedyne.es\/es\/wp-json\/wp\/v2\/types\/page"}],"author":[{"embeddable":true,"href":"https:\/\/www.sedyne.es\/es\/wp-json\/wp\/v2\/users\/120"}],"replies":[{"embeddable":true,"href":"https:\/\/www.sedyne.es\/es\/wp-json\/wp\/v2\/comments?post=482"}],"version-history":[{"count":120,"href":"https:\/\/www.sedyne.es\/es\/wp-json\/wp\/v2\/pages\/482\/revisions"}],"predecessor-version":[{"id":2711,"href":"https:\/\/www.sedyne.es\/es\/wp-json\/wp\/v2\/pages\/482\/revisions\/2711"}],"up":[{"embeddable":true,"href":"https:\/\/www.sedyne.es\/es\/wp-json\/wp\/v2\/pages\/2735"}],"wp:attachment":[{"href":"https:\/\/www.sedyne.es\/es\/wp-json\/wp\/v2\/media?parent=482"}],"curies":[{"name":"wp","href":"https:\/\/api.w.org\/{rel}","templated":true}]}}