{"id":65,"date":"2016-09-28T14:32:47","date_gmt":"2016-09-28T13:32:47","guid":{"rendered":"http:\/\/www.sedyne.es\/?page_id=65"},"modified":"2025-04-04T15:21:10","modified_gmt":"2025-04-04T14:21:10","slug":"hazte-socio","status":"publish","type":"page","link":"https:\/\/www.sedyne.es\/es\/hazte-socio\/","title":{"rendered":"Hazte socio"},"content":{"rendered":"<h3>Requisitos<\/h3>\n<p>Podr\u00e1n formar parte de SEDyNE\u00a0todas aquellas personas f\u00edsicas que se identifiquen con los fines de la misma y que se encuentren vinculados con el \u00e1mbito sanitario en todas sus facetas.<br \/>\nLa admisi\u00f3n de socios ser\u00e1 inmediata siempre que se cumplan las condiciones previstas en los Estatutos y ratificada posteriormente por la Junta Directiva.<\/p>\n<p>Cuota anual de socio SEDyNE: 35 \u20ac<\/p>\n\n<div class=\"wpcf7 no-js\" id=\"wpcf7-f2281-o1\" lang=\"es-ES\" dir=\"ltr\" data-wpcf7-id=\"2281\">\n<div class=\"screen-reader-response\"><p role=\"status\" aria-live=\"polite\" aria-atomic=\"true\"><\/p> <ul><\/ul><\/div>\n<form action=\"\/es\/wp-json\/wp\/v2\/pages\/65#wpcf7-f2281-o1\" method=\"post\" class=\"wpcf7-form init\" aria-label=\"Formulario de contacto\" novalidate=\"novalidate\" data-status=\"init\">\n<fieldset class=\"hidden-fields-container\"><input type=\"hidden\" name=\"_wpcf7\" value=\"2281\" \/><input type=\"hidden\" name=\"_wpcf7_version\" value=\"6.1.5\" \/><input type=\"hidden\" name=\"_wpcf7_locale\" value=\"es_ES\" \/><input type=\"hidden\" name=\"_wpcf7_unit_tag\" value=\"wpcf7-f2281-o1\" \/><input type=\"hidden\" name=\"_wpcf7_container_post\" value=\"0\" \/><input type=\"hidden\" name=\"_wpcf7_posted_data_hash\" value=\"\" \/><input type=\"hidden\" name=\"_wpcf7_recaptcha_response\" value=\"\" \/>\n<\/fieldset>\n<div class=\"registro\">\n\t<h3 style=\"border-bottom: 1px solid #DBDBDB;margin-bottom: 30px;font-size: 14px;text-transform: uppercase;font-weight: bold;padding: 0 0 10px 0;color: #666;\">DATOS PERSONALES\n\t<\/h3>\n\t<p><label>Nombre * <span class=\"wpcf7-form-control-wrap\" data-name=\"nombre\"><input size=\"40\" maxlength=\"400\" class=\"wpcf7-form-control wpcf7-text wpcf7-validates-as-required\" aria-required=\"true\" aria-invalid=\"false\" value=\"\" type=\"text\" name=\"nombre\" \/><\/span><\/label><label>Apellidos <span class=\"wpcf7-form-control-wrap\" data-name=\"apellidos\"><input size=\"40\" maxlength=\"400\" class=\"wpcf7-form-control wpcf7-text\" aria-invalid=\"false\" value=\"\" type=\"text\" name=\"apellidos\" \/><\/span><\/label><label>Email * <span class=\"wpcf7-form-control-wrap\" data-name=\"email\"><input size=\"40\" maxlength=\"400\" class=\"wpcf7-form-control wpcf7-email wpcf7-validates-as-required wpcf7-text wpcf7-validates-as-email\" aria-required=\"true\" aria-invalid=\"false\" value=\"\" type=\"email\" name=\"email\" \/><\/span> <\/label><label>DNI * <span class=\"wpcf7-form-control-wrap\" data-name=\"dni\"><input size=\"40\" maxlength=\"400\" class=\"wpcf7-form-control wpcf7-text wpcf7-validates-as-required\" aria-required=\"true\" aria-invalid=\"false\" value=\"\" type=\"text\" name=\"dni\" \/><\/span> <\/label>\n\t<\/p>\n\t<h3 style=\"border-bottom: 1px solid #DBDBDB;margin-bottom: 30px;font-size: 14px;text-transform: uppercase;font-weight: bold;padding: 0 0 10px 0;color: #666;\">INFORMACI\u00d3N DE CONTACTO\n\t<\/h3>\n\t<p><label>Tel\u00e9fono de contacto * <span class=\"wpcf7-form-control-wrap\" data-name=\"telefono\"><input size=\"40\" maxlength=\"400\" class=\"wpcf7-form-control wpcf7-tel wpcf7-validates-as-required wpcf7-text wpcf7-validates-as-tel\" aria-required=\"true\" aria-invalid=\"false\" value=\"\" type=\"tel\" name=\"telefono\" \/><\/span> <\/label><label>Puesto de Trabajo (m\u00e9dico\/enfermera...) * <span class=\"wpcf7-form-control-wrap\" data-name=\"puestotrabajo\"><input size=\"40\" maxlength=\"400\" class=\"wpcf7-form-control wpcf7-text wpcf7-validates-as-required\" aria-required=\"true\" aria-invalid=\"false\" value=\"\" type=\"text\" name=\"puestotrabajo\" \/><\/span> <\/label><label>Hospital \/ ambulatorio de trabajo * <span class=\"wpcf7-form-control-wrap\" data-name=\"centrotrabajo\"><input size=\"40\" maxlength=\"400\" class=\"wpcf7-form-control wpcf7-text wpcf7-validates-as-required\" aria-required=\"true\" aria-invalid=\"false\" value=\"\" type=\"text\" name=\"centrotrabajo\" \/><\/span> <\/label>\n\t<\/p>\n<\/div>\n<p class=\"center\"><span class=\"wpcf7-form-control-wrap\" data-name=\"acceptance-729\"><span class=\"wpcf7-form-control wpcf7-acceptance\"><span class=\"wpcf7-list-item\"><input type=\"checkbox\" name=\"acceptance-729\" value=\"1\" aria-invalid=\"false\" \/><\/span><\/span><\/span> He le\u00eddo y acepto la <a href=\"https:\/\/www.sedyne.es\/es\/politica-de-privacidad\/\">pol\u00edtica de privacidad<\/a>\n<\/p>\n<p class=\"center\"><input class=\"wpcf7-form-control wpcf7-submit has-spinner\" type=\"submit\" value=\"Enviar\" \/>\n<\/p><div class=\"wpcf7-response-output\" aria-hidden=\"true\"><\/div>\n<\/form>\n<\/div>\n\n","protected":false},"excerpt":{"rendered":"<p>Requisitos Podr\u00e1n formar parte de SEDyNE\u00a0todas aquellas personas f\u00edsicas que se identifiquen con los fines de la misma y que se encuentren vinculados con el \u00e1mbito sanitario en todas sus facetas. La admisi\u00f3n de socios ser\u00e1 inmediata siempre que se cumplan las condiciones previstas en los Estatutos y ratificada posteriormente por la Junta Directiva. Cuota [&hellip;]<\/p>\n","protected":false},"author":120,"featured_media":0,"parent":0,"menu_order":0,"comment_status":"closed","ping_status":"closed","template":"","meta":{"footnotes":""},"class_list":["post-65","page","type-page","status-publish","hentry"],"_links":{"self":[{"href":"https:\/\/www.sedyne.es\/es\/wp-json\/wp\/v2\/pages\/65","targetHints":{"allow":["GET"]}}],"collection":[{"href":"https:\/\/www.sedyne.es\/es\/wp-json\/wp\/v2\/pages"}],"about":[{"href":"https:\/\/www.sedyne.es\/es\/wp-json\/wp\/v2\/types\/page"}],"author":[{"embeddable":true,"href":"https:\/\/www.sedyne.es\/es\/wp-json\/wp\/v2\/users\/120"}],"replies":[{"embeddable":true,"href":"https:\/\/www.sedyne.es\/es\/wp-json\/wp\/v2\/comments?post=65"}],"version-history":[{"count":10,"href":"https:\/\/www.sedyne.es\/es\/wp-json\/wp\/v2\/pages\/65\/revisions"}],"predecessor-version":[{"id":3036,"href":"https:\/\/www.sedyne.es\/es\/wp-json\/wp\/v2\/pages\/65\/revisions\/3036"}],"wp:attachment":[{"href":"https:\/\/www.sedyne.es\/es\/wp-json\/wp\/v2\/media?parent=65"}],"curies":[{"name":"wp","href":"https:\/\/api.w.org\/{rel}","templated":true}]}}