{"id":661,"date":"2018-07-10T10:39:32","date_gmt":"2018-07-10T09:39:32","guid":{"rendered":"http:\/\/www.sedyne.es\/?page_id=661\/"},"modified":"2018-07-10T11:41:09","modified_gmt":"2018-07-10T10:41:09","slug":"general-2017","status":"publish","type":"page","link":"https:\/\/www.sedyne.es\/es\/noticias\/general-2017\/","title":{"rendered":"2017"},"content":{"rendered":"<div class=\"wpb-content-wrapper\"><p>[vc_row][vc_column width=\u00bb2\/3&#8243;]<div class=\"td_block_wrap td_block_3 td_uid_1_69f3d727db34a_rand td-pb-border-top\"  data-td-block-uid=\"td_uid_1_69f3d727db34a\" ><script>var block_td_uid_1_69f3d727db34a = new tdBlock();\nblock_td_uid_1_69f3d727db34a.id = \"td_uid_1_69f3d727db34a\";\nblock_td_uid_1_69f3d727db34a.atts = '{\"limit\":\"20\",\"sort\":\"\",\"post_ids\":\"\",\"tag_slug\":\"2017\",\"autors_id\":\"\",\"installed_post_types\":\"\",\"category_id\":\"\",\"category_ids\":\"\",\"custom_title\":\"\",\"custom_url\":\"\",\"show_child_cat\":\"\",\"sub_cat_ajax\":\"\",\"ajax_pagination\":\"\",\"header_color\":\"\",\"header_text_color\":\"\",\"ajax_pagination_infinite_stop\":\"\",\"td_column_number\":1,\"td_ajax_preloading\":\"\",\"td_ajax_filter_type\":\"\",\"td_ajax_filter_ids\":\"\",\"td_filter_default_txt\":\"Todo\",\"color_preset\":\"\",\"border_top\":\"\",\"class\":\"td_uid_1_69f3d727db34a_rand\",\"offset\":\"\",\"css\":\"\",\"live_filter\":\"\",\"live_filter_cur_post_id\":\"\",\"live_filter_cur_post_author\":\"\"}';\nblock_td_uid_1_69f3d727db34a.td_column_number = \"1\";\nblock_td_uid_1_69f3d727db34a.block_type = \"td_block_3\";\nblock_td_uid_1_69f3d727db34a.post_count = \"5\";\nblock_td_uid_1_69f3d727db34a.found_posts = \"5\";\nblock_td_uid_1_69f3d727db34a.header_color = \"\";\nblock_td_uid_1_69f3d727db34a.ajax_pagination_infinite_stop = \"\";\nblock_td_uid_1_69f3d727db34a.max_num_pages = \"1\";\ntdBlocksArray.push(block_td_uid_1_69f3d727db34a);\n<\/script><div id=td_uid_1_69f3d727db34a class=\"td_block_inner\">\n\n\t<div class=\"td-block-span12\">\n\r\n        <div class=\"td_module_1 td_module_wrap td-animation-stack\">\r\n            <div class=\"td-module-image\">\r\n                <div class=\"td-module-thumb\"><a href=\"https:\/\/www.sedyne.es\/es\/httpwww-sedyne-eswp-contentuploads2017102017_10-sedyne_3_4-noviembre-pdf\/\" rel=\"bookmark\" title=\"II Edici\u00f3n Reuni\u00f3n actualizaci\u00f3n Endocrinolog\u00eda\"><img loading=\"lazy\" decoding=\"async\" width=\"300\" height=\"160\" class=\"entry-thumb\" src=\"https:\/\/www.sedyne.es\/wp-content\/uploads\/2017\/10\/2017_10-SEDyNE_3_4-noviembre-2pag-300x160.jpg\" alt=\"\" title=\"II Edici\u00f3n Reuni\u00f3n actualizaci\u00f3n Endocrinolog\u00eda\"\/><\/a><\/div>                            <\/div>\r\n            <h3 class=\"entry-title td-module-title\"><a href=\"https:\/\/www.sedyne.es\/es\/httpwww-sedyne-eswp-contentuploads2017102017_10-sedyne_3_4-noviembre-pdf\/\" rel=\"bookmark\" title=\"II Edici\u00f3n Reuni\u00f3n actualizaci\u00f3n Endocrinolog\u00eda\">II Edici\u00f3n Reuni\u00f3n actualizaci\u00f3n Endocrinolog\u00eda<\/a><\/h3>\r\n            <div class=\"meta-info\">\r\n                                <span class=\"td-post-date\"><time class=\"entry-date updated td-module-date\" datetime=\"2017-10-11T12:36:10+00:00\" >11 octubre, 2017<\/time><\/span>                            <\/div>\r\n\r\n            \r\n        <\/div>\r\n\r\n        \n\t<\/div> <!-- .\/td-block-span12 -->\n\n\t<div class=\"td-block-span12\">\n\r\n        <div class=\"td_module_1 td_module_wrap td-animation-stack\">\r\n            <div class=\"td-module-image\">\r\n                <div class=\"td-module-thumb\"><a href=\"https:\/\/www.sedyne.es\/es\/httpwww-sedyne-eswp-contentuploads2017102017_10-c-tiroides-pdf\/\" rel=\"bookmark\" title=\"Intercambio de experiencias en el manejo del C\u00e1ncer de Tiroides\"><img loading=\"lazy\" decoding=\"async\" width=\"300\" height=\"160\" class=\"entry-thumb\" src=\"https:\/\/www.sedyne.es\/wp-content\/uploads\/2017\/10\/2017_10-C-Tiroides-2pag-300x160.jpg\" alt=\"\" title=\"Intercambio de experiencias en el manejo del C\u00e1ncer de Tiroides\"\/><\/a><\/div>                            <\/div>\r\n            <h3 class=\"entry-title td-module-title\"><a href=\"https:\/\/www.sedyne.es\/es\/httpwww-sedyne-eswp-contentuploads2017102017_10-c-tiroides-pdf\/\" rel=\"bookmark\" title=\"Intercambio de experiencias en el manejo del C\u00e1ncer de Tiroides\">Intercambio de experiencias en el manejo del C\u00e1ncer de Tiroides<\/a><\/h3>\r\n            <div class=\"meta-info\">\r\n                                <span class=\"td-post-date\"><time class=\"entry-date updated td-module-date\" datetime=\"2017-10-11T12:06:57+00:00\" >11 octubre, 2017<\/time><\/span>                            <\/div>\r\n\r\n            \r\n        <\/div>\r\n\r\n        \n\t<\/div> <!-- .\/td-block-span12 -->\n\n\t<div class=\"td-block-span12\">\n\r\n        <div class=\"td_module_1 td_module_wrap td-animation-stack\">\r\n            <div class=\"td-module-image\">\r\n                <div class=\"td-module-thumb\"><a href=\"https:\/\/www.sedyne.es\/es\/actualizacion-en-neuroendocrinologia\/\" rel=\"bookmark\" title=\"Actualizaci\u00f3n en neuroendocrinologi\u0301a\"><img loading=\"lazy\" decoding=\"async\" width=\"300\" height=\"160\" class=\"entry-thumb\" src=\"https:\/\/www.sedyne.es\/wp-content\/uploads\/2017\/04\/actualizacion-neuroendocrinologia-300x160.jpg\" alt=\"\" title=\"Actualizaci\u00f3n en neuroendocrinologi\u0301a\"\/><\/a><\/div>                            <\/div>\r\n            <h3 class=\"entry-title td-module-title\"><a href=\"https:\/\/www.sedyne.es\/es\/actualizacion-en-neuroendocrinologia\/\" rel=\"bookmark\" title=\"Actualizaci\u00f3n en neuroendocrinologi\u0301a\">Actualizaci\u00f3n en neuroendocrinologi\u0301a<\/a><\/h3>\r\n            <div class=\"meta-info\">\r\n                                <span class=\"td-post-date\"><time class=\"entry-date updated td-module-date\" datetime=\"2017-04-26T10:27:59+00:00\" >26 abril, 2017<\/time><\/span>                            <\/div>\r\n\r\n            \r\n        <\/div>\r\n\r\n        \n\t<\/div> <!-- .\/td-block-span12 -->\n\n\t<div class=\"td-block-span12\">\n\r\n        <div class=\"td_module_1 td_module_wrap td-animation-stack\">\r\n            <div class=\"td-module-image\">\r\n                <div class=\"td-module-thumb\"><a href=\"https:\/\/www.sedyne.es\/es\/actualizacion-diabetes-pregestacional-embarazo\/\" rel=\"bookmark\" title=\"Actualizaci\u00f3n en diabetes pregestacional y embarazo\"><img loading=\"lazy\" decoding=\"async\" width=\"300\" height=\"160\" class=\"entry-thumb\" src=\"https:\/\/www.sedyne.es\/wp-content\/uploads\/2017\/04\/actualizacion-diabetes-pregestacional-300x160.jpg\" alt=\"\" title=\"Actualizaci\u00f3n en diabetes pregestacional y embarazo\"\/><\/a><\/div>                            <\/div>\r\n            <h3 class=\"entry-title td-module-title\"><a href=\"https:\/\/www.sedyne.es\/es\/actualizacion-diabetes-pregestacional-embarazo\/\" rel=\"bookmark\" title=\"Actualizaci\u00f3n en diabetes pregestacional y embarazo\">Actualizaci\u00f3n en diabetes pregestacional y embarazo<\/a><\/h3>\r\n            <div class=\"meta-info\">\r\n                                <span class=\"td-post-date\"><time class=\"entry-date updated td-module-date\" datetime=\"2017-04-26T10:22:58+00:00\" >26 abril, 2017<\/time><\/span>                            <\/div>\r\n\r\n            \r\n        <\/div>\r\n\r\n        \n\t<\/div> <!-- .\/td-block-span12 -->\n\n\t<div class=\"td-block-span12\">\n\r\n        <div class=\"td_module_1 td_module_wrap td-animation-stack\">\r\n            <div class=\"td-module-image\">\r\n                <div class=\"td-module-thumb\"><a href=\"https:\/\/www.sedyne.es\/es\/recien-publicado-libro-federico-soriguer-escofet\/\" rel=\"bookmark\" title=\"Reci\u00e9n publicado el LIBRO DE FEDERICO SORIGUER ESCOFET\"><img loading=\"lazy\" decoding=\"async\" width=\"300\" height=\"160\" class=\"entry-thumb\" src=\"https:\/\/www.sedyne.es\/wp-content\/uploads\/2017\/02\/librofedericosoringuer-300x160.jpg\" alt=\"\" title=\"Reci\u00e9n publicado el LIBRO DE FEDERICO SORIGUER ESCOFET\"\/><\/a><\/div>                            <\/div>\r\n            <h3 class=\"entry-title td-module-title\"><a href=\"https:\/\/www.sedyne.es\/es\/recien-publicado-libro-federico-soriguer-escofet\/\" rel=\"bookmark\" title=\"Reci\u00e9n publicado el LIBRO DE FEDERICO SORIGUER ESCOFET\">Reci\u00e9n publicado el LIBRO DE FEDERICO SORIGUER ESCOFET<\/a><\/h3>\r\n            <div class=\"meta-info\">\r\n                                <span class=\"td-post-date\"><time class=\"entry-date updated td-module-date\" datetime=\"2017-02-07T15:05:31+00:00\" >7 febrero, 2017<\/time><\/span>                            <\/div>\r\n\r\n            \r\n        <\/div>\r\n\r\n        \n\t<\/div> <!-- .\/td-block-span12 --><\/div><\/div> <!-- .\/block -->[\/vc_column][vc_column width=\u00bb1\/3&#8243;][vc_widget_sidebar sidebar_id=\u00bbtd-default\u00bb][\/vc_column][\/vc_row]<\/p>\n<\/div>","protected":false},"excerpt":{"rendered":"<p>[vc_row][vc_column width=\u00bb2\/3&#8243;][\/vc_column][vc_column width=\u00bb1\/3&#8243;][vc_widget_sidebar sidebar_id=\u00bbtd-default\u00bb][\/vc_column][\/vc_row]<\/p>\n","protected":false},"author":120,"featured_media":0,"parent":454,"menu_order":0,"comment_status":"closed","ping_status":"closed","template":"","meta":{"footnotes":""},"class_list":["post-661","page","type-page","status-publish","hentry"],"_links":{"self":[{"href":"https:\/\/www.sedyne.es\/es\/wp-json\/wp\/v2\/pages\/661","targetHints":{"allow":["GET"]}}],"collection":[{"href":"https:\/\/www.sedyne.es\/es\/wp-json\/wp\/v2\/pages"}],"about":[{"href":"https:\/\/www.sedyne.es\/es\/wp-json\/wp\/v2\/types\/page"}],"author":[{"embeddable":true,"href":"https:\/\/www.sedyne.es\/es\/wp-json\/wp\/v2\/users\/120"}],"replies":[{"embeddable":true,"href":"https:\/\/www.sedyne.es\/es\/wp-json\/wp\/v2\/comments?post=661"}],"version-history":[{"count":2,"href":"https:\/\/www.sedyne.es\/es\/wp-json\/wp\/v2\/pages\/661\/revisions"}],"predecessor-version":[{"id":665,"href":"https:\/\/www.sedyne.es\/es\/wp-json\/wp\/v2\/pages\/661\/revisions\/665"}],"up":[{"embeddable":true,"href":"https:\/\/www.sedyne.es\/es\/wp-json\/wp\/v2\/pages\/454"}],"wp:attachment":[{"href":"https:\/\/www.sedyne.es\/es\/wp-json\/wp\/v2\/media?parent=661"}],"curies":[{"name":"wp","href":"https:\/\/api.w.org\/{rel}","templated":true}]}}