{"id":666,"date":"2018-07-10T11:42:46","date_gmt":"2018-07-10T10:42:46","guid":{"rendered":"http:\/\/www.sedyne.es\/?page_id=666\/"},"modified":"2018-07-10T11:42:55","modified_gmt":"2018-07-10T10:42:55","slug":"general-2018","status":"publish","type":"page","link":"https:\/\/www.sedyne.es\/es\/noticias\/general-2018\/","title":{"rendered":"2018"},"content":{"rendered":"<div class=\"wpb-content-wrapper\"><p>[vc_row][vc_column width=\u00bb2\/3&#8243;]<div class=\"td_block_wrap td_block_3 td_uid_1_6a079e7de4ce9_rand td-pb-border-top\"  data-td-block-uid=\"td_uid_1_6a079e7de4ce9\" ><script>var block_td_uid_1_6a079e7de4ce9 = new tdBlock();\nblock_td_uid_1_6a079e7de4ce9.id = \"td_uid_1_6a079e7de4ce9\";\nblock_td_uid_1_6a079e7de4ce9.atts = '{\"limit\":\"20\",\"sort\":\"\",\"post_ids\":\"\",\"tag_slug\":\"2018\",\"autors_id\":\"\",\"installed_post_types\":\"\",\"category_id\":\"\",\"category_ids\":\"\",\"custom_title\":\"\",\"custom_url\":\"\",\"show_child_cat\":\"\",\"sub_cat_ajax\":\"\",\"ajax_pagination\":\"\",\"header_color\":\"\",\"header_text_color\":\"\",\"ajax_pagination_infinite_stop\":\"\",\"td_column_number\":1,\"td_ajax_preloading\":\"\",\"td_ajax_filter_type\":\"\",\"td_ajax_filter_ids\":\"\",\"td_filter_default_txt\":\"Todo\",\"color_preset\":\"\",\"border_top\":\"\",\"class\":\"td_uid_1_6a079e7de4ce9_rand\",\"offset\":\"\",\"css\":\"\",\"live_filter\":\"\",\"live_filter_cur_post_id\":\"\",\"live_filter_cur_post_author\":\"\"}';\nblock_td_uid_1_6a079e7de4ce9.td_column_number = \"1\";\nblock_td_uid_1_6a079e7de4ce9.block_type = \"td_block_3\";\nblock_td_uid_1_6a079e7de4ce9.post_count = \"9\";\nblock_td_uid_1_6a079e7de4ce9.found_posts = \"9\";\nblock_td_uid_1_6a079e7de4ce9.header_color = \"\";\nblock_td_uid_1_6a079e7de4ce9.ajax_pagination_infinite_stop = \"\";\nblock_td_uid_1_6a079e7de4ce9.max_num_pages = \"1\";\ntdBlocksArray.push(block_td_uid_1_6a079e7de4ce9);\n<\/script><div id=td_uid_1_6a079e7de4ce9 class=\"td_block_inner\">\n\n\t<div class=\"td-block-span12\">\n\r\n        <div class=\"td_module_1 td_module_wrap td-animation-stack\">\r\n            <div class=\"td-module-image\">\r\n                <div class=\"td-module-thumb\"><a href=\"https:\/\/www.sedyne.es\/es\/iii-edicion-curso-educacion-diabetologica-sedyne-2\/\" rel=\"bookmark\" title=\"III Edici\u00f3n Curso Educaci\u00f3n Diabetol\u00f3gica SEDyNE\"><img loading=\"lazy\" decoding=\"async\" width=\"300\" height=\"160\" class=\"entry-thumb\" src=\"https:\/\/www.sedyne.es\/wp-content\/uploads\/2023\/02\/slider-plantilla-CURSOS-300x160.jpg\" alt=\"\" title=\"III Edici\u00f3n Curso Educaci\u00f3n Diabetol\u00f3gica SEDyNE\"\/><\/a><\/div>                            <\/div>\r\n            <h3 class=\"entry-title td-module-title\"><a href=\"https:\/\/www.sedyne.es\/es\/iii-edicion-curso-educacion-diabetologica-sedyne-2\/\" rel=\"bookmark\" title=\"III Edici\u00f3n Curso Educaci\u00f3n Diabetol\u00f3gica SEDyNE\">III Edici\u00f3n Curso Educaci\u00f3n Diabetol\u00f3gica SEDyNE<\/a><\/h3>\r\n            <div class=\"meta-info\">\r\n                                <span class=\"td-post-date\"><time class=\"entry-date updated td-module-date\" datetime=\"2023-02-16T15:58:42+00:00\" >16 febrero, 2023<\/time><\/span>                            <\/div>\r\n\r\n            \r\n        <\/div>\r\n\r\n        \n\t<\/div> <!-- .\/td-block-span12 -->\n\n\t<div class=\"td-block-span12\">\n\r\n        <div class=\"td_module_1 td_module_wrap td-animation-stack\">\r\n            <div class=\"td-module-image\">\r\n                <div class=\"td-module-thumb\"><a href=\"https:\/\/www.sedyne.es\/es\/curso-basado-la-guia-clinica-del-seguimiento-peg\/\" rel=\"bookmark\" title=\"CURSO ONLINE \u201cATENCI\u00d3N Y SEGUIMIENTO DEL NI\u00d1O NACIDO PEG EN ASISTENCIA PRIMARIA\u201d\"><img loading=\"lazy\" decoding=\"async\" width=\"300\" height=\"160\" class=\"entry-thumb\" src=\"https:\/\/www.sedyne.es\/wp-content\/uploads\/2018\/12\/2018_12_03-300x160.png\" alt=\"Curso\" title=\"CURSO ONLINE \u201cATENCI\u00d3N Y SEGUIMIENTO DEL NI\u00d1O NACIDO PEG EN ASISTENCIA PRIMARIA\u201d\"\/><\/a><\/div>                            <\/div>\r\n            <h3 class=\"entry-title td-module-title\"><a href=\"https:\/\/www.sedyne.es\/es\/curso-basado-la-guia-clinica-del-seguimiento-peg\/\" rel=\"bookmark\" title=\"CURSO ONLINE \u201cATENCI\u00d3N Y SEGUIMIENTO DEL NI\u00d1O NACIDO PEG EN ASISTENCIA PRIMARIA\u201d\">CURSO ONLINE \u201cATENCI\u00d3N Y SEGUIMIENTO DEL NI\u00d1O NACIDO PEG EN ASISTENCIA...<\/a><\/h3>\r\n            <div class=\"meta-info\">\r\n                                <span class=\"td-post-date\"><time class=\"entry-date updated td-module-date\" datetime=\"2018-12-03T09:23:07+00:00\" >3 diciembre, 2018<\/time><\/span>                            <\/div>\r\n\r\n            \r\n        <\/div>\r\n\r\n        \n\t<\/div> <!-- .\/td-block-span12 -->\n\n\t<div class=\"td-block-span12\">\n\r\n        <div class=\"td_module_1 td_module_wrap td-animation-stack\">\r\n            <div class=\"td-module-image\">\r\n                <div class=\"td-module-thumb\"><a href=\"https:\/\/www.sedyne.es\/es\/iii-edicion-reunion-actualizacion-endocrinologia\/\" rel=\"bookmark\" title=\"III Edici\u00f3n Reuni\u00f3n Actualizaci\u00f3n Endocrinolog\u00eda. Donostia, 23 y 24 de noviembre de 2018\"><img loading=\"lazy\" decoding=\"async\" width=\"300\" height=\"160\" class=\"entry-thumb\" src=\"https:\/\/www.sedyne.es\/wp-content\/uploads\/2018\/10\/2018_11-actualizacion1-1-300x160.jpg\" alt=\"\" title=\"III Edici\u00f3n Reuni\u00f3n Actualizaci\u00f3n Endocrinolog\u00eda. Donostia, 23 y 24 de noviembre de 2018\"\/><\/a><\/div>                            <\/div>\r\n            <h3 class=\"entry-title td-module-title\"><a href=\"https:\/\/www.sedyne.es\/es\/iii-edicion-reunion-actualizacion-endocrinologia\/\" rel=\"bookmark\" title=\"III Edici\u00f3n Reuni\u00f3n Actualizaci\u00f3n Endocrinolog\u00eda. Donostia, 23 y 24 de noviembre de 2018\">III Edici\u00f3n Reuni\u00f3n Actualizaci\u00f3n Endocrinolog\u00eda. Donostia, 23 y 24 de noviembre...<\/a><\/h3>\r\n            <div class=\"meta-info\">\r\n                                <span class=\"td-post-date\"><time class=\"entry-date updated td-module-date\" datetime=\"2018-10-04T09:34:16+00:00\" >4 octubre, 2018<\/time><\/span>                            <\/div>\r\n\r\n            \r\n        <\/div>\r\n\r\n        \n\t<\/div> <!-- .\/td-block-span12 -->\n\n\t<div class=\"td-block-span12\">\n\r\n        <div class=\"td_module_1 td_module_wrap td-animation-stack\">\r\n            <div class=\"td-module-image\">\r\n                <div class=\"td-module-thumb\"><a href=\"https:\/\/www.sedyne.es\/es\/intercambio-experiencias-manejo-del-cancer-tiroides-2\/\" rel=\"bookmark\" title=\"INTERCAMBIO de EXPERIENCIAS en el MANEJO del CANCER de TIROIDES. Bilbao, 9 de octubre.\"><img loading=\"lazy\" decoding=\"async\" width=\"300\" height=\"160\" class=\"entry-thumb\" src=\"https:\/\/www.sedyne.es\/wp-content\/uploads\/2018\/09\/Diapositiva1-300x160.jpg\" alt=\"\" title=\"INTERCAMBIO de EXPERIENCIAS en el MANEJO del CANCER de TIROIDES. Bilbao, 9 de octubre.\"\/><\/a><\/div>                            <\/div>\r\n            <h3 class=\"entry-title td-module-title\"><a href=\"https:\/\/www.sedyne.es\/es\/intercambio-experiencias-manejo-del-cancer-tiroides-2\/\" rel=\"bookmark\" title=\"INTERCAMBIO de EXPERIENCIAS en el MANEJO del CANCER de TIROIDES. Bilbao, 9 de octubre.\">INTERCAMBIO de EXPERIENCIAS en el MANEJO del CANCER de TIROIDES. Bilbao,...<\/a><\/h3>\r\n            <div class=\"meta-info\">\r\n                                <span class=\"td-post-date\"><time class=\"entry-date updated td-module-date\" datetime=\"2018-09-28T13:02:31+00:00\" >28 septiembre, 2018<\/time><\/span>                            <\/div>\r\n\r\n            \r\n        <\/div>\r\n\r\n        \n\t<\/div> <!-- .\/td-block-span12 -->\n\n\t<div class=\"td-block-span12\">\n\r\n        <div class=\"td_module_1 td_module_wrap td-animation-stack\">\r\n            <div class=\"td-module-image\">\r\n                <div class=\"td-module-thumb\"><a href=\"https:\/\/www.sedyne.es\/es\/jornada-lipidos\/\" rel=\"bookmark\" title=\"Jornada de L\u00edpidos \u00bfVamos hacia un mundo 0,0?    Bilbao, 17 de octubre de 2018\"><img loading=\"lazy\" decoding=\"async\" width=\"300\" height=\"160\" class=\"entry-thumb\" src=\"https:\/\/www.sedyne.es\/wp-content\/uploads\/2018\/09\/Jornadas-de-Lipidos-Diptico-001-300x160.jpg\" alt=\"\" title=\"Jornada de L\u00edpidos \u00bfVamos hacia un mundo 0,0?    Bilbao, 17 de octubre de 2018\"\/><\/a><\/div>                            <\/div>\r\n            <h3 class=\"entry-title td-module-title\"><a href=\"https:\/\/www.sedyne.es\/es\/jornada-lipidos\/\" rel=\"bookmark\" title=\"Jornada de L\u00edpidos \u00bfVamos hacia un mundo 0,0?    Bilbao, 17 de octubre de 2018\">Jornada de L\u00edpidos \u00bfVamos hacia un mundo 0,0?   ...<\/a><\/h3>\r\n            <div class=\"meta-info\">\r\n                                <span class=\"td-post-date\"><time class=\"entry-date updated td-module-date\" datetime=\"2018-09-21T13:01:36+00:00\" >21 septiembre, 2018<\/time><\/span>                            <\/div>\r\n\r\n            \r\n        <\/div>\r\n\r\n        \n\t<\/div> <!-- .\/td-block-span12 -->\n\n\t<div class=\"td-block-span12\">\n\r\n        <div class=\"td_module_1 td_module_wrap td-animation-stack\">\r\n            <div class=\"td-module-image\">\r\n                <div class=\"td-module-thumb\"><a href=\"https:\/\/www.sedyne.es\/es\/ii-edicion-curso-educacion-diabetologica-sedyne\/\" rel=\"bookmark\" title=\"II Edici\u00f3n Curso Educaci\u00f3n Diabetol\u00f3gica SEDyNE\"><img loading=\"lazy\" decoding=\"async\" width=\"300\" height=\"160\" class=\"entry-thumb\" src=\"https:\/\/www.sedyne.es\/wp-content\/uploads\/2018\/08\/slider-curso-educacion-300x160.jpg\" alt=\"\" title=\"II Edici\u00f3n Curso Educaci\u00f3n Diabetol\u00f3gica SEDyNE\"\/><\/a><\/div>                            <\/div>\r\n            <h3 class=\"entry-title td-module-title\"><a href=\"https:\/\/www.sedyne.es\/es\/ii-edicion-curso-educacion-diabetologica-sedyne\/\" rel=\"bookmark\" title=\"II Edici\u00f3n Curso Educaci\u00f3n Diabetol\u00f3gica SEDyNE\">II Edici\u00f3n Curso Educaci\u00f3n Diabetol\u00f3gica SEDyNE<\/a><\/h3>\r\n            <div class=\"meta-info\">\r\n                                <span class=\"td-post-date\"><time class=\"entry-date updated td-module-date\" datetime=\"2018-08-10T09:56:43+00:00\" >10 agosto, 2018<\/time><\/span>                            <\/div>\r\n\r\n            \r\n        <\/div>\r\n\r\n        \n\t<\/div> <!-- .\/td-block-span12 -->\n\n\t<div class=\"td-block-span12\">\n\r\n        <div class=\"td_module_1 td_module_wrap td-animation-stack\">\r\n            <div class=\"td-module-image\">\r\n                <div class=\"td-module-thumb\"><a href=\"https:\/\/www.sedyne.es\/es\/congreso-nacional-nutricion-oncologia-madrid-1-2-octubre-2018\/\" rel=\"bookmark\" title=\"Congreso Nacional de Nutrici\u00f3n en Oncolog\u00eda.  Madrid, 1-2 de octubre de 2018\"><img loading=\"lazy\" decoding=\"async\" width=\"300\" height=\"160\" class=\"entry-thumb\" src=\"https:\/\/www.sedyne.es\/wp-content\/uploads\/2018\/07\/CARTEL-NUTRICI\u00d3N-2018-300x160.jpg\" alt=\"congreso nacional nutrici\u00f3n\" title=\"Congreso Nacional de Nutrici\u00f3n en Oncolog\u00eda.  Madrid, 1-2 de octubre de 2018\"\/><\/a><\/div>                            <\/div>\r\n            <h3 class=\"entry-title td-module-title\"><a href=\"https:\/\/www.sedyne.es\/es\/congreso-nacional-nutricion-oncologia-madrid-1-2-octubre-2018\/\" rel=\"bookmark\" title=\"Congreso Nacional de Nutrici\u00f3n en Oncolog\u00eda.  Madrid, 1-2 de octubre de 2018\">Congreso Nacional de Nutrici\u00f3n en Oncolog\u00eda.  Madrid, 1-2 de octubre...<\/a><\/h3>\r\n            <div class=\"meta-info\">\r\n                                <span class=\"td-post-date\"><time class=\"entry-date updated td-module-date\" datetime=\"2018-07-09T11:06:13+00:00\" >9 julio, 2018<\/time><\/span>                            <\/div>\r\n\r\n            \r\n        <\/div>\r\n\r\n        \n\t<\/div> <!-- .\/td-block-span12 -->\n\n\t<div class=\"td-block-span12\">\n\r\n        <div class=\"td_module_1 td_module_wrap td-animation-stack\">\r\n            <div class=\"td-module-image\">\r\n                <div class=\"td-module-thumb\"><a href=\"https:\/\/www.sedyne.es\/es\/prevencion-trastornos-deficit-yodo\/\" rel=\"bookmark\" title=\"Prevenci\u00f3n de trastornos por d\u00e9ficit de Yodo\"><img loading=\"lazy\" decoding=\"async\" width=\"300\" height=\"160\" class=\"entry-thumb\" src=\"https:\/\/www.sedyne.es\/wp-content\/uploads\/2018\/04\/iodinedeclarationimagen-300x160.jpg\" alt=\"\" title=\"Prevenci\u00f3n de trastornos por d\u00e9ficit de Yodo\"\/><\/a><\/div>                            <\/div>\r\n            <h3 class=\"entry-title td-module-title\"><a href=\"https:\/\/www.sedyne.es\/es\/prevencion-trastornos-deficit-yodo\/\" rel=\"bookmark\" title=\"Prevenci\u00f3n de trastornos por d\u00e9ficit de Yodo\">Prevenci\u00f3n de trastornos por d\u00e9ficit de Yodo<\/a><\/h3>\r\n            <div class=\"meta-info\">\r\n                                <span class=\"td-post-date\"><time class=\"entry-date updated td-module-date\" datetime=\"2018-04-24T16:13:53+00:00\" >24 abril, 2018<\/time><\/span>                            <\/div>\r\n\r\n            \r\n        <\/div>\r\n\r\n        \n\t<\/div> <!-- .\/td-block-span12 -->\n\n\t<div class=\"td-block-span12\">\n\r\n        <div class=\"td_module_1 td_module_wrap td-animation-stack\">\r\n            <div class=\"td-module-image\">\r\n                <div class=\"td-module-thumb\"><a href=\"https:\/\/www.sedyne.es\/es\/congreso-sedyne-llegar\/\" rel=\"bookmark\" title=\"Congreso SEDYNE Como llegar\"><img loading=\"lazy\" decoding=\"async\" width=\"300\" height=\"160\" class=\"entry-thumb\" src=\"https:\/\/www.sedyne.es\/wp-content\/uploads\/2018\/02\/como-llegar-300x160.jpg\" alt=\"\" title=\"Congreso SEDYNE Como llegar\"\/><\/a><\/div>                            <\/div>\r\n            <h3 class=\"entry-title td-module-title\"><a href=\"https:\/\/www.sedyne.es\/es\/congreso-sedyne-llegar\/\" rel=\"bookmark\" title=\"Congreso SEDYNE Como llegar\">Congreso SEDYNE Como llegar<\/a><\/h3>\r\n            <div class=\"meta-info\">\r\n                                <span class=\"td-post-date\"><time class=\"entry-date updated td-module-date\" datetime=\"2018-02-25T19:26:42+00:00\" >25 febrero, 2018<\/time><\/span>                            <\/div>\r\n\r\n            \r\n        <\/div>\r\n\r\n        \n\t<\/div> <!-- .\/td-block-span12 --><\/div><\/div> <!-- .\/block -->[\/vc_column][vc_column width=\u00bb1\/3&#8243;][vc_widget_sidebar sidebar_id=\u00bbtd-default\u00bb][\/vc_column][\/vc_row]<\/p>\n<\/div>","protected":false},"excerpt":{"rendered":"<p>[vc_row][vc_column width=\u00bb2\/3&#8243;][\/vc_column][vc_column width=\u00bb1\/3&#8243;][vc_widget_sidebar sidebar_id=\u00bbtd-default\u00bb][\/vc_column][\/vc_row]<\/p>\n","protected":false},"author":120,"featured_media":0,"parent":454,"menu_order":0,"comment_status":"closed","ping_status":"closed","template":"","meta":{"footnotes":""},"class_list":["post-666","page","type-page","status-publish","hentry"],"_links":{"self":[{"href":"https:\/\/www.sedyne.es\/es\/wp-json\/wp\/v2\/pages\/666","targetHints":{"allow":["GET"]}}],"collection":[{"href":"https:\/\/www.sedyne.es\/es\/wp-json\/wp\/v2\/pages"}],"about":[{"href":"https:\/\/www.sedyne.es\/es\/wp-json\/wp\/v2\/types\/page"}],"author":[{"embeddable":true,"href":"https:\/\/www.sedyne.es\/es\/wp-json\/wp\/v2\/users\/120"}],"replies":[{"embeddable":true,"href":"https:\/\/www.sedyne.es\/es\/wp-json\/wp\/v2\/comments?post=666"}],"version-history":[{"count":2,"href":"https:\/\/www.sedyne.es\/es\/wp-json\/wp\/v2\/pages\/666\/revisions"}],"predecessor-version":[{"id":669,"href":"https:\/\/www.sedyne.es\/es\/wp-json\/wp\/v2\/pages\/666\/revisions\/669"}],"up":[{"embeddable":true,"href":"https:\/\/www.sedyne.es\/es\/wp-json\/wp\/v2\/pages\/454"}],"wp:attachment":[{"href":"https:\/\/www.sedyne.es\/es\/wp-json\/wp\/v2\/media?parent=666"}],"curies":[{"name":"wp","href":"https:\/\/api.w.org\/{rel}","templated":true}]}}