{"id":68,"date":"2016-09-28T14:39:25","date_gmt":"2016-09-28T13:39:25","guid":{"rendered":"http:\/\/www.sedyne.es\/?page_id=68"},"modified":"2016-09-28T14:41:19","modified_gmt":"2016-09-28T13:41:19","slug":"politica-de-privacidad","status":"publish","type":"page","link":"https:\/\/www.sedyne.es\/es\/politica-de-privacidad\/","title":{"rendered":"Pol\u00edtica de privacidad"},"content":{"rendered":"<p><strong>Aviso legal:<\/strong><strong>\u00a0<\/strong><br \/>\n<strong>SEDyNE<\/strong>\u00a0cumple con los requisitos establecidos en la Ley 34\/2002, de 11 de julio, de Servicios de la Sociedad de la informaci\u00f3n y Comercio Electr\u00f3nico, y a tal fin ha creado el siguiente aviso legal:<br \/>\nLa utilizaci\u00f3n del Portal atribuye la condici\u00f3n de usuario del Portal, e implica la aceptaci\u00f3n plena y sin reservas de todas y cada una de las disposiciones incluidas en este Aviso Legal.<\/p>\n<p><strong>Informaci\u00f3n General:<\/strong><br \/>\n<strong>SEDyNE<\/strong><br \/>\nASOCIACI\u00d3N DE ENDOCRINOLOG\u00cdA, DIABETES Y NUTRICION DE EUSKADI<br \/>\nEUSKADIKO ENDOKRINOLOGIA, DIABETES ETA NUTRIZIOKO ELKARTEA<br \/>\nLersundi, 9\u00a0&#8211; 48009 Bilbao<br \/>\nN\u00ba de registro:\u00a0AS\/B\/01012\/1988<br \/>\n<strong><br \/>\nPol\u00edtica de Privacidad:<\/strong><br \/>\nEn cumplimiento de la Ley Org\u00e1nica 15\/1999 de 13 de diciembre, de Protecci\u00f3n de Datos de Car\u00e1cter Personal, le informamos que los datos personales que nos suministre a trav\u00e9s del portal www.sedyne.es ser\u00e1n tratados de forma confidencial y pasar\u00e1n a formar parte de un fichero titularidad de SEDyNE, Lersundi, 9\u00a0&#8211; 48009 Bilbao, que ha sido debidamente inscrito en la Agencia Espa\u00f1ola de Protecci\u00f3n de Datos (www.agpd.es). Sus datos personales ser\u00e1n utilizados \u00fanicamente para el env\u00edo de la informaci\u00f3n que el usuario haya podido solicitar y para el env\u00edo de futuras comunicaciones comerciales que pudieran ser de su inter\u00e9s.<\/p>\n<p>As\u00ed mismo, le informamos que puede ejercitar sus derechos de acceso, rectificaci\u00f3n, cancelaci\u00f3n y oposici\u00f3n con arreglo a lo previsto en la Ley Org\u00e1nica 15\/1999, de 13 de diciembre, de Protecci\u00f3n de Datos de Car\u00e1cter personal, enviando un correo electr\u00f3nico a la direcci\u00f3n\u00a0 <a href=\"mailto:info@sedyne.es\" target=\"_blank\">info@sedyne.es<\/a>\u00a0o si lo desea una carta junto con al fotocopia de su DNI, a la siguiente direcci\u00f3n: SEDyNE, Lersundi, 9\u00a0&#8211; 48009 Bilbao.<\/p>\n<p>SEDyNE no vende, alquila ni pone a disposici\u00f3n de terceras personas los datos personales proporcionados por los usuarios del portal.<\/p>\n<p>El usuario garantiza que los datos personales facilitados son veraces y se hace responsable de comunicar cualquier modificaci\u00f3n en los mismos. El usuario ser\u00e1 el \u00fanico responsable de cualquier da\u00f1o o perjuicio, directo o indirecto, que pudiera ocasionar a SEDyNE o a cualquier tercero a causa de la cumplimentaci\u00f3n de los formularios con datos falsos, inexactos, incompletos o no actualizados.<\/p>\n<p>SEDyNE ha adoptado las medidas necesarias para evitar la alteraci\u00f3n, p\u00e9rdida, tratamiento o acceso no autorizado de los datos personales, habida cuenta en todo momento del estado de la tecnolog\u00eda, no obstante, el usuario debe ser consciente de que las medidas de seguridad en Internet no son inexpugnables.<\/p>\n<p>La cumplimentaci\u00f3n de los formularios incluidos en el portal, implica el consentimiento expreso del usuario a la inclusi\u00f3n de sus datos de car\u00e1cter personal en el referido fichero automatizado de SEDyNE.<\/p>\n<p><strong>Propiedad Intelectual e Industrial:<\/strong><br \/>\nSEDyNE\u00a0es el titular de los elementos que integran la p\u00e1gina Web www.sedyne.es\u00a0: c\u00f3digo fuente, estructura de navegaci\u00f3n, base de datos, contenido y dise\u00f1o gr\u00e1fico (men\u00fas, botones de navegaci\u00f3n, los textos, im\u00e1genes, texturas, gr\u00e1ficos, etc.) o, en cualquier caso, dispone de la correspondiente autorizaci\u00f3n para la utilizaci\u00f3n de dichos elementos.<\/p>\n<p>Marcas registradas: todos los productos y nombres de compa\u00f1\u00edas mencionados aqu\u00ed son marcas registradas de sus respectivos propietarios<\/p>\n<p><strong>Contenidos:<\/strong><br \/>\nSEDyNE se reserva el derecho de efectuar sin previo aviso las modificaciones que considere oportunas en el sitio Web, pudiendo cambiar, suprimir o a\u00f1adir tanto los contenidos y servicios que presta como la forma en la que \u00e9stos aparezcan presentados o localizados.<\/p>\n<p>El usuario se compromete a hacer un uso adecuado de los contenidos y servicios que SEDyNE ofrece, y a no emplearlos para incurrir en actividades il\u00edcitas o contrarias a la buena fe y al ordenamiento legal, y a no provocar da\u00f1os en los sistemas f\u00edsicos y l\u00f3gicos de SEDyNE, de sus proveedores o de terceras personas, introducir o difundir en la red virus inform\u00e1ticos o cualesquiera otros sistemas f\u00edsicos o l\u00f3gicos que sean susceptibles de provocar los da\u00f1os anteriormente expuestos.<\/p>\n","protected":false},"excerpt":{"rendered":"<p>Aviso legal:\u00a0 SEDyNE\u00a0cumple con los requisitos establecidos en la Ley 34\/2002, de 11 de julio, de Servicios de la Sociedad de la informaci\u00f3n y Comercio Electr\u00f3nico, y a tal fin ha creado el siguiente aviso legal: La utilizaci\u00f3n del Portal atribuye la condici\u00f3n de usuario del Portal, e implica la aceptaci\u00f3n plena y sin reservas [&hellip;]<\/p>\n","protected":false},"author":120,"featured_media":0,"parent":0,"menu_order":0,"comment_status":"closed","ping_status":"closed","template":"","meta":{"footnotes":""},"class_list":["post-68","page","type-page","status-publish","hentry"],"_links":{"self":[{"href":"https:\/\/www.sedyne.es\/es\/wp-json\/wp\/v2\/pages\/68","targetHints":{"allow":["GET"]}}],"collection":[{"href":"https:\/\/www.sedyne.es\/es\/wp-json\/wp\/v2\/pages"}],"about":[{"href":"https:\/\/www.sedyne.es\/es\/wp-json\/wp\/v2\/types\/page"}],"author":[{"embeddable":true,"href":"https:\/\/www.sedyne.es\/es\/wp-json\/wp\/v2\/users\/120"}],"replies":[{"embeddable":true,"href":"https:\/\/www.sedyne.es\/es\/wp-json\/wp\/v2\/comments?post=68"}],"version-history":[{"count":1,"href":"https:\/\/www.sedyne.es\/es\/wp-json\/wp\/v2\/pages\/68\/revisions"}],"predecessor-version":[{"id":69,"href":"https:\/\/www.sedyne.es\/es\/wp-json\/wp\/v2\/pages\/68\/revisions\/69"}],"wp:attachment":[{"href":"https:\/\/www.sedyne.es\/es\/wp-json\/wp\/v2\/media?parent=68"}],"curies":[{"name":"wp","href":"https:\/\/api.w.org\/{rel}","templated":true}]}}