{"id":698,"date":"2018-08-29T10:25:46","date_gmt":"2018-08-29T09:25:46","guid":{"rendered":"http:\/\/www.sedyne.es\/?page_id=698\/"},"modified":"2018-08-29T10:30:15","modified_gmt":"2018-08-29T09:30:15","slug":"comunicaciones","status":"publish","type":"page","link":"https:\/\/www.sedyne.es\/es\/congreso\/marzo-2018\/comunicaciones\/","title":{"rendered":"Comunicaciones 2018"},"content":{"rendered":"<p><strong>FECHA L\u00cdMITE DE RECEPCI\u00d3N DE COMUNICACIONES:\u00a0\u00a0 <del>09-02-2018<\/del>\u00a0 19-02-2018<br \/>\n<\/strong><\/p>\n<p>TODAS LAS COMUNICACIONES SE PRESENTAR\u00c1N EN<strong>\u00a0<\/strong><strong>FORMATO DIGITAL<\/strong><\/p>\n<p>El resumen debe contener:\u00a0 Introducci\u00f3n, Metodolog\u00eda, Resultados y Conclusiones.<br \/>\nM\u00e1ximo 8000 caracteres\u00a0 Tipo de letra: Arial 11<\/p>\n<p><a href=\"https:\/\/tisa.teventos.com\/sedyne2018\/es\/mods\/envio-de-comunicaciones\" target=\"_blank\" rel=\"noopener noreferrer\"><strong>ENVIAR COMUNICACI\u00d3N<\/strong><\/a><strong>\u00a0<\/strong><\/p>\n<p><strong>Normas de PRESENTACI\u00d3N:<br \/>\n<\/strong>Dispondr\u00e1 de 5 minutos para defender cada comunicaci\u00f3n.<br \/>\nPuede utilizar un m\u00e1ximo de 2 diapositivas (pps) para cada p\u00f3ster.<\/p>\n<ul>\n<li>Diapositiva 1 &#8211; Material y m\u00e9todos<\/li>\n<li>Diapositiva 2 &#8211; Resultados y conclusiones<\/li>\n<\/ul>\n<p><strong>HORARIO Y SALA:<\/strong><\/p>\n<p><strong>13:10 &#8211; 14:25 h.\u00a0 Presentaci\u00f3n de comunicaciones de manera simult\u00e1nea en el Auditorio y en el Aula 02.<br \/>\n<\/strong><\/p>\n<p>Puede consultar aqu\u00ed el orden de exposci\u00f3n y la sala.<\/p>\n<p>&nbsp;<\/p>\n<table width=\"450\">\n<tbody>\n<tr>\n<td width=\"29\"><\/td>\n<td width=\"421\">\n<p><span style=\"color: #0000ff;\"><em><strong>Comunicaciones Orales A <\/strong><\/em><em>\u2013<\/em><strong> Auditorio<\/strong><\/span><\/p>\n<p><strong>Moderatzailea \/<\/strong>\u00a0<strong>Moderadora:\u00a0 Dra. Nerea Ega\u00f1a<\/strong><strong>.<\/strong><\/p>\n<p>Servicio de Endocrinolog\u00eda y Nutrici\u00f3n.\u00a0 Complejo Hospitalario Donostia.<\/td>\n<\/tr>\n<\/tbody>\n<\/table>\n<table width=\"454\">\n<tbody>\n<tr>\n<td width=\"19\"><\/td>\n<td width=\"435\"><strong>T\u00edtulo<\/strong><\/td>\n<\/tr>\n<tr>\n<td width=\"19\">1<\/td>\n<td width=\"435\">CARACTER\u00cdSTICAS AL DEBUT DE LA DIABETES MELLITUS TIPO 1 EN NUESTRO MEDIO: DETERMINANTES GEN\u00c9TICOS<\/td>\n<\/tr>\n<tr>\n<td width=\"19\">2<\/td>\n<td width=\"435\">S\u00cdNDROME DE CUSHING ECT\u00d3PICO: DESCRIPCI\u00d3N DE 6 CASOS<\/td>\n<\/tr>\n<tr>\n<td width=\"19\">3<\/td>\n<td width=\"435\">ACROMEGALIA Y COLONOSCOPIAS: HALLAZGOS Y VALORACI\u00d3N DE LA ADHERENCIA A LAS GU\u00cdAS ACTUALES EN NUESTRO CENTRO<\/td>\n<\/tr>\n<tr>\n<td width=\"19\">4<\/td>\n<td width=\"435\">Alteraciones endocrinol\u00f3gicas en relaci\u00f3n con f\u00e1rmacos inmunoter\u00e1picos<\/td>\n<\/tr>\n<tr>\n<td width=\"19\">5<\/td>\n<td width=\"435\">Prevalencia global de los niveles de vitamina D en poblaci\u00f3n infantil sana de la comarca Goierri-Alto Urola- Gipuzkoa<\/td>\n<\/tr>\n<tr>\n<td width=\"19\">6<\/td>\n<td width=\"435\">Transici\u00f3n en el paciente pedi\u00e1trico con DM1: dificultades reales<\/td>\n<\/tr>\n<tr>\n<td width=\"19\">7<\/td>\n<td width=\"435\">GLIOSARCOMA PRIMARIO DEL NERVIO \u00d3PTICO CON AFECTACI\u00d3N HIPOFISARIA<\/td>\n<\/tr>\n<tr>\n<td width=\"19\">8<\/td>\n<td width=\"435\">EXPERIENCIA EN VIDA REAL TRAS EL CAMBIO DE OTRAS INSULINAS BASALES A GLARGINA U300 EN DIABETES MELLITUS TIPO 2<\/td>\n<\/tr>\n<tr>\n<td width=\"19\">9<\/td>\n<td width=\"435\">EFECTO DEL TRATAMIENTO HORMONAL CRUZADO SOBRE LA COMPOSICI\u00d3N CORPORAL Y EL PERFIL LIP\u00cdDICO EN INDIVIDUOS TRANSEXUALES: EXPERIENCIA EN NUESTRA UNIDAD.<\/td>\n<\/tr>\n<tr>\n<td width=\"19\">10<\/td>\n<td width=\"435\">HIPOGLUCEMIA COMO FORMA DE PRESENTACI\u00d3N DE TUMOR PLEURAL<\/td>\n<\/tr>\n<tr>\n<td width=\"19\">11<\/td>\n<td width=\"435\">ESTUDIO CL\u00cdNICO Y MOLECULAR DE PACIENTES CON HIPERCALCEMIA O HIPOCALCEMIA Y ALTERACIONES EN EL RECEPTOR SENSOR DEL CALCIO<\/td>\n<\/tr>\n<tr>\n<td width=\"19\">12<\/td>\n<td width=\"435\">Factores predictores de morbilidad gestacional en mujeres que no toleran SOG<\/td>\n<\/tr>\n<tr>\n<td width=\"19\">13<\/td>\n<td width=\"435\">UTILIDAD DEL TIPADO INMUNOHISTOQU\u00cdMICO DE LOS ADENOMAS SOMATOTROPOS. A PROP\u00d3SITO DE UN CASO<\/td>\n<\/tr>\n<tr>\n<td width=\"19\">14<\/td>\n<td width=\"435\">Dosis fjas de levotiroxina en el trata miento de gestanTes con hipotiroidismo primario diagnosticado durante la gestaci\u00f3n<\/td>\n<\/tr>\n<tr>\n<td width=\"19\">15<\/td>\n<td width=\"435\">DOS DECADAS DE EXPERIENCIA CON EL HIPERPARATIROIDISMO PRIMARIO QUIR\u00daRGICO<\/td>\n<\/tr>\n<\/tbody>\n<\/table>\n<p>&nbsp;<\/p>\n<table width=\"450\">\n<tbody>\n<tr>\n<td width=\"29\"><\/td>\n<td width=\"421\">\n<p><span style=\"color: #0000ff;\"><em><strong>Comunicaciones Orales B <\/strong><\/em><em>\u2013<\/em><strong> Aula 02<\/strong><\/span><\/p>\n<p><strong>Moderatzailea \/<\/strong>\u00a0<strong>Moderadora:\u00a0 Dra. Leire Isasa<\/strong><strong>.<\/strong><\/p>\n<p>Servicio de Endocrinolog\u00eda y Nutrici\u00f3n. Hospital Universitario Araba.<\/td>\n<\/tr>\n<\/tbody>\n<\/table>\n<table width=\"463\">\n<tbody>\n<tr>\n<td width=\"28\"><\/td>\n<td width=\"435\"><strong>T\u00edtulo<\/strong><\/td>\n<\/tr>\n<tr>\n<td width=\"28\">1<\/td>\n<td width=\"435\">Relaci\u00f3n entre hipoglucemias inadvertidas y temor a las hipoglucemias, en pacientes con diabetes mellitus tipo 1 en la practica cl\u00ednica<\/td>\n<\/tr>\n<tr>\n<td width=\"28\">2<\/td>\n<td width=\"435\">Evaluaci\u00f3n del estado nutricional de los pacientes ingresados en la planta de hospitalizaci\u00f3n de neurolog\u00eda de OSI Barrualde-Galdakao<\/td>\n<\/tr>\n<tr>\n<td width=\"28\">3<\/td>\n<td width=\"435\">EXPERIENCIA EN CIRUG\u00cdA BARI\u00c1TRICA EN EL H.U. CRUCES (2008-2012), ESTUDIO EVOLUTIVO Y COMPARATIVO ENTRE T\u00c9CNICAS QUIR\u00daRGICAS<\/td>\n<\/tr>\n<tr>\n<td width=\"28\">4<\/td>\n<td width=\"435\">MEGAEST\u00d3MAGO SECUNDARIO A S\u00cdNDROME DE ARTERIA MESENT\u00c9RICA SUPERIOR (SINDROME DE WILKIE)<\/td>\n<\/tr>\n<tr>\n<td width=\"28\">5<\/td>\n<td width=\"435\">\u201cNutritionDay\u201d en el Hospital de Cruces<\/td>\n<\/tr>\n<tr>\n<td width=\"28\">6<\/td>\n<td width=\"435\">EXPERIENCIA DEL COMEDOR TERAPE\u00daTICO PARA EL TRATAMIENTO DE PACIENTES CON ANOREXIA NERVOSA<\/td>\n<\/tr>\n<tr>\n<td width=\"28\">7<\/td>\n<td width=\"435\">Estudio gen\u00e9tico de adenomas hipofisarios en poblaci\u00f3n pedi\u00e1trica y adultos j\u00f3venes: Estudio colaborativo<\/td>\n<\/tr>\n<tr>\n<td width=\"28\">8<\/td>\n<td width=\"435\">Deficit de vit D gestacional: un riesgo para el Ni\u00f1o<\/td>\n<\/tr>\n<tr>\n<td width=\"28\">9<\/td>\n<td width=\"435\">de Vit D en una consulta de Endocrinolog\u00eda pedi\u00e1trica<\/td>\n<\/tr>\n<tr>\n<td width=\"28\">10<\/td>\n<td width=\"435\">Recuperaci\u00f3n funcional significativa tras m\u00ednima intervenci\u00f3n nutricional enn paciente afecto de disfagia de origen mixto<\/td>\n<\/tr>\n<tr>\n<td width=\"28\">11<\/td>\n<td width=\"435\">FRECUENCIA DE DESNUTRICI\u00d3N EN PACIENTES SOMETIDOS A CIRUG\u00cdA MAYOR<\/td>\n<\/tr>\n<tr>\n<td width=\"28\">12<\/td>\n<td width=\"435\">Gastrostom\u00edas del HUB: \u00bfA qui\u00e9n, cu\u00e1ndo y c\u00f3mo? Resultados del suban\u00e1lisis sobre el grado de conocimiento a las 24 horas de la implantaci\u00f3n de la sonda y del test de calidad de vida mensual<\/td>\n<\/tr>\n<tr>\n<td width=\"28\">13<\/td>\n<td width=\"435\">AN\u00c1LISIS DEL CONOCIMIENTO DE LA DIETA DE RACIONES EN PACIENTES DIAB\u00c9TICOS TIPO 1 Y SUS POSIBLES ASOCIACIONES<\/td>\n<\/tr>\n<tr>\n<td width=\"28\">14<\/td>\n<td width=\"435\">soporte nutricional en una paciente con disfagia orofar\u00edngea funcional secundaria a botulismo<\/td>\n<\/tr>\n<tr>\n<td width=\"28\">15<\/td>\n<td width=\"435\">PREVALENCIA DE DESNUTRICI\u00d3N HOSPITALARIA EN UN AREA DE MEDICINA INTERNA: IMPLANTACI\u00d3N DE UN M\u00c9TODO DE CRIBADO<\/td>\n<\/tr>\n<\/tbody>\n<\/table>\n<p>&nbsp;<\/p>\n<p><strong>Recuerde tener su comunicaci\u00f3n previamente cargada en el ordenador de la sala que le corresponde, por favor. \u00a0Puede hacerlo antes del inicio de las conferencias y en la pausa caf\u00e9.<br \/>\n<\/strong><\/p>\n<p>&nbsp;<\/p>\n","protected":false},"excerpt":{"rendered":"<p>FECHA L\u00cdMITE DE RECEPCI\u00d3N DE COMUNICACIONES:\u00a0\u00a0 09-02-2018\u00a0 19-02-2018 TODAS LAS COMUNICACIONES SE PRESENTAR\u00c1N EN\u00a0FORMATO DIGITAL El resumen debe contener:\u00a0 Introducci\u00f3n, Metodolog\u00eda, Resultados y Conclusiones. M\u00e1ximo 8000 caracteres\u00a0 Tipo de letra: Arial 11 ENVIAR COMUNICACI\u00d3N\u00a0 Normas de PRESENTACI\u00d3N: Dispondr\u00e1 de 5 minutos para defender cada comunicaci\u00f3n. Puede utilizar un m\u00e1ximo de 2 diapositivas (pps) para cada [&hellip;]<\/p>\n","protected":false},"author":120,"featured_media":0,"parent":693,"menu_order":3,"comment_status":"closed","ping_status":"closed","template":"","meta":{"footnotes":""},"class_list":["post-698","page","type-page","status-publish","hentry"],"_links":{"self":[{"href":"https:\/\/www.sedyne.es\/es\/wp-json\/wp\/v2\/pages\/698","targetHints":{"allow":["GET"]}}],"collection":[{"href":"https:\/\/www.sedyne.es\/es\/wp-json\/wp\/v2\/pages"}],"about":[{"href":"https:\/\/www.sedyne.es\/es\/wp-json\/wp\/v2\/types\/page"}],"author":[{"embeddable":true,"href":"https:\/\/www.sedyne.es\/es\/wp-json\/wp\/v2\/users\/120"}],"replies":[{"embeddable":true,"href":"https:\/\/www.sedyne.es\/es\/wp-json\/wp\/v2\/comments?post=698"}],"version-history":[{"count":2,"href":"https:\/\/www.sedyne.es\/es\/wp-json\/wp\/v2\/pages\/698\/revisions"}],"predecessor-version":[{"id":708,"href":"https:\/\/www.sedyne.es\/es\/wp-json\/wp\/v2\/pages\/698\/revisions\/708"}],"up":[{"embeddable":true,"href":"https:\/\/www.sedyne.es\/es\/wp-json\/wp\/v2\/pages\/693"}],"wp:attachment":[{"href":"https:\/\/www.sedyne.es\/es\/wp-json\/wp\/v2\/media?parent=698"}],"curies":[{"name":"wp","href":"https:\/\/api.w.org\/{rel}","templated":true}]}}