{"id":70,"date":"2016-09-29T09:54:02","date_gmt":"2016-09-29T08:54:02","guid":{"rendered":"http:\/\/www.sedyne.es\/?page_id=70"},"modified":"2018-08-29T11:14:29","modified_gmt":"2018-08-29T10:14:29","slug":"presentacion-y-comites","status":"publish","type":"page","link":"https:\/\/www.sedyne.es\/es\/congreso\/marzo-2017\/presentacion-y-comites\/","title":{"rendered":"Presentaci\u00f3n y comit\u00e9s 2017"},"content":{"rendered":"<p>Estimados\/as amigos\/as<\/p>\n<p>El pr\u00f3ximo 2017 celebraremos en el<strong>\u00a0XIX Congreso de la Sociedad de Endocrinolog\u00eda, Diabetes y Nutrici\u00f3n de Euskadi.<\/strong><\/p>\n<p>De nuevo nos reuniremos para debatir ideas e intercambiar experiencias, para estar con viejos conocidos y para recibir a nuevos profesionales que se incorporan con ilusi\u00f3n al mundo de la endocrinolog\u00eda.<\/p>\n<p>En este congreso se debatir\u00e1n temas como la\u00a0<strong>Cirug\u00eda metab\u00f3lica; las novedades en diabetes y tratamiento con hormona de crecimiento; la Puesta al d\u00eda en competencias en enfermer\u00eda de Endocrinolog\u00eda y las Soluciones para el d\u00eda a d\u00eda del endocrin\u00f3logo.<\/strong><\/p>\n<p>Estamos trabajando para ofrecer un programa interesante, de alto nivel cient\u00edfico que nos permita avanzar en este apasionante mundo de mejora de nuestra especialidad.<\/p>\n<p>Estamos seguros que el esfuerzo y la colaboraci\u00f3n de todos, nos permitir\u00e1 alcanzar nuevas cotas de participaci\u00f3n, de contenido cient\u00edfico y de conocimiento.<\/p>\n<p>Esperamos veros en Bilbao que se abrir\u00e1 para acogeros.<\/p>\n<p>Agradeciendo de antemano vuestra colaboraci\u00f3n, os enviamos un cordial saludo,<\/p>\n<p style=\"text-align: center;\"><strong>Javier Santamar\u00eda Sandi<\/strong><br \/>\nPresidente Comit\u00e9 Organizador<\/p>\n<table>\n<tbody>\n<tr>\n<td style=\"vertical-align: top;\">\n<h3>COMIT\u00c9 ORGANIZADOR<\/h3>\n<p>Presidente:<br \/>\n<strong>Javier Santamar\u00eda<\/strong><\/p>\n<p>Secretaria:<br \/>\n<strong>Gema Grau<\/strong><\/p>\n<p>Tesorera:<br \/>\n<strong>Alicia Cort\u00e1zar<\/strong><\/p>\n<p>Vocales:<br \/>\n<strong>Luis Casta\u00f1o<br \/>\n<\/strong><strong>M\u00aa Sonia Gaztambide<br \/>\n<\/strong><strong>Ana Moreno<br \/>\n<\/strong><strong>Dolores Moure<br \/>\n<\/strong><strong>Itxaso Rica<\/strong><\/td>\n<td style=\"vertical-align: top;\">\n<h3>COMIT\u00c9 CIENT\u00cdFICO<\/h3>\n<p>Presidente:<br \/>\n<strong>Amelia Oleaga<\/strong><\/p>\n<p>Secretar\u00eda:<br \/>\n<strong>Dolores Moure<\/strong><\/p>\n<p>Tesorero:<br \/>\n<strong>Aitzol Lizarraga<\/strong><\/p>\n<p>Vocales:<br \/>\n<strong>M\u00aa Luisa Antu\u00f1ano<br \/>\n<\/strong><strong>Pilar S\u00e1ez<br \/>\n<\/strong><strong>Javier Santamar\u00eda<br \/>\n<\/strong><strong>M\u00aa Angeles Vicente<\/strong><\/td>\n<\/tr>\n<\/tbody>\n<\/table>\n<p>&nbsp;<\/p>\n<p>&nbsp;<\/p>\n<p>&nbsp;<\/p>\n<h3><\/h3>\n","protected":false},"excerpt":{"rendered":"<p>Estimados\/as amigos\/as El pr\u00f3ximo 2017 celebraremos en el\u00a0XIX Congreso de la Sociedad de Endocrinolog\u00eda, Diabetes y Nutrici\u00f3n de Euskadi. De nuevo nos reuniremos para debatir ideas e intercambiar experiencias, para estar con viejos conocidos y para recibir a nuevos profesionales que se incorporan con ilusi\u00f3n al mundo de la endocrinolog\u00eda. En este congreso se debatir\u00e1n [&hellip;]<\/p>\n","protected":false},"author":120,"featured_media":0,"parent":472,"menu_order":0,"comment_status":"closed","ping_status":"closed","template":"","meta":{"footnotes":""},"class_list":["post-70","page","type-page","status-publish","hentry"],"_links":{"self":[{"href":"https:\/\/www.sedyne.es\/es\/wp-json\/wp\/v2\/pages\/70","targetHints":{"allow":["GET"]}}],"collection":[{"href":"https:\/\/www.sedyne.es\/es\/wp-json\/wp\/v2\/pages"}],"about":[{"href":"https:\/\/www.sedyne.es\/es\/wp-json\/wp\/v2\/types\/page"}],"author":[{"embeddable":true,"href":"https:\/\/www.sedyne.es\/es\/wp-json\/wp\/v2\/users\/120"}],"replies":[{"embeddable":true,"href":"https:\/\/www.sedyne.es\/es\/wp-json\/wp\/v2\/comments?post=70"}],"version-history":[{"count":11,"href":"https:\/\/www.sedyne.es\/es\/wp-json\/wp\/v2\/pages\/70\/revisions"}],"predecessor-version":[{"id":621,"href":"https:\/\/www.sedyne.es\/es\/wp-json\/wp\/v2\/pages\/70\/revisions\/621"}],"up":[{"embeddable":true,"href":"https:\/\/www.sedyne.es\/es\/wp-json\/wp\/v2\/pages\/472"}],"wp:attachment":[{"href":"https:\/\/www.sedyne.es\/es\/wp-json\/wp\/v2\/media?parent=70"}],"curies":[{"name":"wp","href":"https:\/\/api.w.org\/{rel}","templated":true}]}}