{"id":97,"date":"2016-10-09T12:15:30","date_gmt":"2016-10-09T11:15:30","guid":{"rendered":"http:\/\/www.sedyne.es\/?page_id=97"},"modified":"2017-11-30T07:01:59","modified_gmt":"2017-11-30T06:01:59","slug":"becas","status":"publish","type":"page","link":"https:\/\/www.sedyne.es\/es\/becas\/","title":{"rendered":"Becas SEDyNE"},"content":{"rendered":"<p>Se propone la concesi\u00f3n de becas con frecuencia anual (hasta un total de 6.000 \u20ac y un m\u00e1ximo de 1.000 \u20ac por beca) como ayuda para los gastos correspondientes a inscripci\u00f3n, desplazamiento y estancia, derivados de las siguientes actividades:<\/p>\n<ul>\n<li>Estancias en centros hospitalarios del estado o extranjeros para el aprendizaje de nuevas t\u00e9cnicas relacionadas con la endocrinolog\u00eda. (estancias iguales o superiores a un mes).<\/li>\n<li>Cursos reglados con titulaci\u00f3n espec\u00edfica y asistencia a congresos relacionados con la endocrinolog\u00eda.<\/li>\n<li>Tesis doctorales activas: para requerimiento de materiales o equipos necesarios para su realizaci\u00f3n.<\/li>\n<\/ul>\n<p>&nbsp;<\/p>\n<p><strong>CONDICIONES:<\/strong><\/p>\n<p>* Ser\u00e1 condici\u00f3n indispensable ser socio de SEDYNE.<\/p>\n<p>*En el caso de asistencia a congresos, ser\u00e1 indispensable ser primer autor de una comunicaci\u00f3n.<\/p>\n<p>* La solicitud de la beca deber\u00e1 realizarse del 1 al 30 se septiembre de cada a\u00f1o para que pueda resolverse antes fin de a\u00f1o.<\/p>\n<p>* La selecci\u00f3n de las actividades subvencionadas se realizara tras valoraci\u00f3n por los miembros de la junta de SEDYNE de cada propuesta recibida.<\/p>\n<p>* La solicitud y la presentaci\u00f3n de la documentaci\u00f3n se realizara a trav\u00e9s de la p\u00e1gina web.<\/p>\n<p>&nbsp;<\/p>\n<p><strong>DOCUMENTACI\u00d3N A PRESENTAR:<\/strong><\/p>\n<p>&#8211; En el caso de estancias en centros hospitalarios extranjeros debe aportarse documento fehaciente de la aceptaci\u00f3n por parte del centro receptor y una breve memoria sobre la actividad a desarrollar.<\/p>\n<p>&#8211; En el caso de cursos reglados o asistencia a congresos ser\u00e1 preciso que aporte los documentos que justifiquen la matriculaci\u00f3n o la inscripci\u00f3n.<\/p>\n<p>-Las tesis doctorales activas aportaran la documentaci\u00f3n que justifique la actividad de dicha tesis (certificaci\u00f3n de director\/res, memoria que justifique la compra de material o equipos\u2026)<\/p>\n\n<div class=\"wpcf7 no-js\" id=\"wpcf7-f99-o1\" lang=\"es-ES\" dir=\"ltr\" data-wpcf7-id=\"99\">\n<div class=\"screen-reader-response\"><p role=\"status\" aria-live=\"polite\" aria-atomic=\"true\"><\/p> <ul><\/ul><\/div>\n<form action=\"\/es\/wp-json\/wp\/v2\/pages\/97#wpcf7-f99-o1\" method=\"post\" class=\"wpcf7-form init\" aria-label=\"Formulario de contacto\" novalidate=\"novalidate\" data-status=\"init\">\n<fieldset class=\"hidden-fields-container\"><input type=\"hidden\" name=\"_wpcf7\" value=\"99\" \/><input type=\"hidden\" name=\"_wpcf7_version\" value=\"6.1.5\" \/><input type=\"hidden\" name=\"_wpcf7_locale\" value=\"es_ES\" \/><input type=\"hidden\" name=\"_wpcf7_unit_tag\" value=\"wpcf7-f99-o1\" \/><input type=\"hidden\" name=\"_wpcf7_container_post\" value=\"0\" \/><input type=\"hidden\" name=\"_wpcf7_posted_data_hash\" value=\"\" \/><input type=\"hidden\" name=\"_wpcf7_recaptcha_response\" value=\"\" \/>\n<\/fieldset>\n<p><label> Nombre (requerido)<br \/>\n<span class=\"wpcf7-form-control-wrap\" data-name=\"name\"><input size=\"40\" maxlength=\"400\" class=\"wpcf7-form-control wpcf7-text wpcf7-validates-as-required\" aria-required=\"true\" aria-invalid=\"false\" value=\"\" type=\"text\" name=\"name\" \/><\/span> <\/label>\n<\/p>\n<p><label> E-mail (requerido)<br \/>\n<span class=\"wpcf7-form-control-wrap\" data-name=\"email\"><input size=\"40\" maxlength=\"400\" class=\"wpcf7-form-control wpcf7-email wpcf7-validates-as-required wpcf7-text wpcf7-validates-as-email\" aria-required=\"true\" aria-invalid=\"false\" value=\"\" type=\"email\" name=\"email\" \/><\/span> <\/label>\n<\/p>\n<p><label> Tel\u00e9fono de contacto (requerido)<br \/>\n<span class=\"wpcf7-form-control-wrap\" data-name=\"your-tlfl\"><input size=\"40\" maxlength=\"400\" class=\"wpcf7-form-control wpcf7-tel wpcf7-validates-as-required wpcf7-text wpcf7-validates-as-tel\" aria-required=\"true\" aria-invalid=\"false\" value=\"\" type=\"tel\" name=\"your-tlfl\" \/><\/span> <\/label>\n<\/p>\n<p><label> Puesto de Trabajo (m\u00e9dico\/enfermera...)<br \/>\n<span class=\"wpcf7-form-control-wrap\" data-name=\"puesto\"><input size=\"40\" maxlength=\"400\" class=\"wpcf7-form-control wpcf7-text wpcf7-validates-as-required\" aria-required=\"true\" aria-invalid=\"false\" value=\"\" type=\"text\" name=\"puesto\" \/><\/span> <\/label>\n<\/p>\n<p><label> Hospital \/ ambulatorio de trabajo<br \/>\n<span class=\"wpcf7-form-control-wrap\" data-name=\"hospital\"><input size=\"40\" maxlength=\"400\" class=\"wpcf7-form-control wpcf7-text wpcf7-validates-as-required\" aria-required=\"true\" aria-invalid=\"false\" value=\"\" type=\"text\" name=\"hospital\" \/><\/span> <\/label>\n<\/p>\n<p><label> Asunto<br \/>\n<span class=\"wpcf7-form-control-wrap\" data-name=\"asunto\"><input size=\"40\" maxlength=\"400\" class=\"wpcf7-form-control wpcf7-text\" aria-invalid=\"false\" value=\"\" type=\"text\" name=\"asunto\" \/><\/span> <\/label>\n<\/p>\n<p><label> Mensaje<br \/>\n<span class=\"wpcf7-form-control-wrap\" data-name=\"mensaje\"><textarea cols=\"40\" rows=\"10\" maxlength=\"2000\" class=\"wpcf7-form-control wpcf7-textarea\" aria-invalid=\"false\" name=\"mensaje\"><\/textarea><\/span> <\/label>\n<\/p>\n<p><input class=\"wpcf7-form-control wpcf7-submit has-spinner\" type=\"submit\" value=\"Enviar\" \/>\n<\/p><div class=\"wpcf7-response-output\" aria-hidden=\"true\"><\/div>\n<\/form>\n<\/div>\n\n","protected":false},"excerpt":{"rendered":"<p>Se propone la concesi\u00f3n de becas con frecuencia anual (hasta un total de 6.000 \u20ac y un m\u00e1ximo de 1.000 \u20ac por beca) como ayuda para los gastos correspondientes a inscripci\u00f3n, desplazamiento y estancia, derivados de las siguientes actividades: Estancias en centros hospitalarios del estado o extranjeros para el aprendizaje de nuevas t\u00e9cnicas relacionadas con [&hellip;]<\/p>\n","protected":false},"author":120,"featured_media":0,"parent":0,"menu_order":0,"comment_status":"closed","ping_status":"closed","template":"","meta":{"footnotes":""},"class_list":["post-97","page","type-page","status-publish","hentry"],"_links":{"self":[{"href":"https:\/\/www.sedyne.es\/es\/wp-json\/wp\/v2\/pages\/97","targetHints":{"allow":["GET"]}}],"collection":[{"href":"https:\/\/www.sedyne.es\/es\/wp-json\/wp\/v2\/pages"}],"about":[{"href":"https:\/\/www.sedyne.es\/es\/wp-json\/wp\/v2\/types\/page"}],"author":[{"embeddable":true,"href":"https:\/\/www.sedyne.es\/es\/wp-json\/wp\/v2\/users\/120"}],"replies":[{"embeddable":true,"href":"https:\/\/www.sedyne.es\/es\/wp-json\/wp\/v2\/comments?post=97"}],"version-history":[{"count":4,"href":"https:\/\/www.sedyne.es\/es\/wp-json\/wp\/v2\/pages\/97\/revisions"}],"predecessor-version":[{"id":549,"href":"https:\/\/www.sedyne.es\/es\/wp-json\/wp\/v2\/pages\/97\/revisions\/549"}],"wp:attachment":[{"href":"https:\/\/www.sedyne.es\/es\/wp-json\/wp\/v2\/media?parent=97"}],"curies":[{"name":"wp","href":"https:\/\/api.w.org\/{rel}","templated":true}]}}