{"id":1128,"date":"2020-01-23T15:24:27","date_gmt":"2020-01-23T14:24:27","guid":{"rendered":"http:\/\/www.sedyne.es\/?page_id=1128\/"},"modified":"2020-01-23T15:51:26","modified_gmt":"2020-01-23T14:51:26","slug":"komunikazioak","status":"publish","type":"page","link":"https:\/\/www.sedyne.es\/eu\/biltzarra\/2019-biltzarra\/komunikazioak\/","title":{"rendered":"2019 Komunikazioak"},"content":{"rendered":"<p><strong>FECHA L\u00cdMITE DE RECEPCI\u00d3N DE RES\u00daMENES DE COMUNICACIONES:\u00a0\u00a0\u00a0\u00a0 <\/strong><strong><del>07-02-2019<\/del>\u00a0 10-02-2019<\/strong><\/p>\n<p>TODOS LOS RES\u00daMENES SE PRESENTAR\u00c1N A TRAV\u00c9S DE LA WEB<\/p>\n<ul>\n<li>El resumen debe contener:\u00a0 Introducci\u00f3n, Metodolog\u00eda, Resultados y Conclusiones.<\/li>\n<li>M\u00e1ximo 4000 caracteres (con espacios). Tipo de letra: Arial 11.<\/li>\n<li>Los datos identificativos deben indicarse en el formulario.\u00a0 En ning\u00fan caso deben incluirse en el resumen. <strong>Si los coautores no se registran en el campo habilitado a tal fin dentro del formulario, no aparecer\u00e1n en el libro de comunicaciones y tampoco en los certificados<\/strong>.<\/li>\n<\/ul>\n<p><a href=\"https:\/\/tisa.teventos.com\/sedyne2019\/es\/mods\/envio-de-comunicaciones\" target=\"_blank\" rel=\"noopener noreferrer\"><strong>ENVIAR RESUMEN<\/strong><\/a><strong>\u00a0<\/strong><\/p>\n<p><strong>Normas de PRESENTACI\u00d3N de Comunicaciones durante el Congreso:<br \/>\n<\/strong>Dispondr\u00e1 de 5 minutos para defender cada comunicaci\u00f3n.<br \/>\nPuede utilizar un m\u00e1ximo de 2 diapositivas (pps) para cada comunicaci\u00f3n.<\/p>\n<ul>\n<li>Diapositiva 1 &#8211; Material y m\u00e9todos<\/li>\n<li>Diapositiva 2 &#8211; Resultados y conclusiones<\/li>\n<\/ul>\n<p><strong>HORARIO Y SALA:<\/strong><\/p>\n<p><strong>13:10 &#8211; 14:15 h.\u00a0 Presentaci\u00f3n de comunicaciones de manera simult\u00e1nea en el Auditorio y en la Sala Plaza.<br \/>\n<\/strong><\/p>\n<p>Puede consultar aqu\u00ed el orden de exposici\u00f3n y la sala.<\/p>\n<p><em><strong>Comunicaciones Orales A <\/strong><\/em><em>\u2013<\/em><strong> Auditorio.<br \/>\n<\/strong>Moderatzailea \/ <em>Moderadora:<strong>\u00a0\u00a0<\/strong><\/em><strong>Dra. Leire P\u00e9rez Garc\u00eda.<\/strong>\u00a0Hospital Universitario Araba.<\/p>\n<table width=\"623\">\n<tbody>\n<tr>\n<td width=\"40\"><\/td>\n<td width=\"583\"><strong>T\u00edtulo<\/strong><\/td>\n<\/tr>\n<tr>\n<td width=\"40\">1<\/td>\n<td width=\"583\">DIETAS HOSPITALARIAS; DE LO PRESCRITO POR EL M\u00c9DICO A LO QUE LE LLEGA AL PACIENTE<\/td>\n<\/tr>\n<tr>\n<td width=\"40\">2<\/td>\n<td width=\"583\">GASTROSTOM\u00cdA ENDOSC\u00d3PICA PERCUT\u00c1NEA EN ESCLEROSIS LATERAL AMIOTR\u00d3FICA DE INICIO BULBAR: NUESTRA EXPERIENCIA<\/td>\n<\/tr>\n<tr>\n<td width=\"40\">3<\/td>\n<td width=\"583\">TRATAMIENTO M\u00c9DICO NUTRICIONAL INTENSIVO: ACTIVIDAD ASISTENCIAL FINES DE SEMANA Y FESTIVOS<\/td>\n<\/tr>\n<tr>\n<td width=\"40\">4<\/td>\n<td width=\"583\">NUTRICI\u00d3N PARENTERAL DOMICILIARIA EN OSI ARABA<\/td>\n<\/tr>\n<tr>\n<td width=\"40\">5<\/td>\n<td width=\"583\">\u00bfC\u00d3MO ES LA ADHERENCIA FARMACOL\u00d3GICA DE NUESTROS PACIENTES CON DIABETES MELLITUS TIPO 2?<\/td>\n<\/tr>\n<tr>\n<td width=\"40\">6<\/td>\n<td width=\"583\">IMPACTO DE LAS ACTIVIDADES EDUCATIVAS BASADAS EN GAMIFICACI\u00d3N EN ADOLESCENTES CON DIABETES MELLITUS TIPO 1<\/td>\n<\/tr>\n<tr>\n<td width=\"40\">7<\/td>\n<td width=\"583\">TRANSICI\u00d3N DIABETES TIPO 1: REFLEXIONEMOS<\/td>\n<\/tr>\n<tr>\n<td width=\"40\">8<\/td>\n<td width=\"583\">EVALUACI\u00d3N DEL SISTEMA DE MONITORIZACI\u00d3N FLASH DE GLUCOSA FINANCIADO POR OSAKIDETZA: RESULTADOS CL\u00cdNICOS Y CALIDAD DE VIDA<\/td>\n<\/tr>\n<tr>\n<td width=\"40\">9<\/td>\n<td width=\"583\">ESTUDIO MULTICENTRICO. FACTORES DE RIESGO CARDIOVASCULAR Y COMPLICACIONES CR\u00d3NICAS EN DM1<\/td>\n<\/tr>\n<tr>\n<td width=\"40\">10<\/td>\n<td width=\"583\">HIPERPARATIROIDISMO PRIMARIO (HPP): EVALUACI\u00d3N DEL RETRASO DIAGN\u00d3STICO EN NUESTRO MEDIO<\/td>\n<\/tr>\n<tr>\n<td width=\"40\">11<\/td>\n<td width=\"583\">\u00bfQUE DEBI\u00c9RAMOS MEDIR ANTE UNA TSH SUPRIMIDA? LA APLICACI\u00d3N DE LA EFICIENCIA ECON\u00d3MICA A LA ENDOCRINOLOG\u00cdA.<\/td>\n<\/tr>\n<\/tbody>\n<\/table>\n<p>&nbsp;<\/p>\n<p><em><strong>Comunicaciones Orales B <\/strong><\/em><em>\u2013<\/em><strong> Sala Plaza.<br \/>\n<\/strong>Moderatzailea <strong>\/<\/strong><strong>\u00a0<\/strong><strong>Moderadora<\/strong><strong>:\u00a0 Dra.\u00a0Almudena Ruiz Molina.<\/strong><strong>\u00a0<\/strong>\u00a0Hospital Universitario Galdakao.<\/p>\n<table width=\"604\">\n<tbody>\n<tr>\n<td width=\"38\"><\/td>\n<td width=\"567\"><strong>T\u00edtulo<\/strong><\/td>\n<\/tr>\n<tr>\n<td width=\"38\"><strong>12<\/strong><\/td>\n<td width=\"567\">EXPERIENCIA CON EVERSENSE\u00ae XL: PRIMER SENSOR DE GLUCOSA INTERSTICIAL IMPLANTABLE DE 180 D\u00cdAS DE DURACI\u00d3N<\/td>\n<\/tr>\n<tr>\n<td width=\"38\"><strong>13<\/strong><\/td>\n<td width=\"567\">DOS ANTIHIPERGLUCEMIANTES A DOSIS ALTAS vs TRES A DOSIS MEDIAS<\/td>\n<\/tr>\n<tr>\n<td width=\"38\"><strong>14<\/strong><\/td>\n<td width=\"567\">INFLUENCIA DEL PERFIL HLA EN LOS TITULOS DE AUTOANTICUERPOS PANCRE\u00c1TICOS EN PERSONAS CON DIABETES MELLITUS TIPO 1 (DM1).<\/td>\n<\/tr>\n<tr>\n<td width=\"38\"><strong>15<\/strong><\/td>\n<td width=\"567\">RESULTADOS PERINATALES EN GESTANTES CON DIABETES MONOG\u00c9NICA.<\/td>\n<\/tr>\n<tr>\n<td width=\"38\"><strong>16<\/strong><\/td>\n<td width=\"567\">NUESTRA EXPERIENCIA CON IPCSK9 EN HIPERCOLESTEROLEMIA FAMILIAR HETEROCIGOTA<\/td>\n<\/tr>\n<tr>\n<td width=\"38\"><strong>17<\/strong><\/td>\n<td width=\"567\">CARCINOMA FOLICULAR DE TIROIDES SOBRE STRUMA OVARII<\/td>\n<\/tr>\n<tr>\n<td width=\"38\"><strong>18<\/strong><\/td>\n<td width=\"567\">DESARROLLO DEL DIAGN\u00d3STICO GEN\u00c9TICO DE LAS ALTERACIONES DEL METABOLISMO FOSFOC\u00c1LCICO MEDIANTE LA APLICACI\u00d3N DE LA TECNOLOG\u00cdA DE SECUENCIACI\u00d3N MASIVA.<\/td>\n<\/tr>\n<tr>\n<td width=\"38\"><strong>19<\/strong><\/td>\n<td width=\"567\">TIROIDITIS DE RIEDEL, UNA RARA ENTIDAD<\/td>\n<\/tr>\n<tr>\n<td width=\"38\"><strong>20<\/strong><\/td>\n<td width=\"567\">AUDITOR\u00cdA DE LA SITUACI\u00d3N ACTUAL DE LA UNIDAD DE IDENTIDAD DE G\u00c9NERO (UIG)<\/td>\n<\/tr>\n<tr>\n<td width=\"38\"><strong>21<\/strong><\/td>\n<td width=\"567\">NUEVOS RESULTADOS EN EL ANALISIS CL\u00cdNICO Y MOLECULAR DE LOS ADENOMAS HIPOFISARIOS EN PACIENTES PEDI\u00c1TRICOS Y ADULTOS J\u00d3VENES.<\/td>\n<\/tr>\n<tr>\n<td width=\"38\"><strong>22<\/strong><\/td>\n<td width=\"567\">NUTRICI\u00d3N ENTERAL POR GASTROSTOM\u00cdA EN PACIENTE CON S\u00cdNDROME DE DUMPING REFRACTARIO A TRATAMIENTO CONVENCIONAL<\/td>\n<\/tr>\n<tr>\n<td width=\"38\"><strong>23<\/strong><\/td>\n<td width=\"567\">RECONVERSI\u00d3N DE BYPASS G\u00c1STRICO DE UNA ANASTOMOSIS POR DESNUTRICI\u00d3N PROTEICO-CAL\u00d3RICA SEVERA<\/td>\n<\/tr>\n<\/tbody>\n<\/table>\n<p>&nbsp;<\/p>\n<p><strong>Recuerde tener su comunicaci\u00f3n previamente cargada en el ordenador de la sala que le corresponde, por favor. Puede hacerlo antes del inicio de las conferencias y en la pausa caf\u00e9.<\/strong><\/p>\n<p>&nbsp;<\/p>\n","protected":false},"excerpt":{"rendered":"<p>FECHA L\u00cdMITE DE RECEPCI\u00d3N DE RES\u00daMENES DE COMUNICACIONES:\u00a0\u00a0\u00a0\u00a0 07-02-2019\u00a0 10-02-2019 TODOS LOS RES\u00daMENES SE PRESENTAR\u00c1N A TRAV\u00c9S DE LA WEB El resumen debe contener:\u00a0 Introducci\u00f3n, Metodolog\u00eda, Resultados y Conclusiones. M\u00e1ximo 4000 caracteres (con espacios). Tipo de letra: Arial 11. Los datos identificativos deben indicarse en el formulario.\u00a0 En ning\u00fan caso deben incluirse en el resumen. [&hellip;]<\/p>\n","protected":false},"author":120,"featured_media":0,"parent":1105,"menu_order":3,"comment_status":"closed","ping_status":"closed","template":"","meta":{"footnotes":""},"class_list":["post-1128","page","type-page","status-publish","hentry"],"_links":{"self":[{"href":"https:\/\/www.sedyne.es\/eu\/wp-json\/wp\/v2\/pages\/1128","targetHints":{"allow":["GET"]}}],"collection":[{"href":"https:\/\/www.sedyne.es\/eu\/wp-json\/wp\/v2\/pages"}],"about":[{"href":"https:\/\/www.sedyne.es\/eu\/wp-json\/wp\/v2\/types\/page"}],"author":[{"embeddable":true,"href":"https:\/\/www.sedyne.es\/eu\/wp-json\/wp\/v2\/users\/120"}],"replies":[{"embeddable":true,"href":"https:\/\/www.sedyne.es\/eu\/wp-json\/wp\/v2\/comments?post=1128"}],"version-history":[{"count":2,"href":"https:\/\/www.sedyne.es\/eu\/wp-json\/wp\/v2\/pages\/1128\/revisions"}],"predecessor-version":[{"id":1178,"href":"https:\/\/www.sedyne.es\/eu\/wp-json\/wp\/v2\/pages\/1128\/revisions\/1178"}],"up":[{"embeddable":true,"href":"https:\/\/www.sedyne.es\/eu\/wp-json\/wp\/v2\/pages\/1105"}],"wp:attachment":[{"href":"https:\/\/www.sedyne.es\/eu\/wp-json\/wp\/v2\/media?parent=1128"}],"curies":[{"name":"wp","href":"https:\/\/api.w.org\/{rel}","templated":true}]}}