{"id":1145,"date":"2020-01-23T15:37:10","date_gmt":"2020-01-23T14:37:10","guid":{"rendered":"http:\/\/www.sedyne.es\/?page_id=1145\/"},"modified":"2020-01-23T15:37:17","modified_gmt":"2020-01-23T14:37:17","slug":"izena-ematea","status":"publish","type":"page","link":"https:\/\/www.sedyne.es\/eu\/biltzarra\/2017-biltzarra\/izena-ematea\/","title":{"rendered":"2017 Izena-ematea"},"content":{"rendered":"<h3>Cuotas de inscripci\u00f3n<\/h3>\n<table width=\"90%\">\n<tbody>\n<tr style=\"background-color: #e8e8e8;\">\n<td><\/td>\n<td style=\"text-align: center;\"><strong>Hasta el 24 de febrero<\/strong><\/td>\n<td style=\"text-align: center;\"><strong>Despu\u00e9s del 24 de febrero<\/strong><\/td>\n<\/tr>\n<tr>\n<td><strong>SOCIO <\/strong><\/td>\n<td style=\"text-align: center;\">150,00 \u20ac<\/td>\n<td style=\"text-align: center;\">200,00 \u20ac<\/td>\n<\/tr>\n<tr>\n<td><strong>NO SOCIO<\/strong><\/td>\n<td style=\"text-align: center;\">200,00 \u20ac<\/td>\n<td style=\"text-align: center;\">250,00 \u20ac<\/td>\n<\/tr>\n<tr>\n<td><strong>MIR y BECARIO<\/strong><\/td>\n<td style=\"text-align: center;\">60,00 \u20ac<\/td>\n<td style=\"text-align: center;\">80,00 \u20ac<\/td>\n<\/tr>\n<tr>\n<td><strong>JUBILADO<\/strong><\/td>\n<td style=\"text-align: center;\">0 \u20ac<\/td>\n<td style=\"text-align: center;\">0 \u20ac<\/td>\n<\/tr>\n<\/tbody>\n<\/table>\n<p><strong><a href=\"http:\/\/www.congresos.tisasa.es\/gestion\/inscripcion.asp?idioma=0&amp;idcongreso=140\" target=\"_blank\" rel=\"noopener noreferrer\"><br \/>\nREALIZAR INSCRIPCI\u00d3N<\/a><\/strong><\/p>\n<p><strong>Forma de Pago<br \/>\n<\/strong>Transferencia a:<br \/>\nSociedad de Endocrinolog\u00eda, Diabetes y Nutrici\u00f3n de Euskadi &#8211; SEDyNE<br \/>\nCaja Laboral \u2013 N\u00baCta.: IBAN \u2013 ES 48 3035 0095 92 0950040501<\/p>\n<p><strong>Observaciones<br \/>\n<\/strong>Enviar el justificante de pago a: <a href=\"mailto:tisacongresos@tisasa.es\">tisacongresos@tisasa.es<\/a><br \/>\nLa inscripci\u00f3n ser\u00e1 registrada una vez recibido el correspondiente justificante de pago.<\/p>\n<p><strong>Secretar\u00eda<br \/>\n<\/strong>Tisa Congresos &#8211; Tel. \u00a0944 243 997 <a href=\"mailto:tisacongresos@tisasa.es\">tisacongresos@tisasa.es<\/a><\/p>\n<p><strong><u>ALOJAMIENTO CONCERTADO<\/u> \u00a0 \u00a0\u00a0<\/strong><\/p>\n<p><strong>Hotel NH VILLA COLLECTION ****<\/strong><\/p>\n<p>Gran V\u00eda 87 | 48011 Bilbao<br \/>\nTel. 94 427 88 22 \u00a0 \u00a0<a href=\"mailto:pl.ramundo@nh-hotels.com\">pl.ramundo@nh-hotels.com<\/a><\/p>\n<p>Entrada d\u00eda 9 \/ Salida d\u00eda 10<br \/>\nHabitaci\u00f3n DUI 146\u20ac<br \/>\nHabitaci\u00f3n DOBLE 163 \u20ac<\/p>\n<p>Entrada d\u00eda 10 \/ Salida d\u00eda 11<br \/>\nHabitaci\u00f3n DUI 121\u20ac<br \/>\nHabitaci\u00f3n DOBLE 138 \u20ac<\/p>\n<p>Desayuno e IVA incluido.<br \/>\nIndique CONGRESO SEDYNE 2017 al hacer la reserva<\/p>\n<p>&nbsp;<\/p>\n","protected":false},"excerpt":{"rendered":"<p>Cuotas de inscripci\u00f3n Hasta el 24 de febrero Despu\u00e9s del 24 de febrero SOCIO 150,00 \u20ac 200,00 \u20ac NO SOCIO 200,00 \u20ac 250,00 \u20ac MIR y BECARIO 60,00 \u20ac 80,00 \u20ac JUBILADO 0 \u20ac 0 \u20ac REALIZAR INSCRIPCI\u00d3N Forma de Pago Transferencia a: Sociedad de Endocrinolog\u00eda, Diabetes y Nutrici\u00f3n de Euskadi &#8211; SEDyNE Caja Laboral [&hellip;]<\/p>\n","protected":false},"author":120,"featured_media":0,"parent":1138,"menu_order":3,"comment_status":"closed","ping_status":"closed","template":"","meta":{"footnotes":""},"class_list":["post-1145","page","type-page","status-publish","hentry"],"_links":{"self":[{"href":"https:\/\/www.sedyne.es\/eu\/wp-json\/wp\/v2\/pages\/1145","targetHints":{"allow":["GET"]}}],"collection":[{"href":"https:\/\/www.sedyne.es\/eu\/wp-json\/wp\/v2\/pages"}],"about":[{"href":"https:\/\/www.sedyne.es\/eu\/wp-json\/wp\/v2\/types\/page"}],"author":[{"embeddable":true,"href":"https:\/\/www.sedyne.es\/eu\/wp-json\/wp\/v2\/users\/120"}],"replies":[{"embeddable":true,"href":"https:\/\/www.sedyne.es\/eu\/wp-json\/wp\/v2\/comments?post=1145"}],"version-history":[{"count":1,"href":"https:\/\/www.sedyne.es\/eu\/wp-json\/wp\/v2\/pages\/1145\/revisions"}],"predecessor-version":[{"id":1146,"href":"https:\/\/www.sedyne.es\/eu\/wp-json\/wp\/v2\/pages\/1145\/revisions\/1146"}],"up":[{"embeddable":true,"href":"https:\/\/www.sedyne.es\/eu\/wp-json\/wp\/v2\/pages\/1138"}],"wp:attachment":[{"href":"https:\/\/www.sedyne.es\/eu\/wp-json\/wp\/v2\/media?parent=1145"}],"curies":[{"name":"wp","href":"https:\/\/api.w.org\/{rel}","templated":true}]}}