{"id":1147,"date":"2020-01-23T15:37:37","date_gmt":"2020-01-23T14:37:37","guid":{"rendered":"http:\/\/www.sedyne.es\/?page_id=1147\/"},"modified":"2020-01-23T15:37:52","modified_gmt":"2020-01-23T14:37:52","slug":"komunikazioak","status":"publish","type":"page","link":"https:\/\/www.sedyne.es\/eu\/biltzarra\/2017-biltzarra\/komunikazioak\/","title":{"rendered":"2017 Komunikazioak"},"content":{"rendered":"<p><strong><span style=\"color: #0000ff;\"><a href=\"http:\/\/www.sedyne.es\/wp-content\/uploads\/2016\/09\/libro.pdf\">DESC\u00c1RGATE AQU\u00cd EL LIBRO DE RES\u00daMENES<\/a><\/span><\/strong><\/p>\n<p><strong>FECHA L\u00cdMITE DE RECEPCI\u00d3N DE COMUNICACIONES: <del>15-02-2017<\/del> \u00a017-02-2017<\/strong><\/p>\n<p>TODAS LAS COMUNICACIONES SE PRESENTAR\u00c1N EN<strong>\u00a0<\/strong><strong>FORMATO P\u00d3STER DIGITAL<\/strong><\/p>\n<p>El resumen debe contener:\u00a0 Introducci\u00f3n, Metodolog\u00eda, Resultados y Conclusiones.<br \/>\nM\u00e1ximo 8000 caracteres\u00a0 Tipo de letra: Times 12<\/p>\n<p><a href=\"http:\/\/www.congresos.tisasa.es\/privado\/ca_subir_comunicacion_publica.asp?idioma=0&amp;idcongreso=140\" target=\"_blank\" rel=\"noopener noreferrer\"><strong>ENVIAR COMUNICACI\u00d3N<\/strong><\/a><strong>\u00a0<\/strong><\/p>\n<p><strong>Normas de PRESENTACI\u00d3N de P\u00d3STER DIGITAL<br \/>\n<\/strong>Dispondr\u00e1 de 5 minutos para defender cada p\u00f3ster.<br \/>\nPuede utilizar un m\u00e1ximo de 2 diapositivas (pps) para cada p\u00f3ster.<\/p>\n<ul>\n<li>Diapositiva 1 &#8211; Material y m\u00e9todos<\/li>\n<li>Diapositiva 2 &#8211; Resultados y conclusiones<\/li>\n<\/ul>\n<table style=\"height: 2210px; border-color: #000000;\" border=\"1\" width=\"467\" cellspacing=\"1\" cellpadding=\"1\">\n<tbody>\n<tr>\n<td style=\"text-align: center;\" width=\"752\"><strong>ORDEN DE EXPOSICI\u00d3N de Comunicaciones durante el CONGRESO SEDYNE 2017<\/strong><\/td>\n<\/tr>\n<tr>\n<td style=\"text-align: center;\"><strong>De 13:10 a 14:30 h.<\/strong><\/td>\n<\/tr>\n<tr>\n<td style=\"text-align: center;\" width=\"752\"><strong>GRUPO 1 &#8211; SALA E<\/strong><\/td>\n<\/tr>\n<tr>\n<td width=\"752\">CONSULTAS TELEMATICAS EN ENDOCRINOLOGIA: UN A\u00d1O DE EXPERIENCIA EN LA OSI -DONOSTIALDEA<\/td>\n<\/tr>\n<tr>\n<td width=\"752\">EVOLUCI\u00d3N DE UNA CONSULTA NO PRESENCIAL (CNP) DE ENDOCRINOLOG\u00cdA Y NUTRICI\u00d3N<\/td>\n<\/tr>\n<tr>\n<td width=\"752\">IMPORTANCIA DEL CONOCIMIENTO DE LA NATURALEZA AUTOINMUNE DE LA DIABETES PARA UN CORRECTO MANEJO INICIAL DEL PACIENTE<\/td>\n<\/tr>\n<tr>\n<td width=\"752\">ESTUDIO MULTICENTRICO DE HIPOGLUCEMIAS INADVERTIDAS EN DM1 (cuestionario Clarke)<\/td>\n<\/tr>\n<tr>\n<td width=\"752\">Situaci\u00f3n actual en la Comunidad Aut\u00f3noma Vasca (CAV) de las nuevas tecnolog\u00edas en DM1: infusores continuos de insulina (ISCI) y monitorizaci\u00f3n continua de glucosa (MCG)<\/td>\n<\/tr>\n<tr>\n<td width=\"752\">NUEVAS MUTACIONES EN EL GEN INSR RELACIONADAS CON EL S\u00cdNDROME DE RESISTENCIA A LA INSULINA 1A.<\/td>\n<\/tr>\n<tr>\n<td width=\"752\">PREVALENCIA DE DIABETES INSIPIDA TRAS CIRUG\u00cdA HIPOFISARIA<\/td>\n<\/tr>\n<tr>\n<td width=\"752\">Caracterizaci\u00f3n cl\u00ednico molecular en pacientes j\u00f3venes afectos de Adenoma Hipofisario<\/td>\n<\/tr>\n<tr>\n<td width=\"752\">Deficiencia de Glicerol Kinasa. A prop\u00f3sito de dos casos<\/td>\n<\/tr>\n<tr>\n<td width=\"752\">HIPERTRIGLICERIDEMIA GRAVE EN PACIENTES ONCOL\u00d3GICOS PEDIATRICOS<\/td>\n<\/tr>\n<tr>\n<td width=\"752\">DESCRIPCI\u00d3N DE UN CASO CL\u00cdNICO CON ALTERACI\u00d3N EN EL GEN NR5A1<\/td>\n<\/tr>\n<tr>\n<td width=\"752\">MIOCARDIOPAT\u00cdA DILATADA COMO FORMA DE PRESENTACION INFRECUENTE DE UN PARAGANGLIOMA-FEOCROMOCITOMA<\/td>\n<\/tr>\n<tr>\n<td width=\"752\">DETERMINACI\u00d3N DE PTH Y RELEVANCIA DEL M\u00c9TODO USADO.<\/td>\n<\/tr>\n<tr>\n<td width=\"752\">INSULINA DEGLUDEC EN DIABETES MELLITUS TIPO 1 EN PR\u00c1CTICA CL\u00cdNICA REAL. \u00bfQU\u00c9 BENEFICIOS NOS APORTA?<\/td>\n<\/tr>\n<tr>\n<td width=\"752\">EFICACIA Y SEGURIDAD DEL NUEVO AN\u00c1LOGO DE INSULINA BASAL DEGLUDEC EN PACIENTES CON DIABETES MELLITUS TIPO 2<\/td>\n<\/tr>\n<tr>\n<td width=\"752\">EFICACIA Y SEGURIDAD DE LOS INHIBIDORES DE SGLT-2 EN PR\u00c1CTICA CL\u00cdNICA REAL<\/td>\n<\/tr>\n<tr>\n<td><\/td>\n<\/tr>\n<tr>\n<td style=\"text-align: center;\">\u00a0<strong>De<\/strong> <strong>13:10 a 14:30 h.<\/strong><\/td>\n<\/tr>\n<tr>\n<td style=\"text-align: center;\"><strong>GRUPO 2 &#8211; SALA B1<\/strong><\/td>\n<\/tr>\n<tr>\n<td width=\"752\">RIESGO DE DESNUTRICI\u00d3N HOPITALARIA \u00bfHACEMOS LO SUFICIENTE?<\/td>\n<\/tr>\n<tr>\n<td width=\"752\">Calidad nutricional de la dieta de los ni\u00f1os de un \u00e1rea del Pa\u00eds Vasco.<\/td>\n<\/tr>\n<tr>\n<td width=\"752\">COMPLICACI\u00d3N POR EXCESO DE CONSUMO DE YODO DURANTE\u00a0 GESTACI\u00d3N<\/td>\n<\/tr>\n<tr>\n<td width=\"752\">Polineuropat\u00eda como complicaci\u00f3n de la cirug\u00eda bari\u00e1trica<\/td>\n<\/tr>\n<tr>\n<td width=\"752\">COMPLICACIONES DE LA GASTROSTOM\u00cdA PERCUT\u00c1NEA DE ALIMENTACI\u00d3N EN NUESTRO MEDIO<\/td>\n<\/tr>\n<tr>\n<td width=\"752\">NUTRICI\u00d3N PARENTERAL DOMICILIARIA EN UN PACIENTE CON FALLO INTESTINAL SECUNDARIO A S\u00cdNDROME DE INTESTINO CORTO<\/td>\n<\/tr>\n<tr>\n<td width=\"752\">EXPERIENCIA EN IMPLANTACI\u00d3N DE UN CRIBADO NUTRICIONAL EN UNA PLANTA M\u00c9DICA HOSPITALARIA<\/td>\n<\/tr>\n<tr>\n<td width=\"752\">Hiperaldosteronismo primario y secreci\u00f3n aut\u00f3noma de cortisol junto a adenomas suprarrenales bilaterales<\/td>\n<\/tr>\n<tr>\n<td width=\"752\">LIMITACIONES EN EL DIAGNOSTICO DE LAS PUNCIONES NO ECOGUIADAS DE TIROIDES: A PROPOSITO DE DOS CASOS<\/td>\n<\/tr>\n<tr>\n<td width=\"752\">CONSULTA MONOGR\u00c1FICA DE PUNCI\u00d3N ASPIRACI\u00d3N CON AGUJA FINA (PAAF): EXPERIENCIA CL\u00cdNICA EN EL HOSPITAL UNIVERSITARIO ARABA<\/td>\n<\/tr>\n<tr>\n<td width=\"752\">Ablaci\u00f3n por radiofrecuencia de n\u00f3dulo tiroideo. Experiencia preliminar.<\/td>\n<\/tr>\n<tr>\n<td width=\"752\">UTILIDAD DE TOCILIZUMAB EN LA OFTALMOPAT\u00cdA INFILTRATIVA AGRESIVA DE GRAVES<\/td>\n<\/tr>\n<tr>\n<td width=\"752\">PERSISTENCIA DE TIROGLOBULINA (Tg) ELEVADA DESPUES DEL TRATAMIENTO INICIAL DE LOS CARCINOMAS DIFERENCIADOS DE TIROIDES (CDT). EVOLUCION A LARGO PLAZO<\/td>\n<\/tr>\n<tr>\n<td width=\"752\">Valores de referencia de TSH durante primer trimestre\u00a0 en gestantes en OSI Araba<\/td>\n<\/tr>\n<tr>\n<td width=\"752\">ECOGRAF\u00cdA cervical como alternativa a la gammagrafia en EL estudIo de localizaci\u00f3n de adenomas paratiroideos<\/td>\n<\/tr>\n<tr>\n<td width=\"752\">ENFERMEDAD DE GRAVES BASEDOW TRAS EL INICIO DEL TRATAMIENTO CON IMATINIB EN UNA PACIENTE CON UN TUMOR DEL ESTROMA GASTROINTESTINAL (GIST)<\/td>\n<\/tr>\n<tr>\n<td><\/td>\n<\/tr>\n<\/tbody>\n<\/table>\n<p><strong>Recuerde tener su comunicaci\u00f3n previamente cargada en el ordenador de la sala que le corresponde, por favor. \u00a0Puede hacerlo antes del inicio de las conferencias y en la pausa caf\u00e9. \u00a0En la sala B1 ser\u00e1 posible tambi\u00e9n despu\u00e9s del caf\u00e9 y hasta la hora de comienzo de las comunicaciones.<\/strong><\/p>\n","protected":false},"excerpt":{"rendered":"<p>DESC\u00c1RGATE AQU\u00cd EL LIBRO DE RES\u00daMENES FECHA L\u00cdMITE DE RECEPCI\u00d3N DE COMUNICACIONES: 15-02-2017 \u00a017-02-2017 TODAS LAS COMUNICACIONES SE PRESENTAR\u00c1N EN\u00a0FORMATO P\u00d3STER DIGITAL El resumen debe contener:\u00a0 Introducci\u00f3n, Metodolog\u00eda, Resultados y Conclusiones. M\u00e1ximo 8000 caracteres\u00a0 Tipo de letra: Times 12 ENVIAR COMUNICACI\u00d3N\u00a0 Normas de PRESENTACI\u00d3N de P\u00d3STER DIGITAL Dispondr\u00e1 de 5 minutos para defender cada p\u00f3ster. [&hellip;]<\/p>\n","protected":false},"author":120,"featured_media":0,"parent":1138,"menu_order":4,"comment_status":"closed","ping_status":"closed","template":"","meta":{"footnotes":""},"class_list":["post-1147","page","type-page","status-publish","hentry"],"_links":{"self":[{"href":"https:\/\/www.sedyne.es\/eu\/wp-json\/wp\/v2\/pages\/1147","targetHints":{"allow":["GET"]}}],"collection":[{"href":"https:\/\/www.sedyne.es\/eu\/wp-json\/wp\/v2\/pages"}],"about":[{"href":"https:\/\/www.sedyne.es\/eu\/wp-json\/wp\/v2\/types\/page"}],"author":[{"embeddable":true,"href":"https:\/\/www.sedyne.es\/eu\/wp-json\/wp\/v2\/users\/120"}],"replies":[{"embeddable":true,"href":"https:\/\/www.sedyne.es\/eu\/wp-json\/wp\/v2\/comments?post=1147"}],"version-history":[{"count":1,"href":"https:\/\/www.sedyne.es\/eu\/wp-json\/wp\/v2\/pages\/1147\/revisions"}],"predecessor-version":[{"id":1148,"href":"https:\/\/www.sedyne.es\/eu\/wp-json\/wp\/v2\/pages\/1147\/revisions\/1148"}],"up":[{"embeddable":true,"href":"https:\/\/www.sedyne.es\/eu\/wp-json\/wp\/v2\/pages\/1138"}],"wp:attachment":[{"href":"https:\/\/www.sedyne.es\/eu\/wp-json\/wp\/v2\/media?parent=1147"}],"curies":[{"name":"wp","href":"https:\/\/api.w.org\/{rel}","templated":true}]}}