{"id":1151,"date":"2020-01-23T15:38:54","date_gmt":"2020-01-23T14:38:54","guid":{"rendered":"http:\/\/www.sedyne.es\/?page_id=1151\/"},"modified":"2020-01-23T15:39:01","modified_gmt":"2020-01-23T14:39:01","slug":"izena-ematea","status":"publish","type":"page","link":"https:\/\/www.sedyne.es\/eu\/biltzarra\/2018-biltzarra\/izena-ematea\/","title":{"rendered":"2018 Izena-ematea"},"content":{"rendered":"<h3>Cuotas de inscripci\u00f3n<\/h3>\n<table width=\"90%\">\n<tbody>\n<tr style=\"background-color: #e8e8e8;\">\n<td><\/td>\n<td style=\"text-align: center;\"><strong>Hasta el 15 de febrero<\/strong><\/td>\n<td style=\"text-align: center;\"><strong>Despu\u00e9s del 15 de febrero<\/strong><\/td>\n<\/tr>\n<tr>\n<td><strong>SOCIO<\/strong><\/td>\n<td style=\"text-align: center;\">150,00 \u20ac<\/td>\n<td style=\"text-align: center;\">200,00 \u20ac<\/td>\n<\/tr>\n<tr>\n<td><strong>NO SOCIO<\/strong><\/td>\n<td style=\"text-align: center;\">200,00 \u20ac<\/td>\n<td style=\"text-align: center;\">250,00 \u20ac<\/td>\n<\/tr>\n<tr>\n<td><strong>MIR y BECARIO<\/strong><\/td>\n<td style=\"text-align: center;\">60,00 \u20ac<\/td>\n<td style=\"text-align: center;\">80,00 \u20ac<\/td>\n<\/tr>\n<tr>\n<td><strong>SOCIO SEDYNE JUBILADO<br \/>\n<\/strong><\/td>\n<td style=\"text-align: center;\">0 \u20ac<\/td>\n<td style=\"text-align: center;\">0 \u20ac<\/td>\n<\/tr>\n<\/tbody>\n<\/table>\n<p><strong><a href=\"https:\/\/tisa.teventos.com\/sedyne2018\/es\/mods\/formulario-de-inscripcion\" target=\"_blank\" rel=\"noopener noreferrer\"><br \/>\nREALIZAR INSCRIPCI\u00d3N<\/a><\/strong><\/p>\n<p><strong>Forma de Pago<br \/>\n<\/strong>Transferencia a:<br \/>\nSociedad de Endocrinolog\u00eda, Diabetes y Nutrici\u00f3n de Euskadi &#8211; SEDyNE<br \/>\nCaja Laboral \u2013 N\u00baCta.: IBAN \u2013 ES 48 3035 0095 92 0950040501<\/p>\n<p><strong>Observaciones<br \/>\n<\/strong>Enviar el justificante de pago a:\u00a0<a href=\"mailto:tisacongresos@tisasa.es\">tisacongresos@tisasa.es<\/a><br \/>\nLa inscripci\u00f3n ser\u00e1 registrada una vez recibido el correspondiente justificante de pago.<\/p>\n<p><strong>Secretar\u00eda<br \/>\n<\/strong>Tisa Congresos &#8211; Tel. \u00a0944 243 997\u00a0<a href=\"mailto:tisacongresos@tisasa.es\">tisacongresos@tisasa.es<\/a><\/p>\n","protected":false},"excerpt":{"rendered":"<p>Cuotas de inscripci\u00f3n Hasta el 15 de febrero Despu\u00e9s del 15 de febrero SOCIO 150,00 \u20ac 200,00 \u20ac NO SOCIO 200,00 \u20ac 250,00 \u20ac MIR y BECARIO 60,00 \u20ac 80,00 \u20ac SOCIO SEDYNE JUBILADO 0 \u20ac 0 \u20ac REALIZAR INSCRIPCI\u00d3N Forma de Pago Transferencia a: Sociedad de Endocrinolog\u00eda, Diabetes y Nutrici\u00f3n de Euskadi &#8211; SEDyNE [&hellip;]<\/p>\n","protected":false},"author":120,"featured_media":0,"parent":1131,"menu_order":2,"comment_status":"closed","ping_status":"closed","template":"","meta":{"footnotes":""},"class_list":["post-1151","page","type-page","status-publish","hentry"],"_links":{"self":[{"href":"https:\/\/www.sedyne.es\/eu\/wp-json\/wp\/v2\/pages\/1151","targetHints":{"allow":["GET"]}}],"collection":[{"href":"https:\/\/www.sedyne.es\/eu\/wp-json\/wp\/v2\/pages"}],"about":[{"href":"https:\/\/www.sedyne.es\/eu\/wp-json\/wp\/v2\/types\/page"}],"author":[{"embeddable":true,"href":"https:\/\/www.sedyne.es\/eu\/wp-json\/wp\/v2\/users\/120"}],"replies":[{"embeddable":true,"href":"https:\/\/www.sedyne.es\/eu\/wp-json\/wp\/v2\/comments?post=1151"}],"version-history":[{"count":1,"href":"https:\/\/www.sedyne.es\/eu\/wp-json\/wp\/v2\/pages\/1151\/revisions"}],"predecessor-version":[{"id":1153,"href":"https:\/\/www.sedyne.es\/eu\/wp-json\/wp\/v2\/pages\/1151\/revisions\/1153"}],"up":[{"embeddable":true,"href":"https:\/\/www.sedyne.es\/eu\/wp-json\/wp\/v2\/pages\/1131"}],"wp:attachment":[{"href":"https:\/\/www.sedyne.es\/eu\/wp-json\/wp\/v2\/media?parent=1151"}],"curies":[{"name":"wp","href":"https:\/\/api.w.org\/{rel}","templated":true}]}}