{"id":1381,"date":"2021-03-15T15:28:35","date_gmt":"2021-03-15T14:28:35","guid":{"rendered":"http:\/\/www.sedyne.es\/?page_id=1381\/"},"modified":"2021-03-15T15:32:45","modified_gmt":"2021-03-15T14:32:45","slug":"komunikazioak","status":"publish","type":"page","link":"https:\/\/www.sedyne.es\/eu\/biltzarra\/2020-biltzarra\/komunikazioak\/","title":{"rendered":"2020 Komunikazioak"},"content":{"rendered":"<p><strong>KOMUNIKAZIOEN LABURPENAK JASOTZEKO AZKEN EGUNA:\u00a0\u00a0\u00a0\u00a0\u00a0 <del>2020-02-06<\/del>\u00a0\u00a0\u00a0 \u00a0 2020-02-12<\/strong><\/p>\n<p>KOMUNIKAZIO GUZTIAK\u00a0<strong>POSTER DIGITALA FORMATOAN<\/strong>\u00a0AURKEZTU BEHAR DIRA<\/p>\n<p>LABURPEN GUZTIAK WEBGUNEAREN BIDEZ AURKEZTUKO DIRA<\/p>\n<ul>\n<li>Laburpenak honako atal hauek izan behar ditu:\u00a0 Sarrera, Metodologia, Emaitzak eta Konklusioak.<\/li>\n<li>Gehienez 4000 karaktere (espazioekin). Letra mota: Arial 11.<\/li>\n<li>Identifikazio-datuak formularioan azaldu behar dira.\u00a0 Ezein kasutan ez dira laburpenean sartu behar.\u00a0<strong>Egilekideak ez badira erregistratzen formularioan horretarako dagoen eremuan, ez dira agertuko komunikazioen liburuan, ezta ziurtagirietan ere<\/strong>.<\/li>\n<\/ul>\n<h3><a href=\"https:\/\/tisa.teventos.com\/sedyne2020\/eu\/mods\/komunikazio-bidalketa\" target=\"_blank\" rel=\"noopener noreferrer\"><strong>KOMUNIKAZIOA \/ LABURPENA BIDALI<\/strong><\/a><\/h3>\n<p><strong>Komunikazioak Biltzarrean AURKEZTEKO arauak:<\/strong><strong><br \/>\n<\/strong>Hizlariak 5 minutu izango ditu komunikazio bakoitza defendatzeko.<br \/>\nGehienez 2 diapositiba (pps) erabil ditzake komunikazio bakoitzerako.<\/p>\n<ul>\n<li>diapositiba \u2013 Materiala eta metodoak<\/li>\n<li>diapositiba \u2013 Emaitzak eta konklusioak<\/li>\n<\/ul>\n<p><strong>ORDUTEGIA ETA ARETOA:<\/strong><\/p>\n<p><strong>13:00 \u2013 14:15.\u00a0 Komunikazioak aldi berean aurkeztuko dira 101. Gelan, 105. Gelan eta Caro Baroja Aretoan.<\/strong><\/p>\n<p>Hemen kontsulta ditzakezu aurkezpenen ordena eta aretoa.<\/p>\n<p><strong>Ahozko Komunikazioak, A\u00a0<\/strong><em>\u2013<\/em><strong>\u00a0Caro Baroja Aretoa.<br \/>\n<\/strong>Moderatzaileak:<em><br \/>\n<\/em><strong>Nerea Ega\u00f1a Zunzunegui doktorea.<br \/>\nIhintza Larra\u00f1aga Unanue doktorea.<\/strong><\/p>\n<table width=\"647\">\n<tbody>\n<tr>\n<td width=\"55\"><\/td>\n<td width=\"592\"><\/td>\n<\/tr>\n<tr>\n<td width=\"55\">1<\/td>\n<td width=\"592\">PREVALENCIA DE H\u00cdGADO GRASO NO ALCOH\u00d3LICO Y ESTEATOHEPATITIS EN PACIENTES CON DIABETES MELLITUS TIPO 2 BIEN CONTROLADA CON SOBREPESO Y OBESIDAD<\/td>\n<\/tr>\n<tr>\n<td width=\"55\">2<\/td>\n<td width=\"592\">MALA RESPUESTA AL TRATAMIENTO CON CINCALCET EN UN PACIENTE CON TUMOR ESCAMOSO DE SUELO DE BOCA CON PRODUCCION ECTOPICA DE PTH.<\/td>\n<\/tr>\n<tr>\n<td width=\"55\">3<\/td>\n<td width=\"592\">FACTORES DE RIESGO CARDIOVASCULAR EN PACIENTES CON ACROMEGALIA: CURADOS vs NO CURADOS<\/td>\n<\/tr>\n<tr>\n<td width=\"55\">4<\/td>\n<td width=\"592\">RESULTADOS PONDERALES DE LA GASTROPLASTIA V\u00cdA ENDOSC\u00d3PICA TIPO APOLLO EN NUESTRO CENTRO.<\/td>\n<\/tr>\n<tr>\n<td width=\"55\">5<\/td>\n<td width=\"592\">DESPISTAJE DE LA RETINOPATIA DIABETICA MEDIANTE CAMARA NO MIDRIATICA EN EL AREA DE SALUD DE DONOSTIALDEA<\/td>\n<\/tr>\n<tr>\n<td width=\"55\">6<\/td>\n<td width=\"592\">\u00bfLA MONITORIZACI\u00d3N CONTINUA DE GLUCOSA MEJORA EL CONTROL METAB\u00d3LICO DE NUESTROS DIAB\u00c9TICOS?<\/td>\n<\/tr>\n<tr>\n<td width=\"55\">7<\/td>\n<td width=\"592\">ACROMEGALIA AGRESIVA COMO PRIMERA MANIFESTACI\u00d3N DE UN MEN 1<\/td>\n<\/tr>\n<tr>\n<td width=\"55\">8<\/td>\n<td width=\"592\">ACROMEGALIA CON RESPUESTA A TRATAMIENTO A ANAL\u00c1GOLOS DE SOMATOSTATINA DE SEGUNDA GENERACI\u00d3N<\/td>\n<\/tr>\n<tr>\n<td width=\"55\">9<\/td>\n<td width=\"592\">ADENOCARCINOMA DE COLON EN PACIENTE FIPA CON MUTACION AIP +: \u00bfEXISTE ALGUNA ASOCIACI\u00d3N?<\/td>\n<\/tr>\n<tr>\n<td width=\"55\">10<\/td>\n<td width=\"592\">INTENSIFICACI\u00d3N CON DAPABLIFLOZINA O SITAGLIPTINA EN PACIENTES CON DIABETES MELLITUS TIPO 2. Resultados de eficacia en vida real. Suban\u00e1lis del estudio DAPA-RWE<\/td>\n<\/tr>\n<tr>\n<td width=\"55\">11<\/td>\n<td width=\"592\">\u00bfLA HIPERGLUCEMIA TIENE IMPLICACIONES PRONOSTICAS EN URGENCIAS?<\/td>\n<\/tr>\n<tr>\n<td width=\"55\">12<\/td>\n<td width=\"592\">ADHERENCIA FARMACOLOGICA EN DM2 y FACTORES QUE LO DETERMINAN<\/td>\n<\/tr>\n<tr>\n<td width=\"55\">13<\/td>\n<td width=\"592\">A PROP\u00d3SITO DE UN CASO: Linagliptina como inductor de penfigoide ampolloso<\/td>\n<\/tr>\n<tr>\n<td width=\"55\">14<\/td>\n<td width=\"592\">DIABETES MELLITUS TIPO 1: \u00bfCUANTO SABEN DE HIPOGLUCEMIA?<\/td>\n<\/tr>\n<tr>\n<td width=\"55\">15<\/td>\n<td width=\"592\">ENFERMEDAD DE GRAVES BASEDOW, LA ETIOLOG\u00cdA OLVIDADA EN EL DIAGN\u00d3STICO DIFERENCIAL DE UNA MASA MEDIAST\u00cdNICA ANTERIOR<\/td>\n<\/tr>\n<tr>\n<td width=\"55\">16<\/td>\n<td width=\"592\">DIABETES MONOG\u00c9NICA POR MUTACI\u00d3N EN HETEROCIGOSIS DEL GEN HFN1B CON MICRO DELECCI\u00d3N 17q12. A PROP\u00d3SITO DE UN CASO CL\u00cdNICO<\/td>\n<\/tr>\n<\/tbody>\n<\/table>\n<p>&nbsp;<\/p>\n<p><strong>Ahozko Komunikazioak, B\u00a0<\/strong><em>\u2013<\/em><strong>\u00a0105. Gela.<br \/>\n<\/strong>Moderatzaileak:<em><br \/>\n<\/em><strong>Aitzol Lizarraga Zufiaurre doktorea.<br \/>\nLeire Agea D\u00edaz doktorea.<\/strong><\/p>\n<table width=\"647\">\n<tbody>\n<tr>\n<td width=\"55\"><\/td>\n<td width=\"592\"><\/td>\n<\/tr>\n<tr>\n<td width=\"55\">17<\/td>\n<td width=\"592\">CONTRIBUCI\u00d3N DE LA VARIABILIDAD GLUC\u00c9MICA COMO PREDICTOR DEL RIESGO DE HIPOGLUCEMIA<\/td>\n<\/tr>\n<tr>\n<td width=\"55\">18<\/td>\n<td width=\"592\">METASTASIS SUPRARRENAL: SUPERVIVENCIA TRAS LA CIRUG\u00cdA CON INTENCI\u00d3N CURATIVA<\/td>\n<\/tr>\n<tr>\n<td width=\"55\">19<\/td>\n<td width=\"592\">CARCINOMA FOLICULAR DE TIROIDES VS CARCINOMA DE C\u00c9LULAS DE H\u00dcRTHLE: UNA CONFRONTACI\u00d3N CL\u00cdNICA A EXAMEN<\/td>\n<\/tr>\n<tr>\n<td width=\"55\">20<\/td>\n<td width=\"592\">EXPERIENCIA EN VIDA REAL CON SEMAGLUTIDA EN EL TRATAMIENTO DE PACIENTES CON DIABETES MELLITUS TIPO 2<\/td>\n<\/tr>\n<tr>\n<td width=\"55\">21<\/td>\n<td width=\"592\">VARIABILIDAD FENOTIPICA DE LAS OSTEOG\u00c9NESIS IMPERFECTAS FAMILIARES DE DIAGN\u00d3STICO EN LA INFANCIA<\/td>\n<\/tr>\n<tr>\n<td width=\"55\">22<\/td>\n<td width=\"592\">OSTEOG\u00c9NESIS IMPERFECTAS LEVES-MODERADAS: MANEJO EN LA EDAD PEDI\u00c1TRICA<\/td>\n<\/tr>\n<tr>\n<td width=\"55\">23<\/td>\n<td width=\"592\">ASISTENCIA PEDI\u00c1TRICA A MENORES EN SITUACI\u00d3N DE TRANSEXUALIDAD EN LA UNIDAD DE IDENTIDAD DE G\u00c9NERO DE LA COMUNIDAD AUT\u00d3NOMA DE PA\u00cdS VASCO<\/td>\n<\/tr>\n<tr>\n<td width=\"55\">24<\/td>\n<td width=\"592\">NUEVAS MUTACIONES EN LA V\u00cdA DE LA PROTE\u00cdNA G ASOCIADA CON PSEUDOHIPOPARATIROIDISMO<\/td>\n<\/tr>\n<tr>\n<td width=\"55\">25<\/td>\n<td width=\"592\">ESTUDIO PROSPECTIVO A 7 A\u00d1OS SOBRE LA INCIDENCIA Y FACTORES DE RIESGO DE DIABETES MELLITUS EN LA POBLACION DEL PAIS VASCO<\/td>\n<\/tr>\n<tr>\n<td width=\"55\">26<\/td>\n<td width=\"592\">ESTUDIO EPIDEMIOL\u00d3GICO DE LA INCIDENCIA DE CANCER DE TIROIDES EN EL PA\u00cdS VASCO. SITUACI\u00d3N ACTUAL, EVOLUCI\u00d3N DURANTE LOS \u00daLTIMOS 20 A\u00d1OS Y COMPARATIVA CON EL RESTO DE ESPA\u00d1A.<\/td>\n<\/tr>\n<tr>\n<td width=\"55\">27<\/td>\n<td width=\"592\">S\u00cdNDROME DE HIPOGLUCEMIA AUTOINMUNE (HA) CONFUNDIDO CON DIABETES TIPO 1.<\/td>\n<\/tr>\n<tr>\n<td width=\"55\">28<\/td>\n<td width=\"592\">COMPARACI\u00d3N DE LOS PACIENTES NORMONUTRIDOS AL INGRESO QUE SE DESNUTREN DURANTE LA ESTANCIA HOSPITALARIA FRENTE A LOS QUE NO SE DESNUTREN EN UN GRUPO DE PACIENTES EN EL H. U. CRUCES.<\/td>\n<\/tr>\n<tr>\n<td width=\"55\">29<\/td>\n<td width=\"592\">PLASMAF\u00c9RESIS EN HIPERTIROIDISMO INDUCIDO POR AMIODARONA<\/td>\n<\/tr>\n<tr>\n<td width=\"55\">30<\/td>\n<td width=\"592\">NUEVA VARIANTE DEL GEN CNNM2 ASOCIADA CON HIPOMAGNESEMIA DOMINANTE<\/td>\n<\/tr>\n<tr>\n<td width=\"55\">31<\/td>\n<td width=\"592\">APARICI\u00d3N DE HIPERTIROIDISMO POR ENFERMEDAD DE GRAVES BASEDOW TRAS TRATAMIENTO CON 131-I EN ADENOMA T\u00d3XICO TIROIDEO Y BOCIO MULTINODULAR T\u00d3XICO.<\/td>\n<\/tr>\n<\/tbody>\n<\/table>\n<p>&nbsp;<\/p>\n<p><strong>Ahozko Komunikazioak, C\u00a0<\/strong><em>\u2013<\/em><strong>\u00a0101. Gela.<\/strong><\/p>\n<table width=\"647\">\n<tbody>\n<tr>\n<td width=\"55\"><\/td>\n<td width=\"592\"><\/td>\n<\/tr>\n<tr>\n<td width=\"55\">32<\/td>\n<td width=\"592\">MACROADENOMAS HIPOFISARIOS NO FUNCIONANTES (MHNF): CARACTER\u00cdSTICAS CL\u00cdNICAS Y RESULTADOS DEL TRATAMIENTO QUIR\u00daRGICO.<\/td>\n<\/tr>\n<tr>\n<td width=\"55\">33<\/td>\n<td width=\"592\">DIAGN\u00d3STICO DE DIABETES MONOG\u00c9NICA NEONATAL: m\u00e1s de 10 a\u00f1os de experiencia<\/td>\n<\/tr>\n<tr>\n<td width=\"55\">34<\/td>\n<td width=\"592\">\u00cdNDICE PROLIFERATIVO KI67 COMO FACTOR PREDICTOR DE CARCINOMA HIPOFISARIO<\/td>\n<\/tr>\n<tr>\n<td width=\"55\">35<\/td>\n<td width=\"592\">PROGRESI\u00d3N DEL PORCENTAJE DE HIPOGLUCEMIAS, Y AN\u00c1LISIS DE ITEMS DE BUEN CONTROL DE DIABETES CON EL USO DE LA MONITORIZACI\u00d3N FLASH DE GLUCOSA.<\/td>\n<\/tr>\n<tr>\n<td width=\"55\">36<\/td>\n<td width=\"592\">\u00bf Q\u00da\u00c9 SABE\u00cdS DE LAS GASTROSTOM\u00cdAS??<\/td>\n<\/tr>\n<tr>\n<td width=\"55\">37<\/td>\n<td width=\"592\">EVOLUCION EPIDEMIOLOGICA TRATAMIENTOS CON HORMONA DE CRECIMIENTO EN EL PAIS VASCO<\/td>\n<\/tr>\n<tr>\n<td width=\"55\">38<\/td>\n<td width=\"592\">ASPECTOS CL\u00cdNICOS ESTUDIO MULTIC\u00c9NTRICO EUSKADI EN MENORES CON DESARROLLO SEXUAL DIFERENTE<\/td>\n<\/tr>\n<tr>\n<td width=\"55\">39<\/td>\n<td width=\"592\">ESTUDIO MULTIC\u00c9NTRICO SDS \u2013 EUSKADI: Problemas socio-psicol\u00f3gicos<\/td>\n<\/tr>\n<tr>\n<td width=\"55\">40<\/td>\n<td width=\"592\">FUNCI\u00d3N TIROIDEA DE LOS NI\u00d1OS PEG. Diferencias y semejanzas con ni\u00f1os sanos.<\/td>\n<\/tr>\n<tr>\n<td width=\"55\">41<\/td>\n<td width=\"592\">TCA y DM1: una dualidad real y de riesgo<\/td>\n<\/tr>\n<tr>\n<td width=\"55\">42<\/td>\n<td width=\"592\">DIABETES GESTACIONAL EN DOS PASOS. Simplifiquemos.<\/td>\n<\/tr>\n<tr>\n<td width=\"55\">43<\/td>\n<td width=\"592\">PREVALENCIA DE DESNUTRICI\u00d3N RELACIONADA CON LA ENFERMEDAD EN PACIENTES ATENDIDOS POR LA UNIDAD DE NUTRICI\u00d3N DEL HOSPITAL UNIVERSITARIO DE BASURTO.<\/td>\n<\/tr>\n<tr>\n<td width=\"55\">44<\/td>\n<td width=\"592\">\u00bfQU\u00c9 GRADO DE CONTROL PRESENTAN LOS ANCIANOS DE NUESTRA UNIDAD DE ATENCI\u00d3N PRIMARIA?<\/td>\n<\/tr>\n<tr>\n<td width=\"55\">45<\/td>\n<td width=\"592\">EFICACIA DE LA CIRUG\u00cdA BARI\u00c1TRICA A LARGO PLAZO: Experiencia del Hospital Bidasoa.<\/td>\n<\/tr>\n<tr>\n<td width=\"55\">46<\/td>\n<td width=\"592\">SUPLEMENTOS ORALES ELEMENTALES COMO TRATAMIENTO DE UNA DIARREA CR\u00d3NICA MULTIFACTORIAL<\/td>\n<\/tr>\n<\/tbody>\n<\/table>\n<p><strong>Gogora ezazu zeure komunikazioa aurretik kargatuta izatea dagokizun aretoko ordenagailuan, mesedez. Hitzaldiak hasi aurretik egin dezakezu, baita kafearen atsedenaldian ere.<\/strong><\/p>\n","protected":false},"excerpt":{"rendered":"<p>KOMUNIKAZIOEN LABURPENAK JASOTZEKO AZKEN EGUNA:\u00a0\u00a0\u00a0\u00a0\u00a0 2020-02-06\u00a0\u00a0\u00a0 \u00a0 2020-02-12 KOMUNIKAZIO GUZTIAK\u00a0POSTER DIGITALA FORMATOAN\u00a0AURKEZTU BEHAR DIRA LABURPEN GUZTIAK WEBGUNEAREN BIDEZ AURKEZTUKO DIRA Laburpenak honako atal hauek izan behar ditu:\u00a0 Sarrera, Metodologia, Emaitzak eta Konklusioak. Gehienez 4000 karaktere (espazioekin). Letra mota: Arial 11. Identifikazio-datuak formularioan azaldu behar dira.\u00a0 Ezein kasutan ez dira laburpenean sartu behar.\u00a0Egilekideak ez badira erregistratzen [&hellip;]<\/p>\n","protected":false},"author":120,"featured_media":0,"parent":1372,"menu_order":3,"comment_status":"closed","ping_status":"closed","template":"","meta":{"footnotes":""},"class_list":["post-1381","page","type-page","status-publish","hentry"],"_links":{"self":[{"href":"https:\/\/www.sedyne.es\/eu\/wp-json\/wp\/v2\/pages\/1381","targetHints":{"allow":["GET"]}}],"collection":[{"href":"https:\/\/www.sedyne.es\/eu\/wp-json\/wp\/v2\/pages"}],"about":[{"href":"https:\/\/www.sedyne.es\/eu\/wp-json\/wp\/v2\/types\/page"}],"author":[{"embeddable":true,"href":"https:\/\/www.sedyne.es\/eu\/wp-json\/wp\/v2\/users\/120"}],"replies":[{"embeddable":true,"href":"https:\/\/www.sedyne.es\/eu\/wp-json\/wp\/v2\/comments?post=1381"}],"version-history":[{"count":2,"href":"https:\/\/www.sedyne.es\/eu\/wp-json\/wp\/v2\/pages\/1381\/revisions"}],"predecessor-version":[{"id":1629,"href":"https:\/\/www.sedyne.es\/eu\/wp-json\/wp\/v2\/pages\/1381\/revisions\/1629"}],"up":[{"embeddable":true,"href":"https:\/\/www.sedyne.es\/eu\/wp-json\/wp\/v2\/pages\/1372"}],"wp:attachment":[{"href":"https:\/\/www.sedyne.es\/eu\/wp-json\/wp\/v2\/media?parent=1381"}],"curies":[{"name":"wp","href":"https:\/\/api.w.org\/{rel}","templated":true}]}}