{"id":191,"date":"2016-10-26T17:01:47","date_gmt":"2016-10-26T16:01:47","guid":{"rendered":"http:\/\/www.sedyne.es\/?page_id=191"},"modified":"2016-10-26T17:01:47","modified_gmt":"2016-10-26T16:01:47","slug":"egin-ezazu-bazkidea","status":"publish","type":"page","link":"https:\/\/www.sedyne.es\/eu\/egin-ezazu-bazkidea\/","title":{"rendered":"Egin ezazu bazkidea"},"content":{"rendered":"<h3>Requisitos<\/h3>\n<p>Podr\u00e1n formar parte de SEDyNE\u00a0todas aquellas personas f\u00edsicas que se identifiquen con los fines de la misma y que se encuentren vinculados con el \u00e1mbito sanitario en todas sus facetas.<br \/>\nLa admisi\u00f3n de socios ser\u00e1 inmediata siempre que se cumplan las condiciones previstas en los Estatutos y ratificada posteriormente por la Junta Directiva.<\/p>\n<p>Sin a\u00fan no perteneces a la asociaci\u00f3n <a title=\"Hazte socio de SEDyNE\" href=\"mailto:socios@sedyne.es\"><strong>\u00a1Hazte socio!<\/strong><\/a><\/p>\n\n\n\n\n<div id=\"upme-registration\" class=\"upme-wrap upme-registration upme-registration-y3NAWDk2cDhP  \">\n    <div class=\"upme-inner upme-registration-wrapper upme-clearfix\">\n\n        \n            <!-- UPME Filters for before registration head section -->\n                        <!-- End Filters -->\n\n            <!-- UPME Filters for customizing head section -->\n            \n<div class=\"upme-head upme-registration-head upme-registration-head-y3NAWDk2cDhP\">\n                 \n    <div class=\"upme-left\">\n        <div class=\" upme-pic \">\n                    <\/div>\n\n        <div class=\"upme-name\">\n            <div class=\"upme-field-name upme-field-name-wide\">\n                Tu nombre de usuario aparecer\u00e1 aqu\u00ed.            <\/div>\n        <\/div>\n    <\/div>\n\n    <div class=\"upme-right\"><\/div>\n    <div class=\"upme-clear\"><\/div>                 \n<\/div>            <!-- End Filters -->\n\n        \n        <!-- UPME Filters for after registration head section -->\n                <!-- End Filters -->\n\n        <div class=\"upme-main\">\n            <div class=\"upme-errors\" style=\"display:none;\" id=\"pass_err_holder\">\n                <span class=\"upme-error upme-error-block\" id=\"pass_err_block\">\n                    <i class=\"upme-icon upme-icon-remove\"><\/i>\n                    Please enter a username.                <\/span>\n            <\/div>\n\n                        <form action=\"\" method=\"post\" id=\"upme-registration-form\" class=\"upme-registration-form-y3NAWDk2cDhP\" enctype=\"multipart\/form-data\" ><div class=\"upme-field upme-separator upme-edit upme-edit-show upme-clearfix upme-account_info_separator\">Account Info<\/div><div class=\"upme-field upme-edit upme-edit-show upme-user_login\"><label class=\"upme-field-type\" for=\"user_login\"><i class=\"upme-icon upme-icon-user\"><\/i><span>Username<\/span><span class=\"upme-required\">&nbsp;*<\/span><\/label><div class=\"upme-field-value\"><input type=\"text\" class=\"upme-input required\" name=\"user_login\" id=\"reg_user_login\" value=\"\" title=\"Username\" \/><\/div><\/div><div class=\"upme-clear\"><\/div><div class=\"upme-field upme-edit upme-edit-show upme-user_email\"><label class=\"upme-field-type\" for=\"user_email\"><i class=\"upme-icon upme-icon-envelope\"><\/i><span>E-mail<\/span><span class=\"upme-required\">&nbsp;*<\/span><\/label><div class=\"upme-field-value\"><input type=\"text\" class=\"upme-input required\" name=\"user_email\" id=\"reg_user_email\" value=\"\" title=\"E-mail\" \/><\/div><\/div><div class=\"upme-clear\"><\/div><div class=\"upme-field upme-edit upme-edit-show upme-user_pass\"><label class=\"upme-field-type\" for=\"user_pass\"><i class=\"upme-icon upme-icon-lock\"><\/i><span>Password<\/span><span class=\"upme-required\">&nbsp;*<\/span><\/label><div class=\"upme-field-value\"><input type=\"password\" class=\"upme-input password required\" name=\"user_pass\" id=\"reg_user_pass\" value=\"\" autocomplete=\"off\" title=\"Password\" \/><div class=\"upme-help-text upme-help\">Password must be at least 7 characters long. To make it stronger, use upper and lower case letters, numbers and symbols.<\/div><\/div><\/div><div class=\"upme-clear\"><\/div><div class=\"upme-field upme-edit upme-edit-show upme-user_pass_confirm\"><label class=\"upme-field-type\" for=\"user_pass_confirm\"><i class=\"upme-icon upme-icon-none\"><\/i><span>Confirm Password<\/span><span class=\"upme-required\">&nbsp;*<\/span><\/label><div class=\"upme-field-value\"><input type=\"password\" class=\"upme-input password required\" name=\"user_pass_confirm\" id=\"reg_user_pass_confirm\" value=\"\" autocomplete=\"off\" title=\"Confirm Password\" \/><div class=\"upme-help-text upme-help\">Type your password again.<\/div><\/div><\/div><div class=\"upme-clear\"><\/div><div class=\"upme-field upme-edit upme-edit-show upme-user_pass_confirm\"><label class=\"upme-field-type\">&nbsp;<\/label><div class=\"upme-field-value\"><div class=\"password-meter\"><div class=\"password-meter-message\" id=\"password-meter-message\">Pasahitzaren indarra<\/div><\/div><\/div><\/div><div class=\"upme-clear\"><\/div><div class=\"upme-field upme-register-text upme-edit upme-edit-show \"><label class=\"upme-field-type\" for=\"first_name\"><i class=\"upme-icon upme-icon-user\"><\/i><span>Nombre<\/span><\/label><div class=\"upme-field-value\"><input type=\"text\"  class=\"upme-input\" name=\"first_name\" id=\"first_name\" value=\"\"  title=\"Nombre\" \/><div class=\"upme-hide-from-public\">\r\n                    <i class=\"upme-icon upme-icon-square-o\"><\/i>Hide from Public\r\n                    <input type=\"hidden\" name=\"hide_first_name\" id=\"hide_first_name\" value=\"\" \/>\r\n                    <\/div><\/div><\/div><div class=\"upme-clear\"><\/div><div class=\"upme-field upme-register-text upme-edit upme-edit-show \"><label class=\"upme-field-type\" for=\"last_name\"><i class=\"upme-icon upme-icon-none\"><\/i><span>Apellidos<\/span><\/label><div class=\"upme-field-value\"><input type=\"text\"  class=\"upme-input\" name=\"last_name\" id=\"last_name\" value=\"\"  title=\"Apellidos\" \/><div class=\"upme-hide-from-public\">\r\n                    <i class=\"upme-icon upme-icon-square-o\"><\/i>Hide from Public\r\n                    <input type=\"hidden\" name=\"hide_last_name\" id=\"hide_last_name\" value=\"\" \/>\r\n                    <\/div><\/div><\/div><div class=\"upme-clear\"><\/div><div class=\"upme-field upme-register-text upme-edit upme-edit-show \"><label class=\"upme-field-type\" for=\"dni\"><i class=\"upme-icon upme-icon-newspaper-o\"><\/i><span>DNI<\/span><span class=\"upme-required\">&nbsp;*<\/span><\/label><div class=\"upme-field-value\"><input type=\"text\"  minlength=8  maxlength=9  class=\"upme-input required\" name=\"dni\" id=\"dni\" value=\"\"  title=\"DNI\" \/><div class=\"upme-hide-from-public\">\r\n                    <i class=\"upme-icon upme-icon-square-o\"><\/i>Hide from Public\r\n                    <input type=\"hidden\" name=\"hide_dni\" id=\"hide_dni\" value=\"\" \/>\r\n                    <\/div><\/div><\/div><div class=\"upme-clear\"><\/div><div  class=\"upme-field upme-separator  upme-edit upme-edit-show upme-clearfix upme-collapsible-separator \">Informaci\u00f3n de Contacto<span id=\"upme-separator-icon-informaci\u00f3n_de_contacto_separator\" class=\"upme-icon upme-separator-collapse-icon upme-icon-arrow-up\">&nbsp;<\/span><\/div><div class=\"upme-field upme-register-text upme-edit upme-edit-show \"><label class=\"upme-field-type\" for=\"user_telf\"><i class=\"upme-icon upme-icon-phone\"><\/i><span>Tel\u00e9fono de contacto<\/span><span class=\"upme-required\">&nbsp;*<\/span><\/label><div class=\"upme-field-value\"><input type=\"text\"  class=\"upme-input required\" name=\"user_telf\" id=\"user_telf\" value=\"\"  title=\"Tel\u00e9fono de contacto\" \/><\/div><\/div><div class=\"upme-clear\"><\/div><div class=\"upme-field upme-register-text upme-edit upme-edit-show \"><label class=\"upme-field-type\" for=\"user_puesto_trabajo\"><i class=\"upme-icon upme-icon-medkit\"><\/i><span>Puesto de Trabajo (m\u00e9dico\/enfermera...)<\/span><span class=\"upme-required\">&nbsp;*<\/span><\/label><div class=\"upme-field-value\"><input type=\"text\"  class=\"upme-input required\" name=\"user_puesto_trabajo\" id=\"user_puesto_trabajo\" value=\"\"  title=\"Puesto de Trabajo (m\u00e9dico\/enfermera...)\" \/><div class=\"upme-hide-from-public\">\r\n                    <i class=\"upme-icon upme-icon-square-o\"><\/i>Hide from Public\r\n                    <input type=\"hidden\" name=\"hide_user_puesto_trabajo\" id=\"hide_user_puesto_trabajo\" value=\"\" \/>\r\n                    <\/div><\/div><\/div><div class=\"upme-clear\"><\/div><div class=\"upme-field upme-register-text upme-edit upme-edit-show \"><label class=\"upme-field-type\" for=\"user_hospital\"><i class=\"upme-icon upme-icon-home\"><\/i><span>Hospital \/ ambulatorio de trabajo<\/span><span class=\"upme-required\">&nbsp;*<\/span><\/label><div class=\"upme-field-value\"><input type=\"text\"  class=\"upme-input required\" name=\"user_hospital\" id=\"user_hospital\" value=\"\"  title=\"Hospital \/ ambulatorio de trabajo\" \/><div class=\"upme-hide-from-public\">\r\n                    <i class=\"upme-icon upme-icon-square-o\"><\/i>Hide from Public\r\n                    <input type=\"hidden\" name=\"hide_user_hospital\" id=\"hide_user_hospital\" value=\"\" \/>\r\n                    <\/div><\/div><\/div><div class=\"upme-clear\"><\/div><div class=\"upme-field upme-register-text upme-edit upme-edit-show \"><label class=\"upme-field-type\" for=\"email_osakidetza\"><i class=\"upme-icon upme-icon-envelope\"><\/i><span>Email (el de Osakidetza)<\/span><\/label><div class=\"upme-field-value\"><input type=\"text\"  class=\"upme-input\" name=\"email_osakidetza\" id=\"email_osakidetza\" value=\"\"  title=\"Email (el de Osakidetza)\" \/><div class=\"upme-hide-from-public\">\r\n                    <i class=\"upme-icon upme-icon-square-o\"><\/i>Hide from Public\r\n                    <input type=\"hidden\" name=\"hide_email_osakidetza\" id=\"hide_email_osakidetza\" value=\"\" \/>\r\n                    <\/div><\/div><\/div><div class=\"upme-clear\"><\/div><input type=\"hidden\" name=\"no_captcha\" value=\"yes\" \/><div class=\"upme-field upme-edit upme-edit-show\">\r\n            <label class=\"upme-field-type upme-field-type-\">&nbsp;<\/label>\r\n            <div class=\"upme-field-value\"><input type=\"hidden\" name=\"upme-register-form-name\" value=\"y3NAWDk2cDhP\" \/>\r\n                         <input type=\"hidden\" name=\"upme-hidden-register-form-name-hash\" value=\"b82418b91d7f2b0a8fc4f9a3fdd1976a1a71b96862a7d958f5db5c6eddb98a48\" \/>\r\n                         <input type=\"hidden\" name=\"upme-register-form\" value=\"upme-register-form\" \/>\r\n                         <button type=\"submit\" name=\"upme-register\" id=\"upme-register\" class=\"upme-button\" >Erregistroa<i class=\"upme-ajax-loading-icon upme-icon upme-icon-refresh upme-icon-spin\"><\/i><\/button><\/div>\r\n            <\/div><div class=\"upme-clear\"><\/div><\/form>\n        <\/div>\n\n        <!-- UPME Filters for after registration fields section -->\n        <div align=\"center\" style=\"margin:10px\"><div align=\"center\" class=\"upme-social-header\" ><\/div><\/div><div class=\"upme-clear\"><\/div>        <!-- End Filters -->\n\n    <\/div>\n<\/div>\n\n\n","protected":false},"excerpt":{"rendered":"<p>Requisitos Podr\u00e1n formar parte de SEDyNE\u00a0todas aquellas personas f\u00edsicas que se identifiquen con los fines de la misma y que se encuentren vinculados con el \u00e1mbito sanitario en todas sus facetas. La admisi\u00f3n de socios ser\u00e1 inmediata siempre que se cumplan las condiciones previstas en los Estatutos y ratificada posteriormente por la Junta Directiva. Sin [&hellip;]<\/p>\n","protected":false},"author":120,"featured_media":0,"parent":0,"menu_order":0,"comment_status":"closed","ping_status":"closed","template":"","meta":{"footnotes":""},"class_list":["post-191","page","type-page","status-publish","hentry"],"_links":{"self":[{"href":"https:\/\/www.sedyne.es\/eu\/wp-json\/wp\/v2\/pages\/191","targetHints":{"allow":["GET"]}}],"collection":[{"href":"https:\/\/www.sedyne.es\/eu\/wp-json\/wp\/v2\/pages"}],"about":[{"href":"https:\/\/www.sedyne.es\/eu\/wp-json\/wp\/v2\/types\/page"}],"author":[{"embeddable":true,"href":"https:\/\/www.sedyne.es\/eu\/wp-json\/wp\/v2\/users\/120"}],"replies":[{"embeddable":true,"href":"https:\/\/www.sedyne.es\/eu\/wp-json\/wp\/v2\/comments?post=191"}],"version-history":[{"count":1,"href":"https:\/\/www.sedyne.es\/eu\/wp-json\/wp\/v2\/pages\/191\/revisions"}],"predecessor-version":[{"id":192,"href":"https:\/\/www.sedyne.es\/eu\/wp-json\/wp\/v2\/pages\/191\/revisions\/192"}],"wp:attachment":[{"href":"https:\/\/www.sedyne.es\/eu\/wp-json\/wp\/v2\/media?parent=191"}],"curies":[{"name":"wp","href":"https:\/\/api.w.org\/{rel}","templated":true}]}}