{"id":3447,"date":"2025-10-13T17:28:29","date_gmt":"2025-10-13T16:28:29","guid":{"rendered":"https:\/\/www.sedyne.es\/?page_id=3447"},"modified":"2025-12-11T14:15:42","modified_gmt":"2025-12-11T13:15:42","slug":"komunikazioak","status":"publish","type":"page","link":"https:\/\/www.sedyne.es\/eu\/biltzarra\/biltzarra-2025\/komunikazioak\/","title":{"rendered":"Komunikazioak 2025"},"content":{"rendered":"<p><strong>Komunikazioak Biltzarrean AURKEZTEKO arauak:<\/strong><br \/>\n<strong><br \/>\n<\/strong>Hizlariak 10 minutu izango ditu komunikazio bakoitza defendatzeko:\u00a07 minutu aurkezteko eta 3\u00a0galderak egiteko<\/p>\n<hr \/>\n<p><strong>ORDUTEGIA ETA ARETOA:<\/strong><br \/>\n<span style=\"color: #000000;\">12:50 &#8211; 14:00.\u00a0<\/span>Aldi beran\u00a0Maria de Maeztu eta Barandiaran aretoetan.<\/p>\n<p><strong>Gogoratu aldez aurretik zure komunikazioa dagokion gelako ordenagailuan kargatuta izatea, mesedez. Hitzaldiak hasi aurretik eta kafe-etenaldian egin dezakezu.<\/strong><\/p>\n<p><strong><span style=\"color: #339966;\">12:50 &#8211; 14:00 h.\u00a0 Maria de Maeztu<\/span><\/strong><br \/>\n<strong>Ahozko Komunikazioak. Mahaia 1<\/strong><\/p>\n<p><strong>Moderatzaileak:<\/strong><br \/>\n<strong><span style=\"color: #3366ff;\">Estela Elias Mart\u00ednez doktorea.<\/span>\u00a0<\/strong>Bidasoko Ospitalea.<strong><br \/>\n<span style=\"color: #3366ff;\">Mar\u00eda Magdalena Arteaga Ossa doktorea.<\/span>\u00a0<\/strong>Debagoieneko Ospitalea.<\/p>\n<table width=\"564\">\n<tbody>\n<tr>\n<td width=\"37\"><\/td>\n<td width=\"416\"><strong><em>Izenburua<\/em><\/strong><\/td>\n<\/tr>\n<tr>\n<td width=\"37\">1<\/td>\n<td width=\"416\">\u00bfREALMENTE LOS CRITERIOS ECOGR\u00c1FICOS DE EU-TIRAD<sub>S<\/sub>\u00a02023 SUPONEN UN AVANCE RESPECTO A LOS CRITERIOS ACR-TIRAD<sub>S<\/sub>?<\/td>\n<\/tr>\n<tr>\n<td width=\"37\">2<\/td>\n<td width=\"416\">IMPLANTACION DEL CRIBADO NEONATAL DE HIPERPLASIA SUPRARRENAL CONGENITA EN EUSKADI.<\/td>\n<\/tr>\n<tr>\n<td width=\"37\">\u00a03<\/td>\n<td width=\"416\">AN\u00c1LISIS DE CARACTER\u00cdSTICAS CL\u00cdNICAS Y PRON\u00d3STICAS EN PACIENTES CON CARCINOMA ADRENOCORTICAL: ESTUDIO RETROSPECTIVO EN EL HOSPITAL UNIVERSITARIO CRUCES.<\/td>\n<\/tr>\n<tr>\n<td width=\"37\">4<\/td>\n<td width=\"416\">RESPUESTA AL TRATAMIENTO CON AGONISTAS DOPAMIN\u00c9RGICOS EN UNA SERIE DE PROLACTINOMAS TRATADOS EN LA CONSULTA MONOGR\u00c1FICA DE PATOLOG\u00cdA HIPOT\u00c1LAMO HIPOFISARIA.<\/td>\n<\/tr>\n<tr>\n<td width=\"37\">\u00a05<\/td>\n<td width=\"416\">ADENOPAT\u00cdA LATEROCERVICAL COMO PRESENTACI\u00d3N DEL CARCINOMA DIFERENCIADO DE TIROIDES (CDT), \u00bfPEOR QUE SU DETECCI\u00d3N TRAS EL CDT?<\/td>\n<\/tr>\n<tr>\n<td width=\"37\">6<\/td>\n<td width=\"416\">MANEJO DE LOS N\u00d3DULOS TIROIDEOS BETHESDA III Y IV DE LA OSI BARRUALDE-GALDAKAO Y EVALUACI\u00d3N DE LAS CARACTER\u00cdSTICAS ECOGR\u00c1FICAS Y RESULTADOS HISTOL\u00d3GICOS DE LOS INTERVENIDOS.<\/td>\n<\/tr>\n<tr>\n<td width=\"37\">7<\/td>\n<td width=\"416\">TRATAMIENTO CON ABLACI\u00d3N POR RADIOFRECUENCIA DE ADENOPAT\u00cdAS METAST\u00c1SICAS CERVICALES EN C\u00c1NCER DIFERENCIADO DE TIROIDES: EXPERIENCIA EN EL HOSPITAL UNIVERSITARIO DONOSTIA.<\/td>\n<\/tr>\n<\/tbody>\n<\/table>\n<p style=\"text-align: center;\">____________<\/p>\n<p><span style=\"color: #ff6600;\"><strong>12:50 &#8211; 14:00 h.\u00a0\u00a0<\/strong><strong>Barandairan Aretoa<\/strong><\/span><br \/>\n<em><strong>Ahozko Komunikazioak. Mahaia 2<\/strong><\/em><\/p>\n<p><strong>Moderatzaileak:<\/strong><br \/>\n<strong><span style=\"color: #3366ff;\">Miren Badiola Molinuevo\u00a0doktorea.<\/span>\u00a0<\/strong>Galdakao-Usansoloko Unibertsitate Ospitalea.<br \/>\n<strong><span style=\"color: #3366ff;\">Leire Garaizabal Azkue doktorea.<\/span>\u00a0<\/strong>Mendaroko\u00a0Unibertsitate Ospitalea.<\/p>\n<table width=\"453\">\n<tbody>\n<tr>\n<td width=\"35\"><\/td>\n<td width=\"419\"><strong><em>Izenburua<\/em><\/strong><\/td>\n<\/tr>\n<tr>\n<td width=\"35\">1<\/td>\n<td width=\"419\">ESTUDIO GEN\u00c9TICO EN FEOCROMOCITOMAS.<\/td>\n<\/tr>\n<tr>\n<td width=\"35\">2<\/td>\n<td width=\"419\">EVALUACI\u00d3N DE UNA INTERVENCI\u00d3N EDUCATIVA A ENFERMER\u00cdA EN ATENCION PRIMARIA Y HOSPITALIZACI\u00d3N PARA ACTUALIZAR, MEJORAR Y UNIFICAR CRITERIOS EDUCATIVOS AL PACIENTE INSULINIZADO<\/td>\n<\/tr>\n<tr>\n<td width=\"35\">3<\/td>\n<td width=\"419\">PROGRAMAS DE EDUCACI\u00d3N TERAPU\u00c9TICA EN LAS CONSULTAS DE ENFERMER\u00cdA EN EL SERVICIO DE ENDOCRINOLOG\u00cdA.<\/td>\n<\/tr>\n<tr>\n<td width=\"35\">4<\/td>\n<td width=\"419\">REVISION DEL USO DE TEDUGLUTIDE EN PACIENTES ADULTOS DEL PAIS VASCO CON NUTRICION PARENTERAL DOMICILIARIA.<\/td>\n<\/tr>\n<tr>\n<td width=\"35\">5<\/td>\n<td width=\"419\">REGISTRO DE NUTRICI\u00d3N PARENTERAL DOMICILIARIA EN EL H. U. CRUCES: 19 A\u00d1OS DE HISTORIA.<\/td>\n<\/tr>\n<tr>\n<td width=\"35\">6<\/td>\n<td width=\"419\">\u00a0CIRUG\u00cdA BARI\u00c1TRICA: AN\u00c1LISIS DE RESULTADOS DEL HUA<\/td>\n<\/tr>\n<tr>\n<td width=\"35\">7<\/td>\n<td width=\"419\">RESOLUCI\u00d3N DE AMENORREA EN PACIENTES CON TRASTORNOS DE LA CONDUCTA ALIMENTARIA (TCA): FACTORES PREDICTORES<\/td>\n<\/tr>\n<\/tbody>\n<\/table>\n<p style=\"text-align: center;\">____________<\/p>\n<p><strong>Idazkaritza<br \/>\n<\/strong>Tisa Congresos &#8211; Tel. \u00a0944 243 997\u00a0<a href=\"mailto:sedyne@tisasa.es\">sedyne@tisasa.es<\/a><\/p>\n<p style=\"text-align: center;\">____________<\/p>\n","protected":false},"excerpt":{"rendered":"<p>Komunikazioak Biltzarrean AURKEZTEKO arauak: Hizlariak 10 minutu izango ditu komunikazio bakoitza defendatzeko:\u00a07 minutu aurkezteko eta 3\u00a0galderak egiteko ORDUTEGIA ETA ARETOA: 12:50 &#8211; 14:00.\u00a0Aldi beran\u00a0Maria de Maeztu eta Barandiaran aretoetan. Gogoratu aldez aurretik zure komunikazioa dagokion gelako ordenagailuan kargatuta izatea, mesedez. Hitzaldiak hasi aurretik eta kafe-etenaldian egin dezakezu. 12:50 &#8211; 14:00 h.\u00a0 Maria de Maeztu Ahozko [&hellip;]<\/p>\n","protected":false},"author":120,"featured_media":0,"parent":3433,"menu_order":4,"comment_status":"closed","ping_status":"closed","template":"","meta":{"footnotes":""},"class_list":["post-3447","page","type-page","status-publish","hentry"],"_links":{"self":[{"href":"https:\/\/www.sedyne.es\/eu\/wp-json\/wp\/v2\/pages\/3447","targetHints":{"allow":["GET"]}}],"collection":[{"href":"https:\/\/www.sedyne.es\/eu\/wp-json\/wp\/v2\/pages"}],"about":[{"href":"https:\/\/www.sedyne.es\/eu\/wp-json\/wp\/v2\/types\/page"}],"author":[{"embeddable":true,"href":"https:\/\/www.sedyne.es\/eu\/wp-json\/wp\/v2\/users\/120"}],"replies":[{"embeddable":true,"href":"https:\/\/www.sedyne.es\/eu\/wp-json\/wp\/v2\/comments?post=3447"}],"version-history":[{"count":4,"href":"https:\/\/www.sedyne.es\/eu\/wp-json\/wp\/v2\/pages\/3447\/revisions"}],"predecessor-version":[{"id":3607,"href":"https:\/\/www.sedyne.es\/eu\/wp-json\/wp\/v2\/pages\/3447\/revisions\/3607"}],"up":[{"embeddable":true,"href":"https:\/\/www.sedyne.es\/eu\/wp-json\/wp\/v2\/pages\/3433"}],"wp:attachment":[{"href":"https:\/\/www.sedyne.es\/eu\/wp-json\/wp\/v2\/media?parent=3447"}],"curies":[{"name":"wp","href":"https:\/\/api.w.org\/{rel}","templated":true}]}}